{"id":743458,"date":"2025-08-28T01:35:16","date_gmt":"2025-08-27T22:35:16","guid":{"rendered":"https:\/\/roveyayinevi.com.tr\/index.php\/urun\/tren-raylari\/"},"modified":"2026-04-16T02:54:46","modified_gmt":"2026-04-15T23:54:46","slug":"tren-raylari","status":"publish","type":"product","link":"https:\/\/roveyayinevi.com.tr\/index.php\/urun\/tren-raylari\/","title":{"rendered":"Tren Raylar\u0131"},"content":{"rendered":"<p>Tren Raylar\u0131, end\u00fcstriyelden metafizi\u011fe, k\u00fcreselle\u015fmenin tektonik sars\u0131nt\u0131lar\u0131ndan haf\u0131zan\u0131n i\u00e7sel nabz\u0131na ve \u015fimdiden ge\u00e7mi\u015fe uzanan capcanl\u0131 bir metin. John Berger ve Anne Michaels aras\u0131nda a\u015fk ve kay\u0131plar \u00fczerine derin ve ke\u015fif\u00e7i bir meditasyon olarak tan\u0131mlayabilece\u011fimiz bu diyaloglara Tereza Stehl\u00edkov\u00e1\u2019n\u0131n trenden \u00e7ekti\u011fi G\u00fcney Bohemya\u2019n\u0131n orman ve k\u0131\u015f manzaralar\u0131 e\u015flik ediyor. Foto\u011fraflarla atmosferik ge\u00e7i\u015fin sa\u011fland\u0131\u011f\u0131 bu samimi anlat\u0131 ayn\u0131 zamanda \u00fc\u00e7 b\u00fcy\u00fck sanat\u00e7\u0131n\u0131n bir araya geldi\u011fi bir tan\u0131kl\u0131k sunuyor. <\/p>\n","protected":false},"excerpt":{"rendered":"<p>Tren Raylar\u0131, end\u00fcstriyelden metafizi\u011fe, k\u00fcreselle\u015fmenin tektonik sars\u0131nt\u0131lar\u0131ndan haf\u0131zan\u0131n i\u00e7sel nabz\u0131na ve \u015fimdiden ge\u00e7mi\u015fe uzanan capcanl\u0131 bir metin. John Berger ve Anne Michaels aras\u0131nda a\u015fk ve kay\u0131plar<span class=\"excerpt-hellip\"> [\u2026]<\/span><\/p>\n","protected":false},"featured_media":0,"template":"","meta":{"_monsterinsights_skip_tracking":false,"_monsterinsights_sitenote_active":false,"_monsterinsights_sitenote_note":"","_monsterinsights_sitenote_category":0},"product_brand":[],"product_cat":[12777,12291],"product_tag":[],"class_list":{"0":"post-743458","1":"product","2":"type-product","3":"status-publish","5":"product_cat-deneme","6":"product_cat-edebiyat","7":"pa_cilt-ciltsiz","8":"pa_tur-kitap","9":"pa_yayinevi-ketebe-yayinlari","10":"pa_yazar-john-berger-anne-michaels","12":"first","13":"instock","14":"sale","15":"shipping-taxable","16":"purchasable","17":"product-type-simple"},"_links":{"self":[{"href":"https:\/\/roveyayinevi.com.tr\/index.php\/wp-json\/wp\/v2\/product\/743458","targetHints":{"allow":["GET"]}}],"collection":[{"href":"https:\/\/roveyayinevi.com.tr\/index.php\/wp-json\/wp\/v2\/product"}],"about":[{"href":"https:\/\/roveyayinevi.com.tr\/index.php\/wp-json\/wp\/v2\/types\/product"}],"wp:attachment":[{"href":"https:\/\/roveyayinevi.com.tr\/index.php\/wp-json\/wp\/v2\/media?parent=743458"}],"wp:term":[{"taxonomy":"product_brand","embeddable":true,"href":"https:\/\/roveyayinevi.com.tr\/index.php\/wp-json\/wp\/v2\/product_brand?post=743458"},{"taxonomy":"product_cat","embeddable":true,"href":"https:\/\/roveyayinevi.com.tr\/index.php\/wp-json\/wp\/v2\/product_cat?post=743458"},{"taxonomy":"product_tag","embeddable":true,"href":"https:\/\/roveyayinevi.com.tr\/index.php\/wp-json\/wp\/v2\/product_tag?post=743458"}],"curies":[{"name":"wp","href":"https:\/\/api.w.org\/{rel}","templated":true}]}}