{"id":743456,"date":"2025-08-28T01:35:13","date_gmt":"2025-08-27T22:35:13","guid":{"rendered":"https:\/\/roveyayinevi.com.tr\/index.php\/urun\/kizil-suvariler\/"},"modified":"2026-04-16T02:54:46","modified_gmt":"2026-04-15T23:54:46","slug":"kizil-suvariler","status":"publish","type":"product","link":"https:\/\/roveyayinevi.com.tr\/index.php\/urun\/kizil-suvariler\/","title":{"rendered":"K\u0131z\u0131l S\u00fcvariler"},"content":{"rendered":"<p>Sovyet edebiyat\u0131n\u0131n en b\u00fcy\u00fck temsilcilerinden biri olarak kabul edilen \u0130zak Babel\u2019in \u00f6yk\u00fcleri, okuruna incelikli bir mizah sunar. Babel \u00f6yk\u00fclerinde ne\u015fe ve keder, kara mizah\u0131n tekinsiz avlusunda birlikte y\u00fcr\u00fcr. \u00d6te yandan onun karakterleri daima trajik olan\u0131n k\u0131y\u0131s\u0131nda durur ve terazinin kefesi hep biraz kederden yanad\u0131r. Binazir Ha\u015fimzade\u2019nin titiz \u00e7evirisiyle Rus\u00e7a asl\u0131ndan T\u00fcrk\u00e7eye aktar\u0131lan bu k\u00fclliyat, onun ba\u015fta \u015faheserleri K\u0131z\u0131l S\u00fcvariler ve Odessa \u00d6yk\u00fcleri olmak \u00fczere b\u00fct\u00fcn \u00f6yk\u00fclerini i\u00e7eriyor. Okurlar, onun \u00f6yk\u00fclerinin g\u00f6rkemine kendilerini kapt\u0131rd\u0131\u011f\u0131nda, sa\u011fl\u0131\u011f\u0131nda kendisine y\u00f6neltilen haks\u0131z ele\u015ftiriler kar\u015f\u0131s\u0131nda Babel\u2019in neden s\u00fcrekli \u201csusmaktaki ustal\u0131\u011f\u0131n\u0131\u201d vurgulad\u0131\u011f\u0131n\u0131 anlayacakt\u0131r. <\/p>\n","protected":false},"excerpt":{"rendered":"<p>Sovyet edebiyat\u0131n\u0131n en b\u00fcy\u00fck temsilcilerinden biri olarak kabul edilen \u0130zak Babel\u2019in \u00f6yk\u00fcleri, okuruna incelikli bir mizah sunar. Babel \u00f6yk\u00fclerinde ne\u015fe ve keder, kara mizah\u0131n tekinsiz avlusunda<span class=\"excerpt-hellip\"> [\u2026]<\/span><\/p>\n","protected":false},"featured_media":0,"template":"","meta":{"_monsterinsights_skip_tracking":false,"_monsterinsights_sitenote_active":false,"_monsterinsights_sitenote_note":"","_monsterinsights_sitenote_category":0},"product_brand":[],"product_cat":[12291,12711],"product_tag":[],"class_list":{"0":"post-743456","1":"product","2":"type-product","3":"status-publish","5":"product_cat-edebiyat","6":"product_cat-roman-oyku","7":"pa_cilt-ciltsiz","8":"pa_tur-kitap","9":"pa_yayinevi-ketebe-yayinlari","10":"pa_yazar-izak-babel","12":"first","13":"instock","14":"sale","15":"shipping-taxable","16":"purchasable","17":"product-type-simple"},"_links":{"self":[{"href":"https:\/\/roveyayinevi.com.tr\/index.php\/wp-json\/wp\/v2\/product\/743456","targetHints":{"allow":["GET"]}}],"collection":[{"href":"https:\/\/roveyayinevi.com.tr\/index.php\/wp-json\/wp\/v2\/product"}],"about":[{"href":"https:\/\/roveyayinevi.com.tr\/index.php\/wp-json\/wp\/v2\/types\/product"}],"wp:attachment":[{"href":"https:\/\/roveyayinevi.com.tr\/index.php\/wp-json\/wp\/v2\/media?parent=743456"}],"wp:term":[{"taxonomy":"product_brand","embeddable":true,"href":"https:\/\/roveyayinevi.com.tr\/index.php\/wp-json\/wp\/v2\/product_brand?post=743456"},{"taxonomy":"product_cat","embeddable":true,"href":"https:\/\/roveyayinevi.com.tr\/index.php\/wp-json\/wp\/v2\/product_cat?post=743456"},{"taxonomy":"product_tag","embeddable":true,"href":"https:\/\/roveyayinevi.com.tr\/index.php\/wp-json\/wp\/v2\/product_tag?post=743456"}],"curies":[{"name":"wp","href":"https:\/\/api.w.org\/{rel}","templated":true}]}}