{"id":743455,"date":"2025-08-28T01:35:13","date_gmt":"2025-08-27T22:35:13","guid":{"rendered":"https:\/\/roveyayinevi.com.tr\/index.php\/urun\/heideggerin-dunyasi\/"},"modified":"2026-04-16T02:54:45","modified_gmt":"2026-04-15T23:54:45","slug":"heideggerin-dunyasi","status":"publish","type":"product","link":"https:\/\/roveyayinevi.com.tr\/index.php\/urun\/heideggerin-dunyasi\/","title":{"rendered":"Heidegger&#8217;in D\u00fcnya&#8217;s\u0131"},"content":{"rendered":"<p>Heidegger Varl\u0131k ve Zaman\u2019da \u00f6zne ve nesne, dolay\u0131s\u0131yla da ben ve d\u00fcnya dikotomisini a\u015fmaya \u00e7al\u0131\u015farak, d\u00fcnyaya dair bilindik anlamda ne nesnel ne de \u00f6znel olmayan egzistansiyal bir tasavvur geli\u015ftirmi\u015f ve bu surette felsefe gelene\u011finin \u201cParmenides\u2019ten beri \u00fcst\u00fcnden atlam\u0131\u015f oldu\u011fu\u201d d\u00fcnya fenomenini yepyeni bir \u0131\u015f\u0131k alt\u0131nda analiz etmi\u015ftir. Sonu\u00e7ta, d\u00fcnya-da-olma, f\u0131rlat\u0131lm\u0131\u015fl\u0131k ile \u00f6l\u00fcm aras\u0131nda var olan Dasein\u2019\u0131n \u00f6zsel varl\u0131k karakterini olu\u015fturur. Buna g\u00f6re, yaln\u0131z Dasein\u2019\u0131n d\u00fcnyas\u0131 vard\u0131r, giderek Dasein d\u00fcnyas\u0131d\u0131r. Heidegger bu ba\u015fyap\u0131t\u0131nda d\u00fcnyay\u0131 ve Dasein\u2019\u0131 iki ayr\u0131 varolan olarak ele alma e\u011filiminde olan felsefe gelene\u011finin hilaf\u0131na, bunlar\u0131n k\u00f6kensel olarak birlikli bir yap\u0131 arz etti\u011fi \u00fczerinde \u0131srarla durmu\u015ftur. Nitekim onun d\u00fcnya-da-olma form\u00fclasyonu, insan varl\u0131\u011f\u0131 olarak Dasein\u2019\u0131, s\u00f6zgelimi bir Kartezyen tasavvurda oldu\u011fu gibi, d\u00fcnyan\u0131n kar\u015f\u0131s\u0131nda yer alan bir varolan olarak de\u011fil de, bilakis d\u00fcnyaya dald\u0131r\u0131lm\u0131\u015f ve onunla hemhal vaziyette bir varolan olarak tasvir etmi\u015ftir. Heidegger\u2019in \u2018D\u00fcnya\u2019s\u0131, Varl\u0131k ve Zaman\u2019da d\u00fcnya kavram\u0131na ve dolay\u0131s\u0131yla d\u00fcnya-da-olma\u2019n\u0131n anlam\u0131na odaklanan bir k\u0131s\u0131m analizleri \u00f6ne \u00e7\u0131kar\u0131p yorumlamay\u0131 ve bu surette Heidegger\u2019in \u2018d\u00fcnya\u2019s\u0131na n\u00fcfuz etmeyi ama\u00e7l\u0131yor. Varl\u0131k ve Zaman\u2019daki \u00a7 14\u2019den \u00a7 27\u2019ye kadarki k\u0131sm\u0131n kapsaml\u0131 ve ayr\u0131nt\u0131l\u0131 bir \u015ferhini sunan bu \u00e7al\u0131\u015fma, d\u00fcnya kavram\u0131n\u0131n ve ona ili\u015fkin meselelerin Dasein analiti\u011finde tuttuklar\u0131 merkezi yer ve \u00f6nem g\u00f6z \u00f6n\u00fcnde bulunduruldu\u011funda, bu ba\u015fyap\u0131ta bir nevi giri\u015f olarak da okunabilir pek\u00e2l\u00e2. <\/p>\n","protected":false},"excerpt":{"rendered":"<p>Heidegger Varl\u0131k ve Zaman\u2019da \u00f6zne ve nesne, dolay\u0131s\u0131yla da ben ve d\u00fcnya dikotomisini a\u015fmaya \u00e7al\u0131\u015farak, d\u00fcnyaya dair bilindik anlamda ne nesnel ne de \u00f6znel olmayan egzistansiyal<span class=\"excerpt-hellip\"> [\u2026]<\/span><\/p>\n","protected":false},"featured_media":0,"template":"","meta":{"_monsterinsights_skip_tracking":false,"_monsterinsights_sitenote_active":false,"_monsterinsights_sitenote_note":"","_monsterinsights_sitenote_category":0},"product_brand":[],"product_cat":[12388,26788],"product_tag":[],"class_list":{"0":"post-743455","1":"product","2":"type-product","3":"status-publish","5":"product_cat-felsefe","6":"product_cat-filozoflar","7":"pa_cilt-ciltsiz","8":"pa_tur-kitap","9":"pa_yayinevi-ketebe-yayinlari","10":"pa_yazar-ozkan-gozel","12":"first","13":"instock","14":"sale","15":"shipping-taxable","16":"purchasable","17":"product-type-simple"},"_links":{"self":[{"href":"https:\/\/roveyayinevi.com.tr\/index.php\/wp-json\/wp\/v2\/product\/743455","targetHints":{"allow":["GET"]}}],"collection":[{"href":"https:\/\/roveyayinevi.com.tr\/index.php\/wp-json\/wp\/v2\/product"}],"about":[{"href":"https:\/\/roveyayinevi.com.tr\/index.php\/wp-json\/wp\/v2\/types\/product"}],"wp:attachment":[{"href":"https:\/\/roveyayinevi.com.tr\/index.php\/wp-json\/wp\/v2\/media?parent=743455"}],"wp:term":[{"taxonomy":"product_brand","embeddable":true,"href":"https:\/\/roveyayinevi.com.tr\/index.php\/wp-json\/wp\/v2\/product_brand?post=743455"},{"taxonomy":"product_cat","embeddable":true,"href":"https:\/\/roveyayinevi.com.tr\/index.php\/wp-json\/wp\/v2\/product_cat?post=743455"},{"taxonomy":"product_tag","embeddable":true,"href":"https:\/\/roveyayinevi.com.tr\/index.php\/wp-json\/wp\/v2\/product_tag?post=743455"}],"curies":[{"name":"wp","href":"https:\/\/api.w.org\/{rel}","templated":true}]}}