{"id":743454,"date":"2025-08-28T01:35:12","date_gmt":"2025-08-27T22:35:12","guid":{"rendered":"https:\/\/roveyayinevi.com.tr\/index.php\/urun\/yapay-zeka-miti\/"},"modified":"2026-04-13T03:01:37","modified_gmt":"2026-04-13T00:01:37","slug":"yapay-zeka-miti","status":"publish","type":"product","link":"https:\/\/roveyayinevi.com.tr\/index.php\/urun\/yapay-zeka-miti\/","title":{"rendered":"Yapay Zeka Miti"},"content":{"rendered":"<p>\u201cDuru dili ve \u00f6\u011fretici bilgileriyle, yapay zek\u00e2n\u0131n tarihinden, s\u00fcperzeki makinelerin yolda oldu\u011fu kehanetlerine kadar, didiklenmedik konu b\u0131rakmayan muhte\u015fem bir kitap bu.\u201d Oren Etzioni Allen Yapay Zek\u00e2 Enstit\u00fcs\u00fc\u2019n\u00fcn CEO\u2019su   \u201cYapay zek\u00e2 nedir, ne de\u011fildir ger\u00e7ekten \u00f6\u011frenmek istiyorsan\u0131z bu kitab\u0131 mutlak okuyun derim. Gelece\u011fin yapay zek\u00e2s\u0131na duyulan hayranl\u0131\u011f\u0131n bug\u00fcn her t\u00fcrl\u00fc ilerleme i\u00e7in sahip oldu\u011fumuz tek kayna\u011f\u0131n, yani insan zek\u00e2s\u0131n\u0131n k\u00fc\u00e7\u00fcmsemesine neden oldu\u011funda, ilerlemeyi nas\u0131l engelleyebilece\u011fini g\u00f6zler \u00f6n\u00fcne seriyor.\u201d Peter Thiel   \u201cKurzweil\u2019in abart\u0131l\u0131 vaatlerinin bug\u00fcne kadarki en sa\u011flam reddiyesi. Teknoloji d\u00fc\u015fmanl\u0131\u011f\u0131 yapmadan, ger\u00e7ek yapay zek\u00e2 \u00e7al\u0131\u015fmalar\u0131 ile ham hayalleri birbirinden itinayla ay\u0131r\u0131yor. Ufuk a\u00e7\u0131c\u0131 bir kitap ve zamanlamas\u0131 harika.\u201d  William A. Dembski, Evolution News     Yapay zek\u00e2, hayat\u0131m\u0131z\u0131n ayr\u0131lmaz bir par\u00e7as\u0131 h\u00e2line geldi. Zeki makineler k\u00e2h cebimizdeki telefonun akl\u0131 oluyor, k\u00e2h hekim olup hastalara te\u015fhis koyuyor, k\u00e2h satran\u00e7 oynay\u0131p insan rakiplerini mat ediyor, bazen de terc\u00fcmanl\u0131\u011f\u0131m\u0131za soyunuyor. Yine de yapay zek\u00e2 \u00e7al\u0131\u015fmalar\u0131n\u0131n \u2018tekinsiz\u2019 gelece\u011fi, insanl\u0131\u011f\u0131 heyecanland\u0131rman\u0131n yan\u0131 s\u0131ra \u00fcrk\u00fct\u00fcyor. Ad\u0131 belli, kendi gizemli bu failin etraf\u0131nda, k\u0131yamet ve selamet senaryolar\u0131n\u0131n birbiriyle yar\u0131\u015ft\u0131\u011f\u0131 ve zaman zaman i\u00e7 i\u00e7e ge\u00e7ti\u011fi modern bir mitoloji \u015fekillendi. Yapay zek\u00e2 alan\u0131nda son y\u0131llar\u0131n en fazla ses getiren \u00e7al\u0131\u015fmalar\u0131ndan biri olan bu kitap, bu alanla ilgili abart\u0131l\u0131 iddialar\u0131n maskesini d\u00fc\u015f\u00fcr\u00fcyor. \u0130nsan seviyesinde bir yapay zek\u00e2n\u0131n geli\u015finin neden hep 10-20 y\u0131l ertelendi\u011fini izah ediyor. Bu alanda d\u00f6n\u00fcm noktas\u0131ym\u0131\u015f gibi sunulan kimi ba\u015far\u0131lar\u0131n perde arkas\u0131ndaki sahtek\u00e2rl\u0131klar\u0131, g\u00fcl\u00fcn\u00e7 olaylar\u0131 ve kopan g\u00fcr\u00fclt\u00fclerin sesini bast\u0131rd\u0131\u011f\u0131 ger\u00e7ek ba\u015far\u0131lar\u0131 te\u015fhir ediyor. Bu mitin insan k\u00fclt\u00fcr\u00fcne ve bilime, hatta yapay zek\u00e2 \u00e7al\u0131\u015fmalar\u0131na nas\u0131l zarar verdi\u011fini anlat\u0131yor. Okuru, Turing Testi\u2019nden do\u011fal dili anlamaya, \u00e7\u0131kar\u0131m sorunundan Sherlock Holmes ve Auguste Dupin\u2019in dedektiflik kabiliyetine, Grice\u2019\u0131n kar\u015f\u0131l\u0131kl\u0131 konu\u015fma ilkelerinden unutulmu\u015f d\u00e2hi Peirce\u2019\u0131n \u00e7al\u0131\u015fmalar\u0131na, bilim, teknoloji ve felsefenin kesi\u015fti\u011fi noktada, beyin g\u0131d\u0131klayan bir yolculu\u011fa \u00e7\u0131kar\u0131yor.<\/p>\n","protected":false},"excerpt":{"rendered":"<p>\u201cDuru dili ve \u00f6\u011fretici bilgileriyle, yapay zek\u00e2n\u0131n tarihinden, s\u00fcperzeki makinelerin yolda oldu\u011fu kehanetlerine kadar, didiklenmedik konu b\u0131rakmayan muhte\u015fem bir kitap bu.\u201d Oren Etzioni Allen Yapay Zek\u00e2<span class=\"excerpt-hellip\"> [\u2026]<\/span><\/p>\n","protected":false},"featured_media":0,"template":"","meta":{"_monsterinsights_skip_tracking":false,"_monsterinsights_sitenote_active":false,"_monsterinsights_sitenote_note":"","_monsterinsights_sitenote_category":0},"product_brand":[],"product_cat":[13005,13006],"product_tag":[],"class_list":{"0":"post-743454","1":"product","2":"type-product","3":"status-publish","5":"product_cat-bilim-muhendislik","6":"product_cat-populer-bilim","7":"pa_cilt-ciltsiz","8":"pa_tur-kitap","9":"pa_yayinevi-fol-kitap","10":"pa_yazar-erik-larson","12":"first","13":"instock","14":"sale","15":"shipping-taxable","16":"purchasable","17":"product-type-simple"},"_links":{"self":[{"href":"https:\/\/roveyayinevi.com.tr\/index.php\/wp-json\/wp\/v2\/product\/743454","targetHints":{"allow":["GET"]}}],"collection":[{"href":"https:\/\/roveyayinevi.com.tr\/index.php\/wp-json\/wp\/v2\/product"}],"about":[{"href":"https:\/\/roveyayinevi.com.tr\/index.php\/wp-json\/wp\/v2\/types\/product"}],"wp:attachment":[{"href":"https:\/\/roveyayinevi.com.tr\/index.php\/wp-json\/wp\/v2\/media?parent=743454"}],"wp:term":[{"taxonomy":"product_brand","embeddable":true,"href":"https:\/\/roveyayinevi.com.tr\/index.php\/wp-json\/wp\/v2\/product_brand?post=743454"},{"taxonomy":"product_cat","embeddable":true,"href":"https:\/\/roveyayinevi.com.tr\/index.php\/wp-json\/wp\/v2\/product_cat?post=743454"},{"taxonomy":"product_tag","embeddable":true,"href":"https:\/\/roveyayinevi.com.tr\/index.php\/wp-json\/wp\/v2\/product_tag?post=743454"}],"curies":[{"name":"wp","href":"https:\/\/api.w.org\/{rel}","templated":true}]}}