{"id":743453,"date":"2025-08-28T01:35:11","date_gmt":"2025-08-27T22:35:11","guid":{"rendered":"https:\/\/roveyayinevi.com.tr\/index.php\/urun\/donum-noktalariyla-fizik\/"},"modified":"2026-04-16T02:54:45","modified_gmt":"2026-04-15T23:54:45","slug":"donum-noktalariyla-fizik","status":"publish","type":"product","link":"https:\/\/roveyayinevi.com.tr\/index.php\/urun\/donum-noktalariyla-fizik\/","title":{"rendered":"D\u00f6n\u00fcm Noktalar\u0131yla Fizik"},"content":{"rendered":"<p>Her okuyucunun kolayca anlayabilece\u011fi \u015fekilde kaleme ald\u0131\u011f\u0131 \u00e7al\u0131\u015fmas\u0131nda Snedden, temel bilimlerin \u00f6z\u00fc olarak g\u00f6r\u00fclen fizi\u011fin tarihini inceliyor. Antik Yunan d\u00fc\u015f\u00fcn\u00fcrlerinin felsefe ve geometri \u00fczerine \u00e7al\u0131\u015fmalar\u0131ndan ba\u015flay\u0131p k\u00fctle\u00e7ekim, gezegensel hareket ve termodinamik yasalar\u0131n\u0131n ke\u015ffine ve kuantum mekani\u011finin tuhaf ama bir o kadar da harikulade d\u00fcnyas\u0131na kadar uzanan bu ayd\u0131nlat\u0131c\u0131 yolculukta, insan\u0131n evreni ve i\u015fleyi\u015fini anlama giri\u015fimleri zengin bir i\u00e7erikle okuyucuya aktar\u0131l\u0131yor.<\/p>\n","protected":false},"excerpt":{"rendered":"<p>Her okuyucunun kolayca anlayabilece\u011fi \u015fekilde kaleme ald\u0131\u011f\u0131 \u00e7al\u0131\u015fmas\u0131nda Snedden, temel bilimlerin \u00f6z\u00fc olarak g\u00f6r\u00fclen fizi\u011fin tarihini inceliyor. Antik Yunan d\u00fc\u015f\u00fcn\u00fcrlerinin felsefe ve geometri \u00fczerine \u00e7al\u0131\u015fmalar\u0131ndan ba\u015flay\u0131p<span class=\"excerpt-hellip\"> [\u2026]<\/span><\/p>\n","protected":false},"featured_media":0,"template":"","meta":{"_monsterinsights_skip_tracking":false,"_monsterinsights_sitenote_active":false,"_monsterinsights_sitenote_note":"","_monsterinsights_sitenote_category":0},"product_brand":[],"product_cat":[13005,13006],"product_tag":[],"class_list":{"0":"post-743453","1":"product","2":"type-product","3":"status-publish","5":"product_cat-bilim-muhendislik","6":"product_cat-populer-bilim","7":"pa_cilt-ciltsiz","8":"pa_tur-kitap","9":"pa_yayinevi-ketebe-yayinlari","10":"pa_yazar-robert-snedden","12":"first","13":"instock","14":"sale","15":"shipping-taxable","16":"purchasable","17":"product-type-simple"},"_links":{"self":[{"href":"https:\/\/roveyayinevi.com.tr\/index.php\/wp-json\/wp\/v2\/product\/743453","targetHints":{"allow":["GET"]}}],"collection":[{"href":"https:\/\/roveyayinevi.com.tr\/index.php\/wp-json\/wp\/v2\/product"}],"about":[{"href":"https:\/\/roveyayinevi.com.tr\/index.php\/wp-json\/wp\/v2\/types\/product"}],"wp:attachment":[{"href":"https:\/\/roveyayinevi.com.tr\/index.php\/wp-json\/wp\/v2\/media?parent=743453"}],"wp:term":[{"taxonomy":"product_brand","embeddable":true,"href":"https:\/\/roveyayinevi.com.tr\/index.php\/wp-json\/wp\/v2\/product_brand?post=743453"},{"taxonomy":"product_cat","embeddable":true,"href":"https:\/\/roveyayinevi.com.tr\/index.php\/wp-json\/wp\/v2\/product_cat?post=743453"},{"taxonomy":"product_tag","embeddable":true,"href":"https:\/\/roveyayinevi.com.tr\/index.php\/wp-json\/wp\/v2\/product_tag?post=743453"}],"curies":[{"name":"wp","href":"https:\/\/api.w.org\/{rel}","templated":true}]}}