{"id":743451,"date":"2025-08-28T01:35:09","date_gmt":"2025-08-27T22:35:09","guid":{"rendered":"https:\/\/roveyayinevi.com.tr\/index.php\/urun\/tanri-ozgurluk-ve-kotuluk\/"},"modified":"2026-04-16T02:54:45","modified_gmt":"2026-04-15T23:54:45","slug":"tanri-ozgurluk-ve-kotuluk","status":"publish","type":"product","link":"https:\/\/roveyayinevi.com.tr\/index.php\/urun\/tanri-ozgurluk-ve-kotuluk\/","title":{"rendered":"Tanr\u0131, \u00d6zg\u00fcrl\u00fck ve K\u00f6t\u00fcl\u00fck"},"content":{"rendered":"<p>&#8220;Alvin Plantinga&#8217;n\u0131n \u00e7\u0131\u011f\u0131r a\u00e7an yap\u0131t\u0131na zekice ve mant\u0131ksal bir giri\u015f&#8230;&#8221; Harry Gensler,  John Carroll \u00dcniversitesi   &#8220;[Analitik] din felsefesinde klasik bir yap\u0131t, son elli y\u0131lda k\u00f6t\u00fcl\u00fck sorunu \u00fczerine yaz\u0131lm\u0131\u015f en etkili metin.&#8221; Kevin Timpe, San Diego \u00dcniversitesi   &#8220;Genel okura y\u00f6nelik bu kitab\u0131 herkes anlayabilir; yeter ki okumakla yetinmeyip d\u00fc\u015f\u00fcnmeye de istekli olsunlar.&#8221; Stephen T. Davis, Claremont McKenna Koleji   \u00c7a\u011f\u0131m\u0131z\u0131n en \u00f6nemli analitik din felsefecilerinden Alvin Plantinga\u2019n\u0131n ba\u015fyap\u0131tlar\u0131 aras\u0131nda say\u0131lan bu metin, bir\u00e7ok teistik ve ateistik arg\u00fcman\u0131 ve de k\u00f6t\u00fcl\u00fck problemini ayr\u0131nt\u0131l\u0131 bir \u015fekilde ele almaktad\u0131r. Ateistler, k\u00f6t\u00fcl\u00fck probleminin Tanr\u0131\u2019n\u0131n varl\u0131\u011f\u0131 aleyhine en g\u00fc\u00e7l\u00fc arg\u00fcman oldu\u011fu konusunda h\u00e2l\u00e2 \u0131srarc\u0131lar. Felsefe tarihine bakt\u0131\u011f\u0131m\u0131zda da Epikuros\u2019tan Hume\u2019a ve yak\u0131n d\u00f6nemde Mackie\u2019ye kadar uzanan bir yelpazede \u00e7e\u015fitli d\u00fc\u015f\u00fcn\u00fcrler taraf\u0131ndan bu konuda bir\u00e7ok ele\u015ftirinin dile getirildi\u011fini g\u00f6rmek m\u00fcmk\u00fcn. Plantinga bu \u00e7al\u0131\u015fmas\u0131nda felsefe tarihinin en k\u00f6kl\u00fc sorunlar\u0131ndan biri olan \u2018Tanr\u0131\u2019n\u0131n varl\u0131\u011f\u0131 sorusu\u2019nu cevaplamaya \u00e7al\u0131\u015fmakla kalmay\u0131p felsefi bir y\u00f6ntem ve soru\u015fturman\u0131n nas\u0131l olmas\u0131 gerekti\u011fi konusunda muhte\u015fem bir \u00f6rnek de sunmaktad\u0131r. Plantinga, bu kitab\u0131yla bizi, felsefe tarihinin en temel ilkelerinden birini hat\u0131rlamaya \u00e7a\u011f\u0131r\u0131yor: var olan\u0131n ard\u0131ndakini anlamaya \u00e7al\u0131\u015fmak.<\/p>\n","protected":false},"excerpt":{"rendered":"<p>&#8220;Alvin Plantinga&#8217;n\u0131n \u00e7\u0131\u011f\u0131r a\u00e7an yap\u0131t\u0131na zekice ve mant\u0131ksal bir giri\u015f&#8230;&#8221; Harry Gensler, John Carroll \u00dcniversitesi &#8220;[Analitik] din felsefesinde klasik bir yap\u0131t, son elli y\u0131lda k\u00f6t\u00fcl\u00fck sorunu<span class=\"excerpt-hellip\"> [\u2026]<\/span><\/p>\n","protected":false},"featured_media":0,"template":"","meta":{"_monsterinsights_skip_tracking":false,"_monsterinsights_sitenote_active":false,"_monsterinsights_sitenote_note":"","_monsterinsights_sitenote_category":0},"product_brand":[],"product_cat":[19998,12388],"product_tag":[],"class_list":{"0":"post-743451","1":"product","2":"type-product","3":"status-publish","5":"product_cat-din-felsefesi","6":"product_cat-felsefe","7":"pa_cilt-ciltsiz","8":"pa_tur-kitap","9":"pa_yayinevi-fol-kitap","10":"pa_yazar-alvin-plantinga","12":"first","13":"instock","14":"sale","15":"shipping-taxable","16":"purchasable","17":"product-type-simple"},"_links":{"self":[{"href":"https:\/\/roveyayinevi.com.tr\/index.php\/wp-json\/wp\/v2\/product\/743451","targetHints":{"allow":["GET"]}}],"collection":[{"href":"https:\/\/roveyayinevi.com.tr\/index.php\/wp-json\/wp\/v2\/product"}],"about":[{"href":"https:\/\/roveyayinevi.com.tr\/index.php\/wp-json\/wp\/v2\/types\/product"}],"wp:attachment":[{"href":"https:\/\/roveyayinevi.com.tr\/index.php\/wp-json\/wp\/v2\/media?parent=743451"}],"wp:term":[{"taxonomy":"product_brand","embeddable":true,"href":"https:\/\/roveyayinevi.com.tr\/index.php\/wp-json\/wp\/v2\/product_brand?post=743451"},{"taxonomy":"product_cat","embeddable":true,"href":"https:\/\/roveyayinevi.com.tr\/index.php\/wp-json\/wp\/v2\/product_cat?post=743451"},{"taxonomy":"product_tag","embeddable":true,"href":"https:\/\/roveyayinevi.com.tr\/index.php\/wp-json\/wp\/v2\/product_tag?post=743451"}],"curies":[{"name":"wp","href":"https:\/\/api.w.org\/{rel}","templated":true}]}}