{"id":743450,"date":"2025-08-28T01:35:09","date_gmt":"2025-08-27T22:35:09","guid":{"rendered":"https:\/\/roveyayinevi.com.tr\/index.php\/urun\/kesinlik-uzerine\/"},"modified":"2026-04-16T02:54:45","modified_gmt":"2026-04-15T23:54:45","slug":"kesinlik-uzerine","status":"publish","type":"product","link":"https:\/\/roveyayinevi.com.tr\/index.php\/urun\/kesinlik-uzerine\/","title":{"rendered":"Kesinlik \u00dczerine"},"content":{"rendered":"<p>Kesinlik \u00dczerine, Wittgenstein\u2019\u0131n Tractatus ve Felsefi Soru\u015fturmalar\u2019\u0131yla birlikte \u00fc\u00e7 \u00f6nemli kitab\u0131ndan biridir. Bu kitap, Kant\u2019\u0131n Saf Akl\u0131n Ele\u015ftirisi\u2019nden bu yana epistemolojiye yap\u0131lm\u0131\u015f en b\u00fcy\u00fck katk\u0131 olman\u0131n yan\u0131 s\u0131ra Wittgenstein\u2019\u0131n Descartes\u2019\u0131n ku\u015fkuculu\u011funa cevab\u0131d\u0131r. Descartes\u2019\u0131n y\u00f6ntemi, kaya gibi sa\u011flam bir kesinli\u011fe, yani ku\u015fku g\u00f6t\u00fcrmez bir hakikate ula\u015fana dek her \u015feyden ku\u015fkulanmaktan ibaretti. Wittgenstein ise ku\u015fkuyu form\u00fcle edebilmemiz i\u00e7in baz\u0131 temel kesinliklerin olmas\u0131 gerekti\u011fini, bu kesinliklerin bilginin konusu de\u011fil temeli oldu\u011funu savunuyor. \u0130ngiliz filozof G. E. Moore\u2019la daimi bir tart\u0131\u015fma i\u00e7erisinde yol alan bu metinleri okumak, okura kesinlik, bilme, ku\u015fku, inan\u00e7 ve \u00f6\u011frenme kavramlar\u0131na dair yeni bir bak\u0131\u015f sunuyor. Wittgenstein\u2019\u0131n \u00e7al\u0131\u015fma ortam\u0131na girme ve onun s\u00fcrekli geli\u015fim h\u00e2linde olan, hep yenilenen d\u00fc\u015f\u00fcncelerini izleme f\u0131rsat\u0131 veriyor. Bu de\u011ferli \u00e7al\u0131\u015fmay\u0131,  Georg Henrik von Wright&#8217;\u0131n, Wittgenstein biyografisi ve kitap \u00fczerine de\u011ferlendirmeleriyle birlikte sunuyoruz.<\/p>\n","protected":false},"excerpt":{"rendered":"<p>Kesinlik \u00dczerine, Wittgenstein\u2019\u0131n Tractatus ve Felsefi Soru\u015fturmalar\u2019\u0131yla birlikte \u00fc\u00e7 \u00f6nemli kitab\u0131ndan biridir. Bu kitap, Kant\u2019\u0131n Saf Akl\u0131n Ele\u015ftirisi\u2019nden bu yana epistemolojiye yap\u0131lm\u0131\u015f en b\u00fcy\u00fck katk\u0131 olman\u0131n<span class=\"excerpt-hellip\"> [\u2026]<\/span><\/p>\n","protected":false},"featured_media":0,"template":"","meta":{"_monsterinsights_skip_tracking":false,"_monsterinsights_sitenote_active":false,"_monsterinsights_sitenote_note":"","_monsterinsights_sitenote_category":0},"product_brand":[],"product_cat":[12389,12388],"product_tag":[],"class_list":{"0":"post-743450","1":"product","2":"type-product","3":"status-publish","5":"product_cat-diger-felsefe","6":"product_cat-felsefe","7":"pa_cilt-ciltsiz","8":"pa_tur-kitap","9":"pa_yayinevi-fol-kitap","10":"pa_yazar-ludwig-wittgenstein","12":"first","13":"instock","14":"sale","15":"shipping-taxable","16":"purchasable","17":"product-type-simple"},"_links":{"self":[{"href":"https:\/\/roveyayinevi.com.tr\/index.php\/wp-json\/wp\/v2\/product\/743450","targetHints":{"allow":["GET"]}}],"collection":[{"href":"https:\/\/roveyayinevi.com.tr\/index.php\/wp-json\/wp\/v2\/product"}],"about":[{"href":"https:\/\/roveyayinevi.com.tr\/index.php\/wp-json\/wp\/v2\/types\/product"}],"wp:attachment":[{"href":"https:\/\/roveyayinevi.com.tr\/index.php\/wp-json\/wp\/v2\/media?parent=743450"}],"wp:term":[{"taxonomy":"product_brand","embeddable":true,"href":"https:\/\/roveyayinevi.com.tr\/index.php\/wp-json\/wp\/v2\/product_brand?post=743450"},{"taxonomy":"product_cat","embeddable":true,"href":"https:\/\/roveyayinevi.com.tr\/index.php\/wp-json\/wp\/v2\/product_cat?post=743450"},{"taxonomy":"product_tag","embeddable":true,"href":"https:\/\/roveyayinevi.com.tr\/index.php\/wp-json\/wp\/v2\/product_tag?post=743450"}],"curies":[{"name":"wp","href":"https:\/\/api.w.org\/{rel}","templated":true}]}}