{"id":743449,"date":"2025-08-28T01:35:08","date_gmt":"2025-08-27T22:35:08","guid":{"rendered":"https:\/\/roveyayinevi.com.tr\/index.php\/urun\/descartes-kimdir\/"},"modified":"2026-04-16T02:54:45","modified_gmt":"2026-04-15T23:54:45","slug":"descartes-kimdir","status":"publish","type":"product","link":"https:\/\/roveyayinevi.com.tr\/index.php\/urun\/descartes-kimdir\/","title":{"rendered":"Descartes Kimdir?"},"content":{"rendered":"<p>Frans\u0131z filozof Ren\u00e9 Descartes d\u00fc\u015f\u00fcnce tarihinde iz b\u0131rakm\u0131\u015f b\u00fcy\u00fck bir dehad\u0131r. Onun felsefesinin etkisi, Malebranche, Arnauld, Locke, Leibniz, Spinoza, Berkeley gibi erken modern \u00e7a\u011f\u0131n filozoflar\u0131ndan ba\u015flayarak Kant\u2019a, Fichte\u2019ye ve Schopenhauer\u2019a kadar uzan\u0131r. Descartes felsefede yenilik\u00e7i bir zihin olman\u0131n \u00f6tesinde, cebri geometriye uyarlayan \u00f6nc\u00fc bir matematik\u00e7idir; optikteki \u00e7al\u0131\u015fmalar\u0131yla bir fizik\u00e7idir ve hayvanlar \u00fczerinde yapt\u0131\u011f\u0131 diseksiyon \u00e7al\u0131\u015fmalar\u0131yla kan dola\u015f\u0131m\u0131n\u0131 a\u00e7\u0131klam\u0131\u015f bir fizyologdur. Bu alanlardaki katk\u0131lar\u0131yla, felsefe tarihi kadar bilim tarihine de ad\u0131n\u0131 alt\u0131n harflerle yazd\u0131rm\u0131\u015ft\u0131r. Hegel, Descartes i\u00e7in &#8220;O bir kahramand\u0131r&#8221; diyordu. Peki, modern felsefenin kurucusu ve felsefe tarihine y\u00f6n veren bu kahraman Descartes kimdir? Onun hayat\u0131ndaki matematiksel ve metafizik evreler, d\u00fc\u015f\u00fcncesinde neye kar\u015f\u0131l\u0131k gelir? Skolastik felsefeyi ve Aristoteles\u00e7i felsefeyi nas\u0131l a\u015fmaya \u00e7al\u0131\u015fm\u0131\u015ft\u0131r? Descartes\u2019\u0131n nedensellik yorumunun modern bilim i\u00e7in anlam\u0131 nedir? Metodik \u015f\u00fcphe, benli\u011fin ke\u015ffi ve ge\u00e7ici ahlak, Descartes\u2019\u0131n felsefesinde ne anlama gelir? Frans\u0131z filozof Alfred Fouill\u00e9e, bu kitapta, bu sorular\u0131n e\u015fli\u011finde Descartes felsefesine giri\u015f i\u00e7in uygun bir anahtar sunmaktad\u0131r.<\/p>\n","protected":false},"excerpt":{"rendered":"<p>Frans\u0131z filozof Ren\u00e9 Descartes d\u00fc\u015f\u00fcnce tarihinde iz b\u0131rakm\u0131\u015f b\u00fcy\u00fck bir dehad\u0131r. Onun felsefesinin etkisi, Malebranche, Arnauld, Locke, Leibniz, Spinoza, Berkeley gibi erken modern \u00e7a\u011f\u0131n filozoflar\u0131ndan ba\u015flayarak<span class=\"excerpt-hellip\"> [\u2026]<\/span><\/p>\n","protected":false},"featured_media":0,"template":"","meta":{"_monsterinsights_skip_tracking":false,"_monsterinsights_sitenote_active":false,"_monsterinsights_sitenote_note":"","_monsterinsights_sitenote_category":0},"product_brand":[],"product_cat":[12388,26788],"product_tag":[],"class_list":{"0":"post-743449","1":"product","2":"type-product","3":"status-publish","5":"product_cat-felsefe","6":"product_cat-filozoflar","7":"pa_cilt-ciltsiz","8":"pa_tur-kitap","9":"pa_yayinevi-fol-kitap","10":"pa_yazar-alfred-fouillee","12":"first","13":"instock","14":"sale","15":"shipping-taxable","16":"purchasable","17":"product-type-simple"},"_links":{"self":[{"href":"https:\/\/roveyayinevi.com.tr\/index.php\/wp-json\/wp\/v2\/product\/743449","targetHints":{"allow":["GET"]}}],"collection":[{"href":"https:\/\/roveyayinevi.com.tr\/index.php\/wp-json\/wp\/v2\/product"}],"about":[{"href":"https:\/\/roveyayinevi.com.tr\/index.php\/wp-json\/wp\/v2\/types\/product"}],"wp:attachment":[{"href":"https:\/\/roveyayinevi.com.tr\/index.php\/wp-json\/wp\/v2\/media?parent=743449"}],"wp:term":[{"taxonomy":"product_brand","embeddable":true,"href":"https:\/\/roveyayinevi.com.tr\/index.php\/wp-json\/wp\/v2\/product_brand?post=743449"},{"taxonomy":"product_cat","embeddable":true,"href":"https:\/\/roveyayinevi.com.tr\/index.php\/wp-json\/wp\/v2\/product_cat?post=743449"},{"taxonomy":"product_tag","embeddable":true,"href":"https:\/\/roveyayinevi.com.tr\/index.php\/wp-json\/wp\/v2\/product_tag?post=743449"}],"curies":[{"name":"wp","href":"https:\/\/api.w.org\/{rel}","templated":true}]}}