{"id":743447,"date":"2025-08-28T01:35:06","date_gmt":"2025-08-27T22:35:06","guid":{"rendered":"https:\/\/roveyayinevi.com.tr\/index.php\/urun\/demiryolu-seyahatinin-tarihi\/"},"modified":"2026-04-16T02:54:45","modified_gmt":"2026-04-15T23:54:45","slug":"demiryolu-seyahatinin-tarihi","status":"publish","type":"product","link":"https:\/\/roveyayinevi.com.tr\/index.php\/urun\/demiryolu-seyahatinin-tarihi\/","title":{"rendered":"Demiryolu Seyahatinin Tarihi"},"content":{"rendered":"<p>\u201cYolculukta okuma\u201d mefhumunun demiryolu seyahatiyle insan hayat\u0131na girmi\u015f oldu\u011funu biliyor muydunuz? Yahut bug\u00fcn en g\u00fcvenli seyahat bi\u00e7imi say\u0131lan tren yolculu\u011funun ilk y\u0131llar\u0131nda en g\u00fcvenilmez yol olarak kabul edildi\u011fini\u2026 Peki mimarl\u0131kta b\u00fcy\u00fck boyutlu cam ve demir\/\u00e7elik kullan\u0131m\u0131n\u0131n yayg\u0131nla\u015fmas\u0131nda, demiryolu istasyonlar\u0131n\u0131n Cryrstal Hala\u00e7\u2019tan bile daha \u00f6nemli rol oynad\u0131\u011f\u0131n\u0131 duymu\u015f muydunuz? Tarih\u00e7i Wolfgang Schivelbusch Demiryolu Seyahatinin Tarihi \u2013 19. Y\u00fczy\u0131lda Mek\u00e2n ve Zaman\u0131n Sanayile\u015fmesi adl\u0131 kitab\u0131nda trenle seyahatin ba\u015flang\u0131\u00e7 ve erken d\u00f6nemlerini mercek alt\u0131na al\u0131yor. Ba\u015fta \u0130ngiltere olmak \u00fczere, sanayi devriminin en \u00f6nemli simgesi rayl\u0131 sistemin daha sonra d\u00fcnyada nas\u0131l bir \u201cseyahat\u201d arac\u0131na evrildi\u011fini ve bunun sosyal anlamda nas\u0131l bir etki yaratt\u0131\u011f\u0131n\u0131 anlat\u0131yor. \u0130ngiltere ve k\u0131ta Avrupa\u2019s\u0131nda \u00fcretime dayal\u0131 y\u00fck ta\u015f\u0131mac\u0131l\u0131\u011f\u0131ndan insan odakl\u0131 seyahate ge\u00e7i\u015fte ya\u015fanan tart\u0131\u015fmalar ve sanc\u0131l\u0131 s\u00fcre\u00e7lerin neler oldu\u011fundan ABD\u2019de bunlar\u0131n neden hi\u00e7 ya\u015fanmad\u0131\u011f\u0131na, Avrupa ve ABD\u2019deki k\u00fclt\u00fcrel ge\u00e7mi\u015fi ve sonras\u0131ndaki farkl\u0131l\u0131klara dek g\u00f6zler \u00f6n\u00fcne seriyor. Bug\u00fcn mecazi anlamda kullan\u0131lsa da ba\u015flang\u0131\u00e7ta daha somut bir kar\u015f\u0131l\u0131\u011f\u0131 olan \u201cmermi h\u0131z\u0131yla seyahat\u201d fikrinin sanayi, ta\u015f\u0131mac\u0131l\u0131k, k\u00fclt\u00fcr, mimarl\u0131k, \u015fehir planlamas\u0131nda yaratt\u0131\u011f\u0131 de\u011fi\u015fimlerin yan\u0131nda, ya\u015fanan kazalar\u0131n etkisiyle t\u0131bbi ve psikolojik yans\u0131malar\u0131n\u0131 da aktar\u0131yor. <\/p>\n","protected":false},"excerpt":{"rendered":"<p>\u201cYolculukta okuma\u201d mefhumunun demiryolu seyahatiyle insan hayat\u0131na girmi\u015f oldu\u011funu biliyor muydunuz? Yahut bug\u00fcn en g\u00fcvenli seyahat bi\u00e7imi say\u0131lan tren yolculu\u011funun ilk y\u0131llar\u0131nda en g\u00fcvenilmez yol olarak<span class=\"excerpt-hellip\"> [\u2026]<\/span><\/p>\n","protected":false},"featured_media":0,"template":"","meta":{"_monsterinsights_skip_tracking":false,"_monsterinsights_sitenote_active":false,"_monsterinsights_sitenote_note":"","_monsterinsights_sitenote_category":0},"product_brand":[],"product_cat":[18545,12291],"product_tag":[],"class_list":{"0":"post-743447","1":"product","2":"type-product","3":"status-publish","5":"product_cat-anlati","6":"product_cat-edebiyat","7":"pa_cilt-ciltsiz","8":"pa_tur-kitap","9":"pa_yayinevi-kirmizi-kedi-yayinevi","10":"pa_yazar-wolfgang-schivelbusch","12":"first","13":"instock","14":"sale","15":"shipping-taxable","16":"purchasable","17":"product-type-simple"},"_links":{"self":[{"href":"https:\/\/roveyayinevi.com.tr\/index.php\/wp-json\/wp\/v2\/product\/743447","targetHints":{"allow":["GET"]}}],"collection":[{"href":"https:\/\/roveyayinevi.com.tr\/index.php\/wp-json\/wp\/v2\/product"}],"about":[{"href":"https:\/\/roveyayinevi.com.tr\/index.php\/wp-json\/wp\/v2\/types\/product"}],"wp:attachment":[{"href":"https:\/\/roveyayinevi.com.tr\/index.php\/wp-json\/wp\/v2\/media?parent=743447"}],"wp:term":[{"taxonomy":"product_brand","embeddable":true,"href":"https:\/\/roveyayinevi.com.tr\/index.php\/wp-json\/wp\/v2\/product_brand?post=743447"},{"taxonomy":"product_cat","embeddable":true,"href":"https:\/\/roveyayinevi.com.tr\/index.php\/wp-json\/wp\/v2\/product_cat?post=743447"},{"taxonomy":"product_tag","embeddable":true,"href":"https:\/\/roveyayinevi.com.tr\/index.php\/wp-json\/wp\/v2\/product_tag?post=743447"}],"curies":[{"name":"wp","href":"https:\/\/api.w.org\/{rel}","templated":true}]}}