{"id":743443,"date":"2025-08-28T01:35:00","date_gmt":"2025-08-27T22:35:00","guid":{"rendered":"https:\/\/roveyayinevi.com.tr\/index.php\/urun\/mimarlar-icin-benjamin\/"},"modified":"2026-04-16T02:54:45","modified_gmt":"2026-04-15T23:54:45","slug":"mimarlar-icin-benjamin","status":"publish","type":"product","link":"https:\/\/roveyayinevi.com.tr\/index.php\/urun\/mimarlar-icin-benjamin\/","title":{"rendered":"Mimarlar i\u00e7in Benjamin"},"content":{"rendered":"<p>Das Passagen-Werk\u2019in yay\u0131mlanmas\u0131ndan bu yana ge\u00e7en \u00e7eyrek as\u0131rda, bir\u00e7ok \u00f6nemli disiplin i\u00e7in belirleyici bir ba\u015fvuru kayna\u011f\u0131 h\u00e2line gelenWalter Benjamin; estetik, politika ve felsefenin benzersiz ve k\u0131\u015fk\u0131rt\u0131c\u0131 bir sentezini olu\u015fturmu\u015ftur. Mimarlar \u0130\u00e7in D\u00fc\u015f\u00fcn\u00fcrler dizisinin ilk kitab\u0131 olarak yay\u0131mlanan Mimarlar \u0130\u00e7in Benjamin, Benjamin\u2019in metinlerinin mimarl\u0131k teorisi ve prati\u011fi i\u00e7in \u00f6nemini de\u011ferlendiriyor. Benjamin\u2019in Avrupa \u015fehirleri \u00fczerine yazd\u0131\u011f\u0131 yaz\u0131lar\u0131nda de\u011findi\u011fi g\u00fcndelik ya\u015fam ve \u00e7al\u0131\u015fma hayat\u0131n\u0131n i\u00e7 i\u00e7e ge\u00e7mi\u015fli\u011fine dair bir bahisle ba\u015flayan bu kitap, onun k\u00fclt\u00fcr ele\u015ftirisine katk\u0131lar\u0131n\u0131 Max Ernst, Adolf Loos, Le Corbusier ve Sigfried Giedion\u2019\u0131n \u00e7al\u0131\u015fmalar\u0131yla ili\u015fkilendirerek inceliyor ve Benjamin\u2019in yap\u0131tlar\u0131n\u0131 mimari ve \u015fehircilikteki son geli\u015fmeler \u0131\u015f\u0131\u011f\u0131nda konumland\u0131r\u0131yor. Modern sanat\u0131n ve mimarinin \u00f6nde gelen temsilcilerini ayr\u0131nt\u0131l\u0131 bir \u015fekilde ele alan ve Benjamin\u2019in ele\u015ftirel \u00e7al\u0131\u015fmas\u0131na \u00e7a\u011fda\u015f mimari ve \u015fehircilik ba\u011flam\u0131nda bir de\u011fer atfeden Mimarlar \u0130\u00e7in Benjamin, Walter Benjamin\u2019in mimariye duydu\u011fu ilginin k\u0131sa ve kolay anla\u015f\u0131l\u0131r bir anlat\u0131s\u0131. <\/p>\n","protected":false},"excerpt":{"rendered":"<p>Das Passagen-Werk\u2019in yay\u0131mlanmas\u0131ndan bu yana ge\u00e7en \u00e7eyrek as\u0131rda, bir\u00e7ok \u00f6nemli disiplin i\u00e7in belirleyici bir ba\u015fvuru kayna\u011f\u0131 h\u00e2line gelenWalter Benjamin; estetik, politika ve felsefenin benzersiz ve k\u0131\u015fk\u0131rt\u0131c\u0131<span class=\"excerpt-hellip\"> [\u2026]<\/span><\/p>\n","protected":false},"featured_media":0,"template":"","meta":{"_monsterinsights_skip_tracking":false,"_monsterinsights_sitenote_active":false,"_monsterinsights_sitenote_note":"","_monsterinsights_sitenote_category":0},"product_brand":[],"product_cat":[13512,12408],"product_tag":[],"class_list":{"0":"post-743443","1":"product","2":"type-product","3":"status-publish","5":"product_cat-mimarlik","6":"product_cat-sanat","7":"pa_cilt-ciltsiz","8":"pa_tur-kitap","9":"pa_yayinevi-ketebe-yayinlari","10":"pa_yazar-brian-elliott","12":"first","13":"instock","14":"sale","15":"shipping-taxable","16":"purchasable","17":"product-type-simple"},"_links":{"self":[{"href":"https:\/\/roveyayinevi.com.tr\/index.php\/wp-json\/wp\/v2\/product\/743443","targetHints":{"allow":["GET"]}}],"collection":[{"href":"https:\/\/roveyayinevi.com.tr\/index.php\/wp-json\/wp\/v2\/product"}],"about":[{"href":"https:\/\/roveyayinevi.com.tr\/index.php\/wp-json\/wp\/v2\/types\/product"}],"wp:attachment":[{"href":"https:\/\/roveyayinevi.com.tr\/index.php\/wp-json\/wp\/v2\/media?parent=743443"}],"wp:term":[{"taxonomy":"product_brand","embeddable":true,"href":"https:\/\/roveyayinevi.com.tr\/index.php\/wp-json\/wp\/v2\/product_brand?post=743443"},{"taxonomy":"product_cat","embeddable":true,"href":"https:\/\/roveyayinevi.com.tr\/index.php\/wp-json\/wp\/v2\/product_cat?post=743443"},{"taxonomy":"product_tag","embeddable":true,"href":"https:\/\/roveyayinevi.com.tr\/index.php\/wp-json\/wp\/v2\/product_tag?post=743443"}],"curies":[{"name":"wp","href":"https:\/\/api.w.org\/{rel}","templated":true}]}}