{"id":743442,"date":"2025-08-28T01:35:00","date_gmt":"2025-08-27T22:35:00","guid":{"rendered":"https:\/\/roveyayinevi.com.tr\/index.php\/urun\/kengo-kuma-butun-eserleri\/"},"modified":"2026-04-16T02:54:45","modified_gmt":"2026-04-15T23:54:45","slug":"kengo-kuma-butun-eserleri","status":"publish","type":"product","link":"https:\/\/roveyayinevi.com.tr\/index.php\/urun\/kengo-kuma-butun-eserleri\/","title":{"rendered":"Kengo Kuma B\u00fct\u00fcn Eserleri"},"content":{"rendered":"<p>\u00c7a\u011fda\u015f Japon mimarisinin en \u00f6nemli temsilcilerinden Kengo Kuma, \u00fclkenin geleneksel yap\u0131 zanaatlar\u0131n\u0131 sofistike teknolojiler ve malzemelerle ustaca birle\u015ftiren modern bir tasar\u0131m dili olu\u015fturmu\u015ftur. \u0130konik Cam Ev\u2019inden (1995) Dundee\u2019deki Victoria &amp; Albert M\u00fczesi\u2019ne (2018) dek bu kitap, Kuma\u2019n\u0131n bug\u00fcne kadar otuz projeden olu\u015fan yap\u0131 \u00e7al\u0131\u015fmalar\u0131n\u0131n eksiksiz bir kayd\u0131d\u0131r. Mimarl\u0131k tarih\u00e7isi ve ele\u015ftirmeni Kenneth Frampton\u2019\u0131n, Kuma\u2019n\u0131n nesne-kar\u015f\u0131t\u0131 mimari anlay\u0131\u015f\u0131 \u00fczerine kayda de\u011fer bir giri\u015f yaz\u0131s\u0131yla ba\u015flayan bu kitap; Kuma\u2019n\u0131n \u00e7al\u0131\u015fmalar\u0131n\u0131, sava\u015f sonras\u0131 Japonya\u2019n\u0131n geli\u015fen mimari sahnesi ve etkili fig\u00fcrler ba\u011flam\u0131nda \u00e7er\u00e7eveliyor, onun fikirlerinin ve binalar\u0131n\u0131n toplad\u0131\u011f\u0131 uluslararas\u0131 be\u011feniyi anlat\u0131yor. Kitap genel itibariyle ayr\u0131nt\u0131l\u0131 olarak aktar\u0131lan a\u00e7\u0131klay\u0131c\u0131 metinler ve \u00e7izimler e\u015fli\u011finde; mimar\u0131n faaliyetlerini tan\u0131mlayan malzeme temalar\u0131 etraf\u0131nda sunulan projelerden olu\u015fuyor. Kuma\u2019n\u0131n binalar\u0131n\u0131 karakterize eden ve zarif arkitektonik s\u00f6z varl\u0131\u011f\u0131n\u0131 ortaya koyan bu kitap, 21. y\u00fczy\u0131l\u0131n en b\u00fcy\u00fck mimarlar\u0131ndan birinin zihnine benzersiz bir bak\u0131\u015f a\u00e7\u0131s\u0131 sunuyor.<\/p>\n","protected":false},"excerpt":{"rendered":"<p>\u00c7a\u011fda\u015f Japon mimarisinin en \u00f6nemli temsilcilerinden Kengo Kuma, \u00fclkenin geleneksel yap\u0131 zanaatlar\u0131n\u0131 sofistike teknolojiler ve malzemelerle ustaca birle\u015ftiren modern bir tasar\u0131m dili olu\u015fturmu\u015ftur. \u0130konik Cam Ev\u2019inden<span class=\"excerpt-hellip\"> [\u2026]<\/span><\/p>\n","protected":false},"featured_media":0,"template":"","meta":{"_monsterinsights_skip_tracking":false,"_monsterinsights_sitenote_active":false,"_monsterinsights_sitenote_note":"","_monsterinsights_sitenote_category":0},"product_brand":[],"product_cat":[13512,12408],"product_tag":[],"class_list":{"0":"post-743442","1":"product","2":"type-product","3":"status-publish","5":"product_cat-mimarlik","6":"product_cat-sanat","7":"pa_cilt-ciltsiz","8":"pa_tur-kitap","9":"pa_yayinevi-ketebe-yayinlari","10":"pa_yazar-kengo-kuma-kenneth-frampton","12":"first","13":"instock","14":"sale","15":"shipping-taxable","16":"purchasable","17":"product-type-simple"},"_links":{"self":[{"href":"https:\/\/roveyayinevi.com.tr\/index.php\/wp-json\/wp\/v2\/product\/743442","targetHints":{"allow":["GET"]}}],"collection":[{"href":"https:\/\/roveyayinevi.com.tr\/index.php\/wp-json\/wp\/v2\/product"}],"about":[{"href":"https:\/\/roveyayinevi.com.tr\/index.php\/wp-json\/wp\/v2\/types\/product"}],"wp:attachment":[{"href":"https:\/\/roveyayinevi.com.tr\/index.php\/wp-json\/wp\/v2\/media?parent=743442"}],"wp:term":[{"taxonomy":"product_brand","embeddable":true,"href":"https:\/\/roveyayinevi.com.tr\/index.php\/wp-json\/wp\/v2\/product_brand?post=743442"},{"taxonomy":"product_cat","embeddable":true,"href":"https:\/\/roveyayinevi.com.tr\/index.php\/wp-json\/wp\/v2\/product_cat?post=743442"},{"taxonomy":"product_tag","embeddable":true,"href":"https:\/\/roveyayinevi.com.tr\/index.php\/wp-json\/wp\/v2\/product_tag?post=743442"}],"curies":[{"name":"wp","href":"https:\/\/api.w.org\/{rel}","templated":true}]}}