{"id":743439,"date":"2025-08-28T01:34:55","date_gmt":"2025-08-27T22:34:55","guid":{"rendered":"https:\/\/roveyayinevi.com.tr\/index.php\/urun\/amak-i-hayal-kitabi\/"},"modified":"2026-04-16T02:54:45","modified_gmt":"2026-04-15T23:54:45","slug":"amak-i-hayal-kitabi","status":"publish","type":"product","link":"https:\/\/roveyayinevi.com.tr\/index.php\/urun\/amak-i-hayal-kitabi\/","title":{"rendered":"A\u2019mak-\u0131 Hayal Kitab\u0131"},"content":{"rendered":"<p>\u015eehbenderz\u00e2de Filibeli Ahmed Hilmi\u2019nin \u201chakikat endi\u015fesi ta\u015f\u0131yan vicdanlara\u201d emanet etti\u011fi A\u2019m\u00e2k-\u0131 Hay\u00e2l\u2019in anlam katmanlar\u0131n\u0131 \u00e7\u00f6zmek i\u00e7in, her biri ilgili alanlarda \u00e7al\u0131\u015fan yazar, akademisyen ve ele\u015ftirmenler bu kitapta bir araya geliyor. A\u2019m\u00e2k-\u0131 Hay\u00e2l\u2019e dair her okuma; okura, bu esrarengiz metnin derinliklerinde dola\u015fma ve onu ke\u015ffetme imk\u00e2n\u0131 verirken kendi yolculu\u011funu anlamland\u0131rmas\u0131na da yard\u0131mc\u0131 oluyor. Turgay Anar\u2019\u0131n yay\u0131ma haz\u0131rlad\u0131\u011f\u0131 A\u015fk S\u0131r Aray\u0131\u015f A\u2019m\u00e2k-\u0131 Hay\u00e2l Kitab\u0131, son devir T\u00fcrk edebiyat\u0131m\u0131z\u0131n klasikle\u015fmi\u015f eseri A\u2019m\u00e2k-\u0131 Hay\u00e2l i\u00e7in kaleme al\u0131nan on be\u015f yaz\u0131, se\u00e7ilmi\u015f bibliyografya ve s\u00f6zl\u00fckten olu\u015fuyor. <\/p>\n","protected":false},"excerpt":{"rendered":"<p>\u015eehbenderz\u00e2de Filibeli Ahmed Hilmi\u2019nin \u201chakikat endi\u015fesi ta\u015f\u0131yan vicdanlara\u201d emanet etti\u011fi A\u2019m\u00e2k-\u0131 Hay\u00e2l\u2019in anlam katmanlar\u0131n\u0131 \u00e7\u00f6zmek i\u00e7in, her biri ilgili alanlarda \u00e7al\u0131\u015fan yazar, akademisyen ve ele\u015ftirmenler bu<span class=\"excerpt-hellip\"> [\u2026]<\/span><\/p>\n","protected":false},"featured_media":0,"template":"","meta":{"_monsterinsights_skip_tracking":false,"_monsterinsights_sitenote_active":false,"_monsterinsights_sitenote_note":"","_monsterinsights_sitenote_category":0},"product_brand":[],"product_cat":[12291,12610],"product_tag":[],"class_list":{"0":"post-743439","1":"product","2":"type-product","3":"status-publish","5":"product_cat-edebiyat","6":"product_cat-elestiri-inceleme-kuram","7":"pa_cilt-ciltsiz","8":"pa_tur-kitap","9":"pa_yayinevi-ketebe-yayinlari","10":"pa_yazar-kolektif","12":"first","13":"instock","14":"sale","15":"shipping-taxable","16":"purchasable","17":"product-type-simple"},"_links":{"self":[{"href":"https:\/\/roveyayinevi.com.tr\/index.php\/wp-json\/wp\/v2\/product\/743439","targetHints":{"allow":["GET"]}}],"collection":[{"href":"https:\/\/roveyayinevi.com.tr\/index.php\/wp-json\/wp\/v2\/product"}],"about":[{"href":"https:\/\/roveyayinevi.com.tr\/index.php\/wp-json\/wp\/v2\/types\/product"}],"wp:attachment":[{"href":"https:\/\/roveyayinevi.com.tr\/index.php\/wp-json\/wp\/v2\/media?parent=743439"}],"wp:term":[{"taxonomy":"product_brand","embeddable":true,"href":"https:\/\/roveyayinevi.com.tr\/index.php\/wp-json\/wp\/v2\/product_brand?post=743439"},{"taxonomy":"product_cat","embeddable":true,"href":"https:\/\/roveyayinevi.com.tr\/index.php\/wp-json\/wp\/v2\/product_cat?post=743439"},{"taxonomy":"product_tag","embeddable":true,"href":"https:\/\/roveyayinevi.com.tr\/index.php\/wp-json\/wp\/v2\/product_tag?post=743439"}],"curies":[{"name":"wp","href":"https:\/\/api.w.org\/{rel}","templated":true}]}}