{"id":743438,"date":"2025-08-28T01:34:54","date_gmt":"2025-08-27T22:34:54","guid":{"rendered":"https:\/\/roveyayinevi.com.tr\/index.php\/urun\/tanri-kompleksi\/"},"modified":"2026-04-16T02:54:45","modified_gmt":"2026-04-15T23:54:45","slug":"tanri-kompleksi","status":"publish","type":"product","link":"https:\/\/roveyayinevi.com.tr\/index.php\/urun\/tanri-kompleksi\/","title":{"rendered":"Tanr\u0131 Kompleksi"},"content":{"rendered":"<p>Uzak gelecekte, Seaboard \u015fehrini koruyan koruyucu Kalkan&#8217;\u0131n arkas\u0131nda, insanl\u0131\u011f\u0131n son sava\u015f\u0131ndan kurtulanlar S\u0131v\u0131&#8217;ya bat\u0131r\u0131l\u0131r ve hayatlar\u0131n\u0131 hayalperestler olarak s\u00fcrd\u00fcr\u00fcrler; her biri \u00f6zel bir \u201csanal cennete\u201d ba\u011flan\u0131r. Marlo ve yarat\u0131c\u0131s\u0131 Jed Salt (\u015fimdiye kadar kendisinin 271. klonu), bu uyku d\u00fcnyas\u0131n\u0131 bilim yoluyla korur. Marlo ba\u015far\u0131s\u0131z oldu\u011funda Salt, onu d\u00fczeltmek ve insanl\u0131\u011f\u0131 yok olmaktan kurtarmak i\u00e7in gereken g\u00fc\u00e7 h\u00fccresi i\u00e7in Kalkan&#8217;\u0131n \u00f6tesine ge\u00e7melidir. Salt, y\u0131k\u0131lan d\u00fcnyada kendinden ba\u015fka kurtulanlar\u0131n olup olmad\u0131\u011f\u0131n\u0131 ve nas\u0131l tehditlerle kar\u015f\u0131la\u015faca\u011f\u0131n\u0131n pek de fark\u0131nda de\u011fildir.<\/p>\n","protected":false},"excerpt":{"rendered":"<p>Uzak gelecekte, Seaboard \u015fehrini koruyan koruyucu Kalkan&#8217;\u0131n arkas\u0131nda, insanl\u0131\u011f\u0131n son sava\u015f\u0131ndan kurtulanlar S\u0131v\u0131&#8217;ya bat\u0131r\u0131l\u0131r ve hayatlar\u0131n\u0131 hayalperestler olarak s\u00fcrd\u00fcr\u00fcrler; her biri \u00f6zel bir \u201csanal cennete\u201d ba\u011flan\u0131r.<span class=\"excerpt-hellip\"> [\u2026]<\/span><\/p>\n","protected":false},"featured_media":0,"template":"","meta":{"_monsterinsights_skip_tracking":false,"_monsterinsights_sitenote_active":false,"_monsterinsights_sitenote_note":"","_monsterinsights_sitenote_category":0},"product_brand":[],"product_cat":[12540,12291],"product_tag":[],"class_list":{"0":"post-743438","1":"product","2":"type-product","3":"status-publish","5":"product_cat-bilim-kurgu","6":"product_cat-edebiyat","7":"pa_cilt-ciltsiz","8":"pa_tur-kitap","9":"pa_yayinevi-perseus","10":"pa_yazar-demir-barlas","12":"first","13":"instock","14":"sale","15":"shipping-taxable","16":"purchasable","17":"product-type-simple"},"_links":{"self":[{"href":"https:\/\/roveyayinevi.com.tr\/index.php\/wp-json\/wp\/v2\/product\/743438","targetHints":{"allow":["GET"]}}],"collection":[{"href":"https:\/\/roveyayinevi.com.tr\/index.php\/wp-json\/wp\/v2\/product"}],"about":[{"href":"https:\/\/roveyayinevi.com.tr\/index.php\/wp-json\/wp\/v2\/types\/product"}],"wp:attachment":[{"href":"https:\/\/roveyayinevi.com.tr\/index.php\/wp-json\/wp\/v2\/media?parent=743438"}],"wp:term":[{"taxonomy":"product_brand","embeddable":true,"href":"https:\/\/roveyayinevi.com.tr\/index.php\/wp-json\/wp\/v2\/product_brand?post=743438"},{"taxonomy":"product_cat","embeddable":true,"href":"https:\/\/roveyayinevi.com.tr\/index.php\/wp-json\/wp\/v2\/product_cat?post=743438"},{"taxonomy":"product_tag","embeddable":true,"href":"https:\/\/roveyayinevi.com.tr\/index.php\/wp-json\/wp\/v2\/product_tag?post=743438"}],"curies":[{"name":"wp","href":"https:\/\/api.w.org\/{rel}","templated":true}]}}