{"id":743436,"date":"2025-08-28T01:34:50","date_gmt":"2025-08-27T22:34:50","guid":{"rendered":"https:\/\/roveyayinevi.com.tr\/index.php\/urun\/bir-dugun-iki-cenaze\/"},"modified":"2026-04-16T02:54:45","modified_gmt":"2026-04-15T23:54:45","slug":"bir-dugun-iki-cenaze","status":"publish","type":"product","link":"https:\/\/roveyayinevi.com.tr\/index.php\/urun\/bir-dugun-iki-cenaze\/","title":{"rendered":"Bir D\u00fc\u011f\u00fcn \u0130ki Cenaze"},"content":{"rendered":"<p>\u015eehrin ortas\u0131nda\u00c7at\u0131 aras\u0131ndan bozma bir odaG\u00fcns\u00fcz g\u00fcne\u015fsizCamlar\u0131 tu\u011flalarla \u00f6r\u00fcl\u00fc\u0130sli perdeler ve kirli bir d\u00f6\u015fekG\u0131c\u0131rdayan kap\u0131 duvarda pasl\u0131 \u00e7ivi\u0130\u015flevsiz Ortada hal\u0131 y\u0131llar\u0131n tozu,T\u0131rnak ve deri kal\u0131nt\u0131lar\u0131T\u00fcpl\u00fc televizyonKar\u0131ncalarC\u0131vatalar, tornavida\u0130ki g\u00fcnde bir bardak s\u00fctBelki bir dilim ekmek bir yudum suG\u00fcnd\u00fczler tav\u015fan uykusu<\/p>\n","protected":false},"excerpt":{"rendered":"<p>\u015eehrin ortas\u0131nda\u00c7at\u0131 aras\u0131ndan bozma bir odaG\u00fcns\u00fcz g\u00fcne\u015fsizCamlar\u0131 tu\u011flalarla \u00f6r\u00fcl\u00fc\u0130sli perdeler ve kirli bir d\u00f6\u015fekG\u0131c\u0131rdayan kap\u0131 duvarda pasl\u0131 \u00e7ivi\u0130\u015flevsiz Ortada hal\u0131 y\u0131llar\u0131n tozu,T\u0131rnak ve deri kal\u0131nt\u0131lar\u0131T\u00fcpl\u00fc televizyonKar\u0131ncalarC\u0131vatalar,<span class=\"excerpt-hellip\"> [\u2026]<\/span><\/p>\n","protected":false},"featured_media":0,"template":"","meta":{"_monsterinsights_skip_tracking":false,"_monsterinsights_sitenote_active":false,"_monsterinsights_sitenote_note":"","_monsterinsights_sitenote_category":0},"product_brand":[],"product_cat":[12291,12509],"product_tag":[],"class_list":{"0":"post-743436","1":"product","2":"type-product","3":"status-publish","5":"product_cat-edebiyat","6":"product_cat-siir","7":"pa_cilt-ciltsiz","8":"pa_tur-kitap","9":"pa_yayinevi-ketebe-yayinlari","10":"pa_yazar-selman-ertas","12":"first","13":"instock","14":"sale","15":"shipping-taxable","16":"purchasable","17":"product-type-simple"},"_links":{"self":[{"href":"https:\/\/roveyayinevi.com.tr\/index.php\/wp-json\/wp\/v2\/product\/743436","targetHints":{"allow":["GET"]}}],"collection":[{"href":"https:\/\/roveyayinevi.com.tr\/index.php\/wp-json\/wp\/v2\/product"}],"about":[{"href":"https:\/\/roveyayinevi.com.tr\/index.php\/wp-json\/wp\/v2\/types\/product"}],"wp:attachment":[{"href":"https:\/\/roveyayinevi.com.tr\/index.php\/wp-json\/wp\/v2\/media?parent=743436"}],"wp:term":[{"taxonomy":"product_brand","embeddable":true,"href":"https:\/\/roveyayinevi.com.tr\/index.php\/wp-json\/wp\/v2\/product_brand?post=743436"},{"taxonomy":"product_cat","embeddable":true,"href":"https:\/\/roveyayinevi.com.tr\/index.php\/wp-json\/wp\/v2\/product_cat?post=743436"},{"taxonomy":"product_tag","embeddable":true,"href":"https:\/\/roveyayinevi.com.tr\/index.php\/wp-json\/wp\/v2\/product_tag?post=743436"}],"curies":[{"name":"wp","href":"https:\/\/api.w.org\/{rel}","templated":true}]}}