{"id":743435,"date":"2025-08-28T01:34:49","date_gmt":"2025-08-27T22:34:49","guid":{"rendered":"https:\/\/roveyayinevi.com.tr\/index.php\/urun\/gun-dogumunda\/"},"modified":"2026-04-16T02:54:45","modified_gmt":"2026-04-15T23:54:45","slug":"gun-dogumunda","status":"publish","type":"product","link":"https:\/\/roveyayinevi.com.tr\/index.php\/urun\/gun-dogumunda\/","title":{"rendered":"G\u00fcn Do\u011fumunda"},"content":{"rendered":"<p>I\u015f\u0131k, 20&#8217;li ya\u015flar\u0131n\u0131n ortas\u0131nda, \u00f6zg\u00fcrl\u00fc\u011f\u00fcne d\u00fc\u015fk\u00fcn ve kendi ayaklar\u0131 \u00fczerinde duran gen\u00e7 bir kad\u0131nd\u0131r. Babas\u0131 ile aras\u0131nda g\u00fc\u00e7l\u00fc bir ba\u011f olan I\u015f\u0131k, sanata olan ilgisini ise k\u00fc\u00e7\u00fck ya\u015fta kaybetti\u011fi ressam annesine bor\u00e7ludur. \u00c7ok sevdi\u011fi bir i\u015fi olan gen\u00e7 kad\u0131n, etraf\u0131n\u0131 arkada\u015flar\u0131yla \u00e7evreledi\u011fi huzurlu bir hayata sahiptir. Ancak bu durum \u00e7ok yak\u0131nda de\u011fi\u015fecektir\u2026   I\u015f\u0131k, bir g\u00fcn babas\u0131n\u0131n ona verdi\u011fi haberle, hayat\u0131nda \u00e7ok \u00f6nemli bir d\u00f6n\u00fcm noktas\u0131na gelir. \u00d6zg\u00fcrl\u00fc\u011f\u00fc tehdit alt\u0131nda olan gen\u00e7 kad\u0131n, duygular\u0131yla da ba\u015f etmek i\u00e7in b\u00fcy\u00fck bir s\u0131navla kar\u015f\u0131 kar\u015f\u0131yad\u0131r. Ge\u00e7mi\u015fin s\u0131rlar\u0131 ve an\u0131n tehlikeleriyle y\u00fczle\u015fen I\u015f\u0131k, bu s\u00fcre\u00e7te hem b\u00fcy\u00fcmenin anlam\u0131n\u0131 \u00f6\u011frenecek hem de ki\u015fili\u011fine dair yeni ke\u015fiflerde bulunacakt\u0131r.<\/p>\n","protected":false},"excerpt":{"rendered":"<p>I\u015f\u0131k, 20&#8217;li ya\u015flar\u0131n\u0131n ortas\u0131nda, \u00f6zg\u00fcrl\u00fc\u011f\u00fcne d\u00fc\u015fk\u00fcn ve kendi ayaklar\u0131 \u00fczerinde duran gen\u00e7 bir kad\u0131nd\u0131r. Babas\u0131 ile aras\u0131nda g\u00fc\u00e7l\u00fc bir ba\u011f olan I\u015f\u0131k, sanata olan ilgisini ise<span class=\"excerpt-hellip\"> [\u2026]<\/span><\/p>\n","protected":false},"featured_media":0,"template":"","meta":{"_monsterinsights_skip_tracking":false,"_monsterinsights_sitenote_active":false,"_monsterinsights_sitenote_note":"","_monsterinsights_sitenote_category":0},"product_brand":[],"product_cat":[12291,12711],"product_tag":[],"class_list":{"0":"post-743435","1":"product","2":"type-product","3":"status-publish","5":"product_cat-edebiyat","6":"product_cat-roman-oyku","7":"pa_cilt-ciltsiz","8":"pa_tur-kitap","9":"pa_yayinevi-perseus","10":"pa_yazar-ezgi-ozbulut","12":"first","13":"instock","14":"sale","15":"shipping-taxable","16":"purchasable","17":"product-type-simple"},"_links":{"self":[{"href":"https:\/\/roveyayinevi.com.tr\/index.php\/wp-json\/wp\/v2\/product\/743435","targetHints":{"allow":["GET"]}}],"collection":[{"href":"https:\/\/roveyayinevi.com.tr\/index.php\/wp-json\/wp\/v2\/product"}],"about":[{"href":"https:\/\/roveyayinevi.com.tr\/index.php\/wp-json\/wp\/v2\/types\/product"}],"wp:attachment":[{"href":"https:\/\/roveyayinevi.com.tr\/index.php\/wp-json\/wp\/v2\/media?parent=743435"}],"wp:term":[{"taxonomy":"product_brand","embeddable":true,"href":"https:\/\/roveyayinevi.com.tr\/index.php\/wp-json\/wp\/v2\/product_brand?post=743435"},{"taxonomy":"product_cat","embeddable":true,"href":"https:\/\/roveyayinevi.com.tr\/index.php\/wp-json\/wp\/v2\/product_cat?post=743435"},{"taxonomy":"product_tag","embeddable":true,"href":"https:\/\/roveyayinevi.com.tr\/index.php\/wp-json\/wp\/v2\/product_tag?post=743435"}],"curies":[{"name":"wp","href":"https:\/\/api.w.org\/{rel}","templated":true}]}}