{"id":743430,"date":"2025-08-28T01:34:41","date_gmt":"2025-08-27T22:34:41","guid":{"rendered":"https:\/\/roveyayinevi.com.tr\/index.php\/urun\/dahiler-ulkesi\/"},"modified":"2026-04-16T02:54:44","modified_gmt":"2026-04-15T23:54:44","slug":"dahiler-ulkesi","status":"publish","type":"product","link":"https:\/\/roveyayinevi.com.tr\/index.php\/urun\/dahiler-ulkesi\/","title":{"rendered":"Dahiler \u00dclkesi"},"content":{"rendered":"<p>Lucy Crehan, \u015fehir merkezindeki bir okulda \u00f6\u011fretmendir. \u201cEn iyi performans g\u00f6steren\u201d e\u011fitim sistemlerinden al\u0131nd\u0131\u011f\u0131 iddia edilen ancak s\u00fcrekli de\u011fi\u015fen h\u00fck\u00fcmet politikalar\u0131ndan b\u0131km\u0131\u015ft\u0131. D\u00fcnyada ilk s\u0131ralarda yer alan \u00fclkelerin s\u0131n\u0131flar\u0131nda ger\u00e7ektenneler olup bitti\u011fini \u00f6\u011frenmeye karar verdi. Bu konuda daha da derine inmeye kararl\u0131 olan Lucy Finlandiya, Japonya, Singapur, \u015eanghay ve Kanada\u2019da ki\u015fisel bir e\u011fitim yolculu\u011funa \u00e7\u0131kt\u0131. Okullarda \u00f6\u011fretmenlik yap\u0131p kendini onlar\u0131n \u00e7ok farkl\u0131 k\u00fclt\u00fcrlerine kapt\u0131rd\u0131. Okul hayat\u0131yla ilgili \u00e7izelgelerdeve grafiklerde yer almayan \u015fa\u015f\u0131rt\u0131c\u0131 ger\u00e7ekleri ke\u015ffetti. D\u00e2hiler \u00dclkesi, Crehan\u2019\u0131n d\u00fcnya \u00e7ap\u0131ndaki yolculu\u011funu belgeliyor, deneyimlerini politika, tarih, psikoloji ve k\u00fclt\u00fcr ara\u015ft\u0131rmalar\u0131yla bir araya getirerek bu \u00fclkelerden neler \u00f6\u011frenebilece\u011fimize dair kapsaml\u0131 yeni bilgiler sunuyor. Bu \u00fclkeler y\u00fcksek puanlara nas\u0131l ula\u015f\u0131yor? Ba\u015fkalar\u0131 onlardan ne \u00f6\u011frenebilir? Ve bu ba\u015far\u0131n\u0131n bedeli nedir? \u201cCrehan\u2019dan \u00fcst\u00fcn bir eser&#8230; Di\u011fer \u00fclkelerin nas\u0131l \u00f6\u011frendiklerinden \u00e7\u0131kar\u0131lacak \u00e7ok \u015fey oldu\u011fu fikrinin g\u00fc\u00e7l\u00fc bir savunmas\u0131.\u201d\u2014Economist \u201cDikkat \u00e7ekici ve orijinal bir kitap&#8230; Mutlaka okunmal\u0131.\u201d  (Tan\u0131t\u0131m B\u00fclteninden)<\/p>\n","protected":false},"excerpt":{"rendered":"<p>Lucy Crehan, \u015fehir merkezindeki bir okulda \u00f6\u011fretmendir. \u201cEn iyi performans g\u00f6steren\u201d e\u011fitim sistemlerinden al\u0131nd\u0131\u011f\u0131 iddia edilen ancak s\u00fcrekli de\u011fi\u015fen h\u00fck\u00fcmet politikalar\u0131ndan b\u0131km\u0131\u015ft\u0131. D\u00fcnyada ilk s\u0131ralarda yer<span class=\"excerpt-hellip\"> [\u2026]<\/span><\/p>\n","protected":false},"featured_media":0,"template":"","meta":{"_monsterinsights_skip_tracking":false,"_monsterinsights_sitenote_active":false,"_monsterinsights_sitenote_note":"","_monsterinsights_sitenote_category":0},"product_brand":[],"product_cat":[12567,12566],"product_tag":[],"class_list":{"0":"post-743430","1":"product","2":"type-product","3":"status-publish","5":"product_cat-diger-egitim","6":"product_cat-egitim","7":"pa_cilt-ciltsiz","8":"pa_tur-kitap","9":"pa_yayinevi-epsilon-yayinlari","10":"pa_yazar-lucy-crehan","12":"first","13":"instock","14":"sale","15":"shipping-taxable","16":"purchasable","17":"product-type-simple"},"_links":{"self":[{"href":"https:\/\/roveyayinevi.com.tr\/index.php\/wp-json\/wp\/v2\/product\/743430","targetHints":{"allow":["GET"]}}],"collection":[{"href":"https:\/\/roveyayinevi.com.tr\/index.php\/wp-json\/wp\/v2\/product"}],"about":[{"href":"https:\/\/roveyayinevi.com.tr\/index.php\/wp-json\/wp\/v2\/types\/product"}],"wp:attachment":[{"href":"https:\/\/roveyayinevi.com.tr\/index.php\/wp-json\/wp\/v2\/media?parent=743430"}],"wp:term":[{"taxonomy":"product_brand","embeddable":true,"href":"https:\/\/roveyayinevi.com.tr\/index.php\/wp-json\/wp\/v2\/product_brand?post=743430"},{"taxonomy":"product_cat","embeddable":true,"href":"https:\/\/roveyayinevi.com.tr\/index.php\/wp-json\/wp\/v2\/product_cat?post=743430"},{"taxonomy":"product_tag","embeddable":true,"href":"https:\/\/roveyayinevi.com.tr\/index.php\/wp-json\/wp\/v2\/product_tag?post=743430"}],"curies":[{"name":"wp","href":"https:\/\/api.w.org\/{rel}","templated":true}]}}