{"id":743429,"date":"2025-08-28T01:34:30","date_gmt":"2025-08-27T22:34:30","guid":{"rendered":"https:\/\/roveyayinevi.com.tr\/index.php\/urun\/kiz-a\/"},"modified":"2026-04-16T02:54:44","modified_gmt":"2026-04-15T23:54:44","slug":"kiz-a","status":"publish","type":"product","link":"https:\/\/roveyayinevi.com.tr\/index.php\/urun\/kiz-a\/","title":{"rendered":"K\u0131z A"},"content":{"rendered":"<p>30\u2019dan fazla dile \u00e7evrilen, dizi haklar\u0131 sat\u0131lan ve \u00e7oksatanlar listesini alt \u00fcst eden K\u0131z A, Abigail Dean\u2019den \u00e7arp\u0131c\u0131 bir \u00e7\u0131k\u0131\u015f roman\u0131.\u201cBeni tan\u0131m\u0131yorsunuz ama y\u00fcz\u00fcm\u00fc g\u00f6rm\u00fc\u015fs\u00fcn\u00fczd\u00fcr. \u00d6nceki foto\u011fraflarda belimize kadar hatlar\u0131m\u0131z\u0131 minik piksellerle anla\u015f\u0131lmaz h\u00e2le getirdiler; sa\u00e7lar\u0131m\u0131z bile if\u015fa edilemeyecek kadar farkl\u0131yd\u0131. Fakat hik\u00e2yenin b\u0131kk\u0131nl\u0131k vermesi ve bizi koruyanlar\u0131n da usanmas\u0131yla birlikte internetin rutubetli k\u00f6\u015felerinde bizi bulmak kolayla\u015ft\u0131.\u201dBen Alexandra Gracie ama beni K\u0131z A olarak bilirler.Karde\u015flerimle birlikte Korku Evi\u2019nde b\u00fcy\u00fcd\u00fcm.Ve on be\u015f ya\u015f\u0131ndayken ka\u00e7may\u0131 ba\u015fard\u0131m.Yeni bir hayat\u0131n beni bekledi\u011fini d\u00fc\u015f\u00fcn\u00fcyordum.\u015eimdi ise bir \u015fey beni o eve geri \u00e7a\u011f\u0131r\u0131yor.Bir ka\u00e7\u0131\u015f hik\u00e2yesi olarak ba\u015flayan roman, okuru tamamen saran psikolojik bir gerilime d\u00f6n\u00fc\u015f\u00fcyor. \u00c7ocuklu\u011fun kanayan yaralar\u0131 yeniden a\u00e7\u0131l\u0131yor, ge\u00e7mi\u015f ve \u015fimdi birle\u015fiyor, sadakat ve ihanet sorgulan\u0131yor ve bir ailenin dram\u0131 g\u00f6zler \u00f6n\u00fcne seriliyor.\u201cY\u0131l\u0131n en iyi gerilim roman\u0131.\u201d\u2014Independent\u201cK\u0131\u015fk\u0131rt\u0131c\u0131.\u201d\u2014Guardian<\/p>\n","protected":false},"excerpt":{"rendered":"<p>30\u2019dan fazla dile \u00e7evrilen, dizi haklar\u0131 sat\u0131lan ve \u00e7oksatanlar listesini alt \u00fcst eden K\u0131z A, Abigail Dean\u2019den \u00e7arp\u0131c\u0131 bir \u00e7\u0131k\u0131\u015f roman\u0131.\u201cBeni tan\u0131m\u0131yorsunuz ama y\u00fcz\u00fcm\u00fc g\u00f6rm\u00fc\u015fs\u00fcn\u00fczd\u00fcr. \u00d6nceki<span class=\"excerpt-hellip\"> [\u2026]<\/span><\/p>\n","protected":false},"featured_media":0,"template":"","meta":{"_monsterinsights_skip_tracking":false,"_monsterinsights_sitenote_active":false,"_monsterinsights_sitenote_note":"","_monsterinsights_sitenote_category":0},"product_brand":[],"product_cat":[12291,12711],"product_tag":[],"class_list":{"0":"post-743429","1":"product","2":"type-product","3":"status-publish","5":"product_cat-edebiyat","6":"product_cat-roman-oyku","7":"pa_cilt-ciltsiz","8":"pa_tur-kitap","9":"pa_yayinevi-epsilon-yayinlari","10":"pa_yazar-abigail-dean","12":"first","13":"instock","14":"sale","15":"shipping-taxable","16":"purchasable","17":"product-type-simple"},"_links":{"self":[{"href":"https:\/\/roveyayinevi.com.tr\/index.php\/wp-json\/wp\/v2\/product\/743429","targetHints":{"allow":["GET"]}}],"collection":[{"href":"https:\/\/roveyayinevi.com.tr\/index.php\/wp-json\/wp\/v2\/product"}],"about":[{"href":"https:\/\/roveyayinevi.com.tr\/index.php\/wp-json\/wp\/v2\/types\/product"}],"wp:attachment":[{"href":"https:\/\/roveyayinevi.com.tr\/index.php\/wp-json\/wp\/v2\/media?parent=743429"}],"wp:term":[{"taxonomy":"product_brand","embeddable":true,"href":"https:\/\/roveyayinevi.com.tr\/index.php\/wp-json\/wp\/v2\/product_brand?post=743429"},{"taxonomy":"product_cat","embeddable":true,"href":"https:\/\/roveyayinevi.com.tr\/index.php\/wp-json\/wp\/v2\/product_cat?post=743429"},{"taxonomy":"product_tag","embeddable":true,"href":"https:\/\/roveyayinevi.com.tr\/index.php\/wp-json\/wp\/v2\/product_tag?post=743429"}],"curies":[{"name":"wp","href":"https:\/\/api.w.org\/{rel}","templated":true}]}}