{"id":743427,"date":"2025-08-28T01:34:28","date_gmt":"2025-08-27T22:34:28","guid":{"rendered":"https:\/\/roveyayinevi.com.tr\/index.php\/urun\/efendi-adamin-toksik-kirilganligi\/"},"modified":"2026-04-16T02:54:44","modified_gmt":"2026-04-15T23:54:44","slug":"efendi-adamin-toksik-kirilganligi","status":"publish","type":"product","link":"https:\/\/roveyayinevi.com.tr\/index.php\/urun\/efendi-adamin-toksik-kirilganligi\/","title":{"rendered":"Efendi Adam\u0131n Toksik K\u0131r\u0131lganl\u0131\u011f\u0131"},"content":{"rendered":"<p>\u201cNe yaparsam yapay\u0131m, mutlu demiyorum, mutlu olam\u0131yorum.\u201d\u201cKad\u0131nlar\u0131 anlamak zor!\u201d\u201cKad\u0131nlar neden efendi adamlar\u0131 sevmiyor?\u201dBu c\u00fcmleler s\u00fcrekli dilindeyse, g\u00fcn\u00fcn sonunda kendini h\u00fcsrana u\u011fram\u0131\u015f kara kara d\u00fc\u015f\u00fcn\u00fcrken buluyor, benzer senaryolar\u0131 ya\u015fay\u0131p mutsuz oluyor, s\u00fcrekli ma\u011fdur hissediyorsan ama yine de her \u015feyi d\u00f6rt d\u00f6rtl\u00fck yapt\u0131\u011f\u0131na kesinlikle eminsen&#8230; Belki de aynay\u0131 art\u0131k kendine \u00e7evirmenin vakti gelmi\u015ftir.Efendi Adam Sendromu\u2019na dair \u00e7al\u0131\u015fmalar\u0131yla bir\u00e7ok insan\u0131n hayat\u0131n\u0131 de\u011fi\u015ftiren Dr. Robert A. Glover, Efendi Adam\u0131n Toksik K\u0131r\u0131lganl\u0131\u011f\u0131\u2019nda, \u201cefendi adamlar\u0131n\u201d pek de \u201cefendice\u201d olmayan \u00f6zelliklerine parmak bas\u0131p bu sendromu ya\u015fayanlar\u0131n eline bir ayna tutu\u015fturuyor  ve onlar\u0131 kendileriyle y\u00fczle\u015ftiriyor:\u2022 Efendi adam sorun \u00e7\u00f6zer ve ilgilidir ama almak i\u00e7in verir.\u2022 \u00c7at\u0131\u015fmadan ka\u00e7\u0131n\u0131r  ve uysald\u0131r ama pasif-agresif patlamalarla kar\u015f\u0131la\u015fman\u0131z an meselesidir.\u2022 Herkes i\u00e7in en do\u011fruyu yapmaya \u00e7abalar ama kendisi i\u00e7in en do\u011fru olan\u0131n ne oldu\u011fu hakk\u0131nda hi\u00e7bir fikri yoktur.\u2022 Kaba saba erkeklerden farkl\u0131 oldu\u011funa inan\u0131r ama bilmiyor ki&#8230; \u00c7\u0131lg\u0131n\u0131n tam tersi yine \u00e7\u0131lg\u0131nd\u0131r.\u2022 Do\u011fruyu yapt\u0131\u011f\u0131na \u00f6yle emindir ki a\u015fkta, i\u015fte ve hayatta hep kaybeden tarafta olmas\u0131n\u0131n su\u00e7lusu muhakkak ba\u015fka biridir.Dolay\u0131s\u0131yla mutsuz, yaln\u0131z ve \u00f6fkelidir.Bu tan\u0131mlarda kendini, bir arkada\u015f\u0131n\u0131, sevgilini veya e\u015fini g\u00f6r\u00fcyorsan Efendi Adam\u0131n Toksik K\u0131r\u0131lganl\u0131\u011f\u0131 kitab\u0131na kulak vermelisin. \u0130\u00e7indeki veya \u00e7evrendeki efendi adam\u0131 ke\u015ffedecek ve ba\u015far\u0131, mutluluk ve sevgi dolu bir hayat\u0131n kap\u0131lar\u0131n\u0131 aralayacaks\u0131n.<\/p>\n","protected":false},"excerpt":{"rendered":"<p>\u201cNe yaparsam yapay\u0131m, mutlu demiyorum, mutlu olam\u0131yorum.\u201d\u201cKad\u0131nlar\u0131 anlamak zor!\u201d\u201cKad\u0131nlar neden efendi adamlar\u0131 sevmiyor?\u201dBu c\u00fcmleler s\u00fcrekli dilindeyse, g\u00fcn\u00fcn sonunda kendini h\u00fcsrana u\u011fram\u0131\u015f kara kara d\u00fc\u015f\u00fcn\u00fcrken buluyor, benzer<span class=\"excerpt-hellip\"> [\u2026]<\/span><\/p>\n","protected":false},"featured_media":0,"template":"","meta":{"_monsterinsights_skip_tracking":false,"_monsterinsights_sitenote_active":false,"_monsterinsights_sitenote_note":"","_monsterinsights_sitenote_category":0},"product_brand":[],"product_cat":[12358,12357],"product_tag":[],"class_list":{"0":"post-743427","1":"product","2":"type-product","3":"status-publish","5":"product_cat-genel-psikoloji","6":"product_cat-psikoloji","7":"pa_cilt-ciltsiz","8":"pa_tur-kitap","9":"pa_yayinevi-epsilon-yayinlari","10":"pa_yazar-robert-a-glover","12":"first","13":"instock","14":"sale","15":"shipping-taxable","16":"purchasable","17":"product-type-simple"},"_links":{"self":[{"href":"https:\/\/roveyayinevi.com.tr\/index.php\/wp-json\/wp\/v2\/product\/743427","targetHints":{"allow":["GET"]}}],"collection":[{"href":"https:\/\/roveyayinevi.com.tr\/index.php\/wp-json\/wp\/v2\/product"}],"about":[{"href":"https:\/\/roveyayinevi.com.tr\/index.php\/wp-json\/wp\/v2\/types\/product"}],"wp:attachment":[{"href":"https:\/\/roveyayinevi.com.tr\/index.php\/wp-json\/wp\/v2\/media?parent=743427"}],"wp:term":[{"taxonomy":"product_brand","embeddable":true,"href":"https:\/\/roveyayinevi.com.tr\/index.php\/wp-json\/wp\/v2\/product_brand?post=743427"},{"taxonomy":"product_cat","embeddable":true,"href":"https:\/\/roveyayinevi.com.tr\/index.php\/wp-json\/wp\/v2\/product_cat?post=743427"},{"taxonomy":"product_tag","embeddable":true,"href":"https:\/\/roveyayinevi.com.tr\/index.php\/wp-json\/wp\/v2\/product_tag?post=743427"}],"curies":[{"name":"wp","href":"https:\/\/api.w.org\/{rel}","templated":true}]}}