{"id":743426,"date":"2025-08-28T01:34:26","date_gmt":"2025-08-27T22:34:26","guid":{"rendered":"https:\/\/roveyayinevi.com.tr\/index.php\/urun\/cekcek-cocuk-kampa-gidiyor\/"},"modified":"2026-04-16T02:54:44","modified_gmt":"2026-04-15T23:54:44","slug":"cekcek-cocuk-kampa-gidiyor","status":"publish","type":"product","link":"https:\/\/roveyayinevi.com.tr\/index.php\/urun\/cekcek-cocuk-kampa-gidiyor\/","title":{"rendered":"\u00c7ek\u00e7ek \u00c7ocuk Kampa Gidiyor"},"content":{"rendered":"<p>Hal Rifkind, yani \u00c7ek\u00e7ek \u00c7ocuk yaz kamp\u0131na gidiyor. Fakat bu kamp sizin bildi\u011finiz kamplardan de\u011fil: Bir tarih kamp\u0131! D\u00f6rt y\u00fcz y\u0131ld\u0131r hi\u00e7bir \u015feyin de\u011fi\u015fmedi\u011fi Jamestown Kamp\u0131\u2019na ho\u015f geldiniz. Kamp\u00e7\u0131lar tereya\u011f\u0131n\u0131 nas\u0131l yapacaklar\u0131n\u0131 \u00f6\u011frenmek zorundalar. Dereden su ta\u015f\u0131mak zorundalar. Ya da i\u015flerini yapmad\u0131klar\u0131nda cezaland\u0131r\u0131lacaklar.  Fakat bu kampta \u00c7ek\u00e7ek \u00c7ocuk i\u00e7in yanl\u0131\u015f giden bir \u015feyler var. O zaman \u00c7ek\u00e7ek\u2019in g\u00fcnl\u00fc\u011f\u00fcn\u00fc okuyup \u00f6\u011frenme vakti! L.A. Campbell, Park Ridge, New Jersey\u2019de b\u00fcy\u00fcd\u00fc. Colorado \u00dcniversitesine kaydoldu ve gazetecilik b\u00f6l\u00fcm\u00fcn\u00fc dereceyle bitirdi. Kendi reklam ajans\u0131n\u0131 kurdu, ard\u0131ndan Comedy Central ve New York Magazine gibi markalarla \u00e7al\u0131\u015farak \u00f6d\u00fcller kazand\u0131. \u00c7ek\u00e7ek \u00c7ocuk ve Zaman Kaps\u00fcl\u00fc ile \u00c7ek\u00e7ek \u00c7ocuk Kampa Gidiyor\u2019un yazar\u0131d\u0131r. \u015eu an e\u015fi ve iki \u00e7ocu\u011fuyla birlikte New York\u2019ta ya\u015famaktad\u0131r.<\/p>\n","protected":false},"excerpt":{"rendered":"<p>Hal Rifkind, yani \u00c7ek\u00e7ek \u00c7ocuk yaz kamp\u0131na gidiyor. Fakat bu kamp sizin bildi\u011finiz kamplardan de\u011fil: Bir tarih kamp\u0131! D\u00f6rt y\u00fcz y\u0131ld\u0131r hi\u00e7bir \u015feyin de\u011fi\u015fmedi\u011fi Jamestown Kamp\u0131\u2019na<span class=\"excerpt-hellip\"> [\u2026]<\/span><\/p>\n","protected":false},"featured_media":0,"template":"","meta":{"_monsterinsights_skip_tracking":false,"_monsterinsights_sitenote_active":false,"_monsterinsights_sitenote_note":"","_monsterinsights_sitenote_category":0},"product_brand":[],"product_cat":[12689,12274],"product_tag":[],"class_list":{"0":"post-743426","1":"product","2":"type-product","3":"status-publish","5":"product_cat-cizgi-roman-cocuk-ve-genclik-kitaplari","6":"product_cat-cocuk-ve-genclik-kitaplari","7":"pa_cilt-ciltsiz","8":"pa_tur-kitap","9":"pa_yayinevi-epsilon-yayinlari","10":"pa_yazar-l-a-campbell","12":"first","13":"instock","14":"sale","15":"shipping-taxable","16":"purchasable","17":"product-type-simple"},"_links":{"self":[{"href":"https:\/\/roveyayinevi.com.tr\/index.php\/wp-json\/wp\/v2\/product\/743426","targetHints":{"allow":["GET"]}}],"collection":[{"href":"https:\/\/roveyayinevi.com.tr\/index.php\/wp-json\/wp\/v2\/product"}],"about":[{"href":"https:\/\/roveyayinevi.com.tr\/index.php\/wp-json\/wp\/v2\/types\/product"}],"wp:attachment":[{"href":"https:\/\/roveyayinevi.com.tr\/index.php\/wp-json\/wp\/v2\/media?parent=743426"}],"wp:term":[{"taxonomy":"product_brand","embeddable":true,"href":"https:\/\/roveyayinevi.com.tr\/index.php\/wp-json\/wp\/v2\/product_brand?post=743426"},{"taxonomy":"product_cat","embeddable":true,"href":"https:\/\/roveyayinevi.com.tr\/index.php\/wp-json\/wp\/v2\/product_cat?post=743426"},{"taxonomy":"product_tag","embeddable":true,"href":"https:\/\/roveyayinevi.com.tr\/index.php\/wp-json\/wp\/v2\/product_tag?post=743426"}],"curies":[{"name":"wp","href":"https:\/\/api.w.org\/{rel}","templated":true}]}}