{"id":743425,"date":"2025-08-28T01:34:25","date_gmt":"2025-08-27T22:34:25","guid":{"rendered":"https:\/\/roveyayinevi.com.tr\/index.php\/urun\/kene-kalbi\/"},"modified":"2026-04-16T02:54:44","modified_gmt":"2026-04-15T23:54:44","slug":"kene-kalbi","status":"publish","type":"product","link":"https:\/\/roveyayinevi.com.tr\/index.php\/urun\/kene-kalbi\/","title":{"rendered":"Kene Kalbi"},"content":{"rendered":"<p>&#8221;Ekilmi\u015f bir fidan\u0131n hi\u00e7 tutmamas\u0131 do\u011fald\u0131r. Lakin topra\u011f\u0131n meyve vermi\u015f bir a\u011fac\u0131n k\u00f6k\u00fcne kendini yasaklamas\u0131 katlan\u0131l\u0131r dert de\u011fil. Babam o eksik vedadan sonra bir daha hi\u00e7 meyve vermedi. Dedem kendini babama haram etmi\u015fti. Git o\u011flum, ben art\u0131k sana haram\u0131m, benim elim art\u0131k senin i\u00e7in \u00f6p\u00fcl\u00fcr el de\u011fil, demi\u015f. Annemin her anlat\u0131\u015f\u0131nda babam\u0131n da bir \u015fey demesini bekler dururum ama annem oradayd\u0131m, bir \u015fey diyemedi, diye anlat\u0131r.&#8221;                                                         &#8221;KENE KALB\u0130&#8221; k\u00f6y ile kent aras\u0131nda gidip gelen konarg\u00f6\u00e7er \u00f6yk\u00fclerden var olmu\u015ftur. Yazar kitapta ac\u0131, tutku, sevin\u00e7, h\u00fcz\u00fcn, k\u0131skan\u00e7l\u0131k ve ne kadar ba\u015fka duygu varsa t\u00fcm\u00fcn\u00fc ayn\u0131 tencerede kavurarak ad\u0131 insan olan bir yemek sunmu\u015ftur. <\/p>\n","protected":false},"excerpt":{"rendered":"<p>&#8221;Ekilmi\u015f bir fidan\u0131n hi\u00e7 tutmamas\u0131 do\u011fald\u0131r. Lakin topra\u011f\u0131n meyve vermi\u015f bir a\u011fac\u0131n k\u00f6k\u00fcne kendini yasaklamas\u0131 katlan\u0131l\u0131r dert de\u011fil. Babam o eksik vedadan sonra bir daha hi\u00e7<span class=\"excerpt-hellip\"> [\u2026]<\/span><\/p>\n","protected":false},"featured_media":0,"template":"","meta":{"_monsterinsights_skip_tracking":false,"_monsterinsights_sitenote_active":false,"_monsterinsights_sitenote_note":"","_monsterinsights_sitenote_category":0},"product_brand":[],"product_cat":[12291,12711],"product_tag":[],"class_list":{"0":"post-743425","1":"product","2":"type-product","3":"status-publish","5":"product_cat-edebiyat","6":"product_cat-roman-oyku","7":"pa_cilt-ciltsiz","8":"pa_tur-kitap","9":"pa_yayinevi-elpis-yayinlari","10":"pa_yazar-ercan-kalkan","12":"first","13":"instock","14":"sale","15":"shipping-taxable","16":"purchasable","17":"product-type-simple"},"_links":{"self":[{"href":"https:\/\/roveyayinevi.com.tr\/index.php\/wp-json\/wp\/v2\/product\/743425","targetHints":{"allow":["GET"]}}],"collection":[{"href":"https:\/\/roveyayinevi.com.tr\/index.php\/wp-json\/wp\/v2\/product"}],"about":[{"href":"https:\/\/roveyayinevi.com.tr\/index.php\/wp-json\/wp\/v2\/types\/product"}],"wp:attachment":[{"href":"https:\/\/roveyayinevi.com.tr\/index.php\/wp-json\/wp\/v2\/media?parent=743425"}],"wp:term":[{"taxonomy":"product_brand","embeddable":true,"href":"https:\/\/roveyayinevi.com.tr\/index.php\/wp-json\/wp\/v2\/product_brand?post=743425"},{"taxonomy":"product_cat","embeddable":true,"href":"https:\/\/roveyayinevi.com.tr\/index.php\/wp-json\/wp\/v2\/product_cat?post=743425"},{"taxonomy":"product_tag","embeddable":true,"href":"https:\/\/roveyayinevi.com.tr\/index.php\/wp-json\/wp\/v2\/product_tag?post=743425"}],"curies":[{"name":"wp","href":"https:\/\/api.w.org\/{rel}","templated":true}]}}