{"id":743423,"date":"2025-08-28T01:34:23","date_gmt":"2025-08-27T22:34:23","guid":{"rendered":"https:\/\/roveyayinevi.com.tr\/index.php\/urun\/bana-ninni-soyler-misiniz\/"},"modified":"2026-04-16T02:54:44","modified_gmt":"2026-04-15T23:54:44","slug":"bana-ninni-soyler-misiniz","status":"publish","type":"product","link":"https:\/\/roveyayinevi.com.tr\/index.php\/urun\/bana-ninni-soyler-misiniz\/","title":{"rendered":"Bana Ninni S\u00f6yler Misiniz?"},"content":{"rendered":"<p>Ailenin \u00e7ocuk geli\u015fimi \u00fczerinde \u00f6nemli bir yeri vard\u0131r. \u00c7ocu\u011fun benlik ve d\u00fcnya alg\u0131s\u0131, aile \u00fcyeleriyle kuraca\u011f\u0131 ili\u015fkilere ve burada edindi\u011fi deneyimlere g\u00f6re \u015fekil almaktad\u0131r. Mutluluk hissettiren kutlamalar, heyecan verici ke\u015fifler gibi olumlu deneyimler aile \u00fcyelerini yak\u0131nla\u015ft\u0131r\u0131rken, fikir ayr\u0131l\u0131klar\u0131 ve zorlu ya\u015fam olaylar\u0131 zaman zaman ili\u015fkilerde mesafelere sebep olabilir. \u00c7at\u0131\u015fma her aile i\u00e7erisinde ya\u015fanan, birey olmak i\u00e7in de olduk\u00e7a gerekli ve do\u011fal bir durumdur. Ancak \u00e7at\u0131\u015fma, \u00e7iftler aras\u0131ndaki ruhsal ve fiziksel mesafeyi derinle\u015ftirerek \u00e7\u00f6z\u00fcmlenemeyecek bir hal ald\u0131\u011f\u0131nda, ayr\u0131l\u0131k karar\u0131 g\u00fcndeme gelebilir. Bu a\u015famada t\u00fcm aileyi deneyimlemesi zor bir s\u00fcre\u00e7 beklemektedir. Ayr\u0131l\u0131\u011f\u0131n kal\u0131c\u0131 ve resmi evresi olan bo\u015fanma, \u00e7ocu\u011fun geli\u015fimini etkileyen zorlu ya\u015fam olaylar\u0131ndan biridir. \u00c7ocuklar bu s\u00fcre\u00e7te en temel dayanak fig\u00fcrleri olan \u201canne baba \u00e7ifti\u201dne dair \u00f6nemli bir kayb\u0131n yas\u0131n\u0131 tutarlar. \u0130\u00e7inden ge\u00e7ilen \u00e7alkant\u0131l\u0131 de\u011fi\u015fim s\u00fcrecindeki en \u00f6nemli konu, yeti\u015fkinlerin s\u00fcreci nas\u0131l ele ald\u0131\u011f\u0131d\u0131r. Anne ve babalar bo\u015fan\u0131rken \u00e7ocuklar\u0131na duygular\u0131n\u0131 \u00f6zg\u00fcrce ifade edebilme \u015fans\u0131 verdiklerinde bu ya\u015fam olay\u0131 \u0131st\u0131rap yerine ki\u015fisel ve \u00e7evresel ke\u015fiflere olanak tan\u0131yan bir deneyime d\u00f6n\u00fc\u015febilir. G\u00fcn\u00fcm\u00fcz d\u00fcnyas\u0131nda \u00e7ok farkl\u0131 aile yap\u0131lar\u0131na rastlamak m\u00fcmk\u00fcnd\u00fcr. \u00c7ekirdek aileler, geni\u015f aileler, tek ebeveynli aileler, karma aileler ve nicesi\u2026 Her bir aile yap\u0131s\u0131n\u0131n kendine has zenginlikleri ve g\u00fc\u00e7l\u00fckleri olabilir. Bu farkl\u0131 aile yap\u0131lar\u0131n\u0131n harmoni i\u00e7inde yer ald\u0131\u011f\u0131 sosyal ortamlarda b\u00fcy\u00fcyen \u00e7ocuklar yeni bak\u0131\u015f a\u00e7\u0131lar\u0131 ve problem \u00e7\u00f6zme konusunda esneklik kazan\u0131rlar. Bazen karma\u015f\u0131k g\u00f6r\u00fcnen durumlar, olgunla\u015fman\u0131n ve d\u00f6n\u00fc\u015f\u00fcm\u00fcn en k\u0131ymetli itkileridir. Sandra Levins taraf\u0131ndan bu g\u00f6r\u00fc\u015flerle harmanlanarak haz\u0131rlanan Bana Ninni S\u00f6yler misin? bo\u015fanma, yeniden evlenme, karma ailelerde b\u00fcy\u00fcyen \u00e7ocuk olma gibi ba\u015fl\u0131klar\u0131 konu edinmektedir. Hikaye, zorlay\u0131c\u0131 bir durumun i\u00e7erisinden ge\u00e7erken, annenin kapsay\u0131c\u0131l\u0131\u011f\u0131n\u0131 aktard\u0131\u011f\u0131 \u00f6nemli ara\u00e7lardan biri olan sesini kullanarak, \u00e7ocu\u011funun kayg\u0131s\u0131n\u0131 nas\u0131l d\u00f6n\u00fc\u015ft\u00fcrd\u00fc\u011f\u00fcn\u00fc anlatmaktad\u0131r. Ninnilerin ruhsal ya\u015fant\u0131daki rahatlat\u0131c\u0131 g\u00fcc\u00fcn\u00fcn etkisini bir kez daha bizlere hat\u0131rlatan bu hikaye, yeni aile d\u00fczenine al\u0131\u015fmaya \u00e7al\u0131\u015fan bir \u00e7ocu\u011fun annesinin sesinden ald\u0131\u011f\u0131 destekle duygular\u0131n\u0131 nas\u0131l d\u0131\u015fa vurabildi\u011fini a\u00e7\u0131klamaktad\u0131r. Ayn\u0131 zamanda, annenin sakin tutumu ve ortaya koydu\u011fu yarat\u0131c\u0131 \u00e7\u00f6z\u00fcmler sayesinde, ayr\u0131l\u0131k ve yeni ba\u011flar kurma s\u00fcrecinde ya\u015fanan zorluklar\u0131n nas\u0131l \u00fcstesinden gelinebilece\u011fi konusunda da \u00f6nemli bir model sunmaktad\u0131r. <\/p>\n","protected":false},"excerpt":{"rendered":"<p>Ailenin \u00e7ocuk geli\u015fimi \u00fczerinde \u00f6nemli bir yeri vard\u0131r. \u00c7ocu\u011fun benlik ve d\u00fcnya alg\u0131s\u0131, aile \u00fcyeleriyle kuraca\u011f\u0131 ili\u015fkilere ve burada edindi\u011fi deneyimlere g\u00f6re \u015fekil almaktad\u0131r. Mutluluk hissettiren<span class=\"excerpt-hellip\"> [\u2026]<\/span><\/p>\n","protected":false},"featured_media":0,"template":"","meta":{"_monsterinsights_skip_tracking":false,"_monsterinsights_sitenote_active":false,"_monsterinsights_sitenote_note":"","_monsterinsights_sitenote_category":0},"product_brand":[],"product_cat":[12274,12523],"product_tag":[],"class_list":{"0":"post-743423","1":"product","2":"type-product","3":"status-publish","5":"product_cat-cocuk-ve-genclik-kitaplari","6":"product_cat-masallar","7":"pa_cilt-ciltsiz","8":"pa_tur-kitap","9":"pa_yayinevi-okuyan-koala","10":"pa_yazar-sandra-levins","12":"first","13":"instock","14":"sale","15":"shipping-taxable","16":"purchasable","17":"product-type-simple"},"_links":{"self":[{"href":"https:\/\/roveyayinevi.com.tr\/index.php\/wp-json\/wp\/v2\/product\/743423","targetHints":{"allow":["GET"]}}],"collection":[{"href":"https:\/\/roveyayinevi.com.tr\/index.php\/wp-json\/wp\/v2\/product"}],"about":[{"href":"https:\/\/roveyayinevi.com.tr\/index.php\/wp-json\/wp\/v2\/types\/product"}],"wp:attachment":[{"href":"https:\/\/roveyayinevi.com.tr\/index.php\/wp-json\/wp\/v2\/media?parent=743423"}],"wp:term":[{"taxonomy":"product_brand","embeddable":true,"href":"https:\/\/roveyayinevi.com.tr\/index.php\/wp-json\/wp\/v2\/product_brand?post=743423"},{"taxonomy":"product_cat","embeddable":true,"href":"https:\/\/roveyayinevi.com.tr\/index.php\/wp-json\/wp\/v2\/product_cat?post=743423"},{"taxonomy":"product_tag","embeddable":true,"href":"https:\/\/roveyayinevi.com.tr\/index.php\/wp-json\/wp\/v2\/product_tag?post=743423"}],"curies":[{"name":"wp","href":"https:\/\/api.w.org\/{rel}","templated":true}]}}