{"id":743421,"date":"2025-08-28T01:34:21","date_gmt":"2025-08-27T22:34:21","guid":{"rendered":"https:\/\/roveyayinevi.com.tr\/index.php\/urun\/duygusal-duygular-dusunceyi-nasil-sekillendirir\/"},"modified":"2026-04-16T02:54:44","modified_gmt":"2026-04-15T23:54:44","slug":"duygusal-duygular-dusunceyi-nasil-sekillendirir","status":"publish","type":"product","link":"https:\/\/roveyayinevi.com.tr\/index.php\/urun\/duygusal-duygular-dusunceyi-nasil-sekillendirir\/","title":{"rendered":"Duygusal Duygular D\u00fc\u015f\u00fcnceyi Nas\u0131l \u015eekillendirir?"},"content":{"rendered":"<p>Yoksa hepimize yalan m\u0131 s\u00f6ylediler? Ba\u015far\u0131n\u0131n anahtar\u0131 olarak y\u0131llar boyunca rasyonel d\u00fc\u015f\u00fcnme i\u015faret edildi, d\u00fc\u015f\u00fcnme ve hissetmenin davran\u0131\u015flar\u0131m\u0131zda ayr\u0131 ve kar\u015f\u0131t g\u00fc\u00e7ler oldu\u011fu hepimize benimsetildi, ancak son d\u00f6nemde ara\u015ft\u0131rmac\u0131lar taraf\u0131ndan yeni bir ke\u015fif ortaya at\u0131ld\u0131: Duygular da en az d\u00fc\u015f\u00fcnmek kadar \u00f6nemlidir! Ba\u015fkalar\u0131yla nas\u0131l daha iyi ba\u011flant\u0131 kurabilece\u011fimizin; hayal k\u0131r\u0131kl\u0131klar\u0131m\u0131z\u0131, korkular\u0131m\u0131z\u0131, endi\u015felerimizi nas\u0131l anlamland\u0131rabilece\u011fimizin; daha mutlu bir ya\u015fam s\u00fcrd\u00fcrmek i\u00e7in neler yapabilece\u011fimizin cevab\u0131 duygular\u0131m\u0131z\u0131 anlamakta yat\u0131yor. \u00d6nc\u00fc bilim insanlar\u0131n\u0131n laboratuvarlar\u0131na dalan ve felaketle fl\u00f6rt eden ger\u00e7ek d\u00fcnya senaryolar\u0131na yolculuk yapan Leonard Mlodinow, duygular\u0131m\u0131z\u0131n nas\u0131l yard\u0131mc\u0131 olabilece\u011fini, neden bazen incitti\u011fini ve her iki durumda da neler \u00f6\u011frenebilece\u011fimizi g\u00f6steriyor. T\u00fcm d\u00fcnyada b\u00fcy\u00fck yank\u0131 uyand\u0131ran Subliminal\u2019in yazar\u0131 Mlodinow, evrimimize ve biyolojimize ili\u015fkin derin kavray\u0131\u015flar\u0131 kullanarak, duygular\u0131m\u0131z\u0131 daha iyi anlamam\u0131z ve onlar\u0131n faydalar\u0131n\u0131 en \u00fcst d\u00fczeye \u00e7\u0131karmam\u0131z i\u00e7in bize ara\u00e7lar sunuyor. Karakteristik netli\u011fi ve b\u00fcy\u00fcleyici hikayeleriyle Duygusal: Duygular D\u00fc\u015f\u00fcnceyi Nas\u0131l \u015eekillendirir? yeni duygu bilimini ke\u015ffediyor ve bize do\u011fan\u0131n en b\u00fcy\u00fck arma\u011fanlar\u0131ndan birinden en iyi \u015fekilde yararlanmam\u0131z i\u00e7in temel bir rehber sunuyor. \u201cDuygular\u0131n bilin\u00e7d\u0131\u015f\u0131ndan d\u00fc\u015f\u00fcnceleri nas\u0131l y\u00f6nlendirdi\u011fini anlamakla ilgilenenler i\u00e7in haz verici bir okuma. Mlodinow, ikna edici \u00f6rnekler ve g\u00fcncel ara\u015ft\u0131rmalarla konuyu mahirane bi\u00e7imde ele al\u0131yor ki epey etkileyici bir \u015fey bu\u2026 Rasyonelli\u011fin karar alma s\u00fcre\u00e7lerindeki s\u0131n\u0131rl\u0131 etkisine dair gitgide g\u00fc\u00e7lenen konsens\u00fcs\u00fcn canl\u0131 bir tezah\u00fcr\u00fc.\u201d \u2014 The New York Times Book Review \u201cLeonard Mlodinow, bu kitab\u0131nda h\u0131zland\u0131r\u0131lm\u0131\u015f bir kurs vadediyor. Rotas\u0131 insanlar\u0131n (ve hayvanlar aleminin) davran\u0131\u015flar\u0131 olan, \u00fcst\u00fcnk\u00f6r\u00fc olmaktan \u00e7ok renkli bir yolculu\u011fu and\u0131ran bir kurs bu. Bu ak\u0131lc\u0131 ve derli toplu kitap, genel olarak duygular\u0131 kullanmakla de\u011fil, duygular\u0131n bilimiyle ilgileniyor ama bunu yaparken tavsiyeler vermek ve okuyucunun kendi i\u00e7ine d\u00f6nmesini sa\u011flamak f\u0131rsat\u0131ndan da geri durmuyor\u2026 Yaln\u0131zca hayret verici de\u011fil, ayn\u0131 zamanda etkileyici bir eser.\u201d \u2014 The Wall Street Journal \u201cEtkileyici\u2026 Duygular\u0131n ve d\u00fc\u015f\u00fcncelerin kar\u015f\u0131l\u0131kl\u0131 ili\u015fkisini ke\u015ffetmek b\u00fcy\u00fcleyici\u2026 Duygusal, duygular\u0131m\u0131z\u0131n k\u00f6stek i\u015flevi ta\u015f\u0131mad\u0131\u011f\u0131n\u0131, aksine hayatlar\u0131m\u0131z\u0131 zenginle\u015ftirdi\u011fini g\u00f6steriyor.\u201d \u2014 Financial Times <\/p>\n","protected":false},"excerpt":{"rendered":"<p>Yoksa hepimize yalan m\u0131 s\u00f6ylediler? Ba\u015far\u0131n\u0131n anahtar\u0131 olarak y\u0131llar boyunca rasyonel d\u00fc\u015f\u00fcnme i\u015faret edildi, d\u00fc\u015f\u00fcnme ve hissetmenin davran\u0131\u015flar\u0131m\u0131zda ayr\u0131 ve kar\u015f\u0131t g\u00fc\u00e7ler oldu\u011fu hepimize benimsetildi, ancak<span class=\"excerpt-hellip\"> [\u2026]<\/span><\/p>\n","protected":false},"featured_media":0,"template":"","meta":{"_monsterinsights_skip_tracking":false,"_monsterinsights_sitenote_active":false,"_monsterinsights_sitenote_note":"","_monsterinsights_sitenote_category":0},"product_brand":[],"product_cat":[12358,12357],"product_tag":[],"class_list":{"0":"post-743421","1":"product","2":"type-product","3":"status-publish","5":"product_cat-genel-psikoloji","6":"product_cat-psikoloji","7":"pa_cilt-ciltsiz","8":"pa_tur-kitap","9":"pa_yayinevi-okuyan-us-yayin","10":"pa_yazar-leonard-mlodinow","12":"first","13":"instock","14":"sale","15":"shipping-taxable","16":"purchasable","17":"product-type-simple"},"_links":{"self":[{"href":"https:\/\/roveyayinevi.com.tr\/index.php\/wp-json\/wp\/v2\/product\/743421","targetHints":{"allow":["GET"]}}],"collection":[{"href":"https:\/\/roveyayinevi.com.tr\/index.php\/wp-json\/wp\/v2\/product"}],"about":[{"href":"https:\/\/roveyayinevi.com.tr\/index.php\/wp-json\/wp\/v2\/types\/product"}],"wp:attachment":[{"href":"https:\/\/roveyayinevi.com.tr\/index.php\/wp-json\/wp\/v2\/media?parent=743421"}],"wp:term":[{"taxonomy":"product_brand","embeddable":true,"href":"https:\/\/roveyayinevi.com.tr\/index.php\/wp-json\/wp\/v2\/product_brand?post=743421"},{"taxonomy":"product_cat","embeddable":true,"href":"https:\/\/roveyayinevi.com.tr\/index.php\/wp-json\/wp\/v2\/product_cat?post=743421"},{"taxonomy":"product_tag","embeddable":true,"href":"https:\/\/roveyayinevi.com.tr\/index.php\/wp-json\/wp\/v2\/product_tag?post=743421"}],"curies":[{"name":"wp","href":"https:\/\/api.w.org\/{rel}","templated":true}]}}