{"id":743419,"date":"2025-08-28T01:34:19","date_gmt":"2025-08-27T22:34:19","guid":{"rendered":"https:\/\/roveyayinevi.com.tr\/index.php\/urun\/herkes-icin-emdr\/"},"modified":"2026-04-16T02:54:44","modified_gmt":"2026-04-15T23:54:44","slug":"herkes-icin-emdr","status":"publish","type":"product","link":"https:\/\/roveyayinevi.com.tr\/index.php\/urun\/herkes-icin-emdr\/","title":{"rendered":"Herkes \u0130\u00e7in Emdr"},"content":{"rendered":"<p>EMDR g\u00f6z\u00fcyle travma, biz cesaretle \u00fczerine gitti\u011fimizde d\u00f6n\u00fc\u015f\u00fcm i\u00e7in en b\u00fcy\u00fck f\u0131rsat, biz \u00e7\u00f6zemedik\u00e7e boynumuzdaki en b\u00fcy\u00fck prangad\u0131r.   EMDR terapisinin \u00fclkemizdeki \u00f6nde gelen isimleri taraf\u0131ndan, merakl\u0131lar\u0131 i\u00e7in, bilimsel ve g\u00fcncel son bilgileri herkesin anlayabilece\u011fi bir dilden aktarabilmek amac\u0131yla haz\u0131rlanan Herkes \u0130\u00e7in EMDR, kendi ruhsall\u0131\u011f\u0131n\u0131 ve de\u011fi\u015fimini desteklemek i\u00e7in yeni bak\u0131\u015f a\u00e7\u0131s\u0131 arayanlara sesleniyor.  EMDR terapisinin psikolojik sorunlara nas\u0131l bakt\u0131\u011f\u0131n\u0131 dikkatle inceleyen bu kitap, ayn\u0131 zamanda travmay\u0131 nas\u0131l tan\u0131mlad\u0131\u011f\u0131na; travman\u0131n a\u00e7t\u0131\u011f\u0131 yaralar ve ortaya \u00e7\u0131kard\u0131\u011f\u0131 sorunlar\u0131n neler oldu\u011funa; Adaptif Bilgi \u0130\u015fleme\u2019nin anlam\u0131na, bu bak\u0131\u015f a\u00e7\u0131s\u0131 ile terapide hangi ad\u0131mlar\u0131n at\u0131ld\u0131\u011f\u0131na; s\u0131k\u00e7a rastlanan tan\u0131 gruplar\u0131yla nas\u0131l \u00e7al\u0131\u015ft\u0131\u011f\u0131na; bu tan\u0131 gruplar\u0131ndaki etkinlik d\u00fczeyine odaklan\u0131yor ve sa\u011falt\u0131m nas\u0131l olu\u015fturulur; dan\u0131\u015fan olarak psikoterapi yolculu\u011fu nas\u0131l desteklenir gibi sorulara yan\u0131t veriyor. <\/p>\n","protected":false},"excerpt":{"rendered":"<p>EMDR g\u00f6z\u00fcyle travma, biz cesaretle \u00fczerine gitti\u011fimizde d\u00f6n\u00fc\u015f\u00fcm i\u00e7in en b\u00fcy\u00fck f\u0131rsat, biz \u00e7\u00f6zemedik\u00e7e boynumuzdaki en b\u00fcy\u00fck prangad\u0131r. EMDR terapisinin \u00fclkemizdeki \u00f6nde gelen isimleri taraf\u0131ndan, merakl\u0131lar\u0131<span class=\"excerpt-hellip\"> [\u2026]<\/span><\/p>\n","protected":false},"featured_media":0,"template":"","meta":{"_monsterinsights_skip_tracking":false,"_monsterinsights_sitenote_active":false,"_monsterinsights_sitenote_note":"","_monsterinsights_sitenote_category":0},"product_brand":[],"product_cat":[12358,12357],"product_tag":[],"class_list":{"0":"post-743419","1":"product","2":"type-product","3":"status-publish","5":"product_cat-genel-psikoloji","6":"product_cat-psikoloji","7":"pa_cilt-ciltsiz","8":"pa_tur-kitap","9":"pa_yayinevi-okuyan-us-yayin","10":"pa_yazar-kolektif","12":"first","13":"instock","14":"sale","15":"shipping-taxable","16":"purchasable","17":"product-type-simple"},"_links":{"self":[{"href":"https:\/\/roveyayinevi.com.tr\/index.php\/wp-json\/wp\/v2\/product\/743419","targetHints":{"allow":["GET"]}}],"collection":[{"href":"https:\/\/roveyayinevi.com.tr\/index.php\/wp-json\/wp\/v2\/product"}],"about":[{"href":"https:\/\/roveyayinevi.com.tr\/index.php\/wp-json\/wp\/v2\/types\/product"}],"wp:attachment":[{"href":"https:\/\/roveyayinevi.com.tr\/index.php\/wp-json\/wp\/v2\/media?parent=743419"}],"wp:term":[{"taxonomy":"product_brand","embeddable":true,"href":"https:\/\/roveyayinevi.com.tr\/index.php\/wp-json\/wp\/v2\/product_brand?post=743419"},{"taxonomy":"product_cat","embeddable":true,"href":"https:\/\/roveyayinevi.com.tr\/index.php\/wp-json\/wp\/v2\/product_cat?post=743419"},{"taxonomy":"product_tag","embeddable":true,"href":"https:\/\/roveyayinevi.com.tr\/index.php\/wp-json\/wp\/v2\/product_tag?post=743419"}],"curies":[{"name":"wp","href":"https:\/\/api.w.org\/{rel}","templated":true}]}}