{"id":743417,"date":"2025-08-28T01:34:17","date_gmt":"2025-08-27T22:34:17","guid":{"rendered":"https:\/\/roveyayinevi.com.tr\/index.php\/urun\/doga-sporcularinin-ekorekreasyonel-tutumlari\/"},"modified":"2026-04-16T02:54:44","modified_gmt":"2026-04-15T23:54:44","slug":"doga-sporcularinin-ekorekreasyonel-tutumlari","status":"publish","type":"product","link":"https:\/\/roveyayinevi.com.tr\/index.php\/urun\/doga-sporcularinin-ekorekreasyonel-tutumlari\/","title":{"rendered":"Do\u011fa Sporcular\u0131n\u0131n Ekorekreasyonel Tutumlar\u0131"},"content":{"rendered":"<p>1. G\u0130R\u0130\u015e 1.1. Zaman 1.1.1. Bo\u015f Zaman Kavram\u0131 1.2. Rekreasyon Kavram\u0131 1.2.1. Rekreasyonun S\u0131n\u0131fland\u0131r\u0131lmas\u0131 1.2.1.1. A\u00e7\u0131k Alan Rekreasyonu 1.3. Rekreasyon ve \u00c7evre 1.3.1. Ekorekreasyon 1.3.1.1. Ekorekreasyon Politikalar\u0131 ve \u00d6rnekleri 1.4. Tutum 1.4.1. Tutumu Olu\u015fturan \u00d6\u011feler 1.4.1.1. Bili\u015fsel (Zihinsel) \u00d6\u011fe 1.4.1.2. Duygusal \u00d6\u011fe 1.4.1.3. Davran\u0131\u015fsal \u00d6\u011fe 2. GERE\u00c7 VE Y\u00d6NTEM 2.1. Ara\u015ft\u0131rma Y\u00f6ntemi 2.2. Ara\u015ft\u0131rman\u0131n Evren ve \u00d6rneklemi 2.3. Veri Toplama Ara\u00e7lar\u0131 2.3.1. Ki\u015fisel Bilgi Formu 2.3.2. Ekorekreasyonel Tutum \u00d6l\u00e7e\u011fi: 2.4. Verilerin Toplanmas\u0131 2.5. Verilerin Analizi 3. BULGULAR 4. TARTI\u015eMA \u00d6neriler 5. KAYNAKLAR 6. EKLER <\/p>\n","protected":false},"excerpt":{"rendered":"<p>1. G\u0130R\u0130\u015e 1.1. Zaman 1.1.1. Bo\u015f Zaman Kavram\u0131 1.2. Rekreasyon Kavram\u0131 1.2.1. Rekreasyonun S\u0131n\u0131fland\u0131r\u0131lmas\u0131 1.2.1.1. A\u00e7\u0131k Alan Rekreasyonu 1.3. Rekreasyon ve \u00c7evre 1.3.1. Ekorekreasyon 1.3.1.1. Ekorekreasyon<span class=\"excerpt-hellip\"> [\u2026]<\/span><\/p>\n","protected":false},"featured_media":0,"template":"","meta":{"_monsterinsights_skip_tracking":false,"_monsterinsights_sitenote_active":false,"_monsterinsights_sitenote_note":"","_monsterinsights_sitenote_category":0},"product_brand":[],"product_cat":[12573,12566],"product_tag":[],"class_list":{"0":"post-743417","1":"product","2":"type-product","3":"status-publish","5":"product_cat-akademik-kitaplar","6":"product_cat-egitim","7":"pa_cilt-ciltsiz","8":"pa_tur-kitap","9":"pa_yayinevi-gazi-kitabevi","10":"pa_yazar-zeki-vaizoglu","12":"first","13":"instock","14":"sale","15":"shipping-taxable","16":"purchasable","17":"product-type-simple"},"_links":{"self":[{"href":"https:\/\/roveyayinevi.com.tr\/index.php\/wp-json\/wp\/v2\/product\/743417","targetHints":{"allow":["GET"]}}],"collection":[{"href":"https:\/\/roveyayinevi.com.tr\/index.php\/wp-json\/wp\/v2\/product"}],"about":[{"href":"https:\/\/roveyayinevi.com.tr\/index.php\/wp-json\/wp\/v2\/types\/product"}],"wp:attachment":[{"href":"https:\/\/roveyayinevi.com.tr\/index.php\/wp-json\/wp\/v2\/media?parent=743417"}],"wp:term":[{"taxonomy":"product_brand","embeddable":true,"href":"https:\/\/roveyayinevi.com.tr\/index.php\/wp-json\/wp\/v2\/product_brand?post=743417"},{"taxonomy":"product_cat","embeddable":true,"href":"https:\/\/roveyayinevi.com.tr\/index.php\/wp-json\/wp\/v2\/product_cat?post=743417"},{"taxonomy":"product_tag","embeddable":true,"href":"https:\/\/roveyayinevi.com.tr\/index.php\/wp-json\/wp\/v2\/product_tag?post=743417"}],"curies":[{"name":"wp","href":"https:\/\/api.w.org\/{rel}","templated":true}]}}