{"id":743416,"date":"2025-08-28T01:34:16","date_gmt":"2025-08-27T22:34:16","guid":{"rendered":"https:\/\/roveyayinevi.com.tr\/index.php\/urun\/futbolcularda-diz-bolgesi-izokinetik-kas-kuvvetinin-farkli-vurus-tekniklerinde-top-hizina-etkisinin-degerlendirilmesi\/"},"modified":"2026-04-16T02:54:44","modified_gmt":"2026-04-15T23:54:44","slug":"futbolcularda-diz-bolgesi-izokinetik-kas-kuvvetinin-farkli-vurus-tekniklerinde-top-hizina-etkisinin-degerlendirilmesi","status":"publish","type":"product","link":"https:\/\/roveyayinevi.com.tr\/index.php\/urun\/futbolcularda-diz-bolgesi-izokinetik-kas-kuvvetinin-farkli-vurus-tekniklerinde-top-hizina-etkisinin-degerlendirilmesi\/","title":{"rendered":"Futbolcularda Diz B\u00f6lgesi \u0130zokinetik Kas Kuvvetinin Farkl\u0131 Vuru\u015f Tekniklerinde Top H\u0131z\u0131na Etkisinin De\u011ferlendirilmesi"},"content":{"rendered":"<p>1. G\u0130R\u0130\u015e 2. GENEL B\u0130LG\u0130LER 2.1. Diz Ekleminin Anatomisi 2.2. Diz B\u00f6lgesi Kaslar\u0131 2.3. Diz Ekleminin Biyomekani\u011fi 2.3.1. Diz Eklemine Ekstansiyon Yapt\u0131ran Kaslar 2.3.2. Diz Eklemine Fleksiyon Yapt\u0131ran Kaslar 2.4. Kas ve Kuvvet 2.4.1.Kas Kuvvet Sinir \u0130li\u015fkisi 2.4.2. Kas Kas\u0131lma \u00c7e\u015fitleri 2.5. Topa Vuru\u015f Teknikleri 2.5.1. Ayak \u0130\u00e7i Vuru\u015f 2.5.2. \u00dcst Vuru\u015f 2.5.3. \u0130\u00e7-\u00dcst Vuru\u015f 2.5.4. D\u0131\u015f Vuru\u015f 3. MATERYAL VE METOT 3.1. \u0130zokinetik \u00d6l\u00e7\u00fcmler 3.2. Top H\u0131z\u0131 \u00d6l\u00e7\u00fcmleri 3.3. \u0130statistiksel Analiz<\/p>\n","protected":false},"excerpt":{"rendered":"<p>1. G\u0130R\u0130\u015e 2. GENEL B\u0130LG\u0130LER 2.1. Diz Ekleminin Anatomisi 2.2. Diz B\u00f6lgesi Kaslar\u0131 2.3. Diz Ekleminin Biyomekani\u011fi 2.3.1. Diz Eklemine Ekstansiyon Yapt\u0131ran Kaslar 2.3.2. Diz Eklemine<span class=\"excerpt-hellip\"> [\u2026]<\/span><\/p>\n","protected":false},"featured_media":0,"template":"","meta":{"_monsterinsights_skip_tracking":false,"_monsterinsights_sitenote_active":false,"_monsterinsights_sitenote_note":"","_monsterinsights_sitenote_category":0},"product_brand":[],"product_cat":[12573,12566],"product_tag":[],"class_list":{"0":"post-743416","1":"product","2":"type-product","3":"status-publish","5":"product_cat-akademik-kitaplar","6":"product_cat-egitim","7":"pa_cilt-ciltsiz","8":"pa_tur-kitap","9":"pa_yayinevi-gazi-kitabevi","10":"pa_yazar-dr-hamza-kucuk","12":"first","13":"instock","14":"sale","15":"shipping-taxable","16":"purchasable","17":"product-type-simple"},"_links":{"self":[{"href":"https:\/\/roveyayinevi.com.tr\/index.php\/wp-json\/wp\/v2\/product\/743416","targetHints":{"allow":["GET"]}}],"collection":[{"href":"https:\/\/roveyayinevi.com.tr\/index.php\/wp-json\/wp\/v2\/product"}],"about":[{"href":"https:\/\/roveyayinevi.com.tr\/index.php\/wp-json\/wp\/v2\/types\/product"}],"wp:attachment":[{"href":"https:\/\/roveyayinevi.com.tr\/index.php\/wp-json\/wp\/v2\/media?parent=743416"}],"wp:term":[{"taxonomy":"product_brand","embeddable":true,"href":"https:\/\/roveyayinevi.com.tr\/index.php\/wp-json\/wp\/v2\/product_brand?post=743416"},{"taxonomy":"product_cat","embeddable":true,"href":"https:\/\/roveyayinevi.com.tr\/index.php\/wp-json\/wp\/v2\/product_cat?post=743416"},{"taxonomy":"product_tag","embeddable":true,"href":"https:\/\/roveyayinevi.com.tr\/index.php\/wp-json\/wp\/v2\/product_tag?post=743416"}],"curies":[{"name":"wp","href":"https:\/\/api.w.org\/{rel}","templated":true}]}}