{"id":743415,"date":"2025-08-28T01:34:15","date_gmt":"2025-08-27T22:34:15","guid":{"rendered":"https:\/\/roveyayinevi.com.tr\/index.php\/urun\/politik-psikoloji-notlari\/"},"modified":"2026-04-16T02:54:44","modified_gmt":"2026-04-15T23:54:44","slug":"politik-psikoloji-notlari","status":"publish","type":"product","link":"https:\/\/roveyayinevi.com.tr\/index.php\/urun\/politik-psikoloji-notlari\/","title":{"rendered":"Politik Psikoloji Notlar\u0131"},"content":{"rendered":"<p>\u201cPolitik psikoloji, \u00e7e\u015fitli toplumbilim disiplinleri aras\u0131 temel erekleri g\u00f6zden ka\u00e7\u0131rmadan, reelpolitik yap\u0131lar\u0131n, insan\u0131n psi\u015fik yap\u0131s\u0131 \u00fczerine olan etkilerini ara\u015ft\u0131rma, kuramsal\/ampirik bulgulardan \u00e7\u0131karsamalar yapma, yeni y\u00f6ntemler olu\u015fturma, insan ve toplum \u00fczerine yeni bilgiler edinme, eski bilgileri bu yenilerinin \u0131\u015f\u0131\u011f\u0131nda yeniden yorumlama \u00e7abas\u0131na girmi\u015ftir. Burada, sosyolojinin, politolojinin, psikolojinin, sosyal psikolojinin ve psikiyatrinin, politik-psikolojiye b\u00fcy\u00fck katk\u0131lar\u0131 olmaktad\u0131r. Ger\u00e7ekte politik psikoloji, b\u00f6ylesi birikimlerin ortak paydas\u0131n\u0131 olu\u015fturmaktad\u0131r.\u201d \u2014Serol Teber \u201cPolitik-Psikoloji Notlar\u0131\u2019nda Teber tam anlam\u0131yla Frankfurt Okulu\u2019nun tilmizi haline gelmi\u015ftir. Liberal yazarlarda g\u00f6r\u00fclen ortak \u00f6\u011feler olan emperyalizm kuram\u0131n\u0131 yok sayma, tarihsel olarak verili s\u0131n\u0131f m\u00fccadelelerini g\u00f6rmezden gelme, bunlar\u0131n yerini \u00e7e\u015fitli psikolojik, Veberyen ele\u015ftirilerle doldurma e\u011filimi, d\u00fcnyan\u0131n gelece\u011fine ili\u015fkin karamsarl\u0131k ve umutsuzluk b\u00fct\u00fcn boyutlar\u0131 ile ortaya \u00e7\u0131kar. \u00d6yle bir karamsarl\u0131k vard\u0131r ki giri\u015fte Teber \u015funlar\u0131 yazm\u0131\u015ft\u0131r: \u2018ve insan, yapabilece\u011fi son etkinli\u011fin ancak intihar oldu\u011funu, fakat art\u0131k, intihar edebilecek kadar olsun bir etkinlik yetene\u011finin kalmad\u0131\u011f\u0131n\u0131 anlar\u2026\u2019 (Teber, 2001, s. 21)\u201d \u2014Prof. Dr. Erhan Nal\u00e7ac\u0131 ve Ekin \u015een, \u201cSerol Teber\u2019in Ya\u015fam\u0131 ve Eserleri \u00dczerine\u201d \u201cTutunamayanlar\u201d\u0131n Politik Psikolojisi, Bilimsel Bir Peri Masal\u0131: Freud\u2019un \u201cAile ve Tarihsel Roman\u0131\u201d, A\u015fiyan\u2019daki Kahin: Tevfik Fikret\u2019in Melankolik D\u00fcnyas\u0131, Melankoli: Normal Bir Anomali kitaplar\u0131n\u0131 Okuyan Us Yay\u0131nevi\u2019ne emanet eden Serol Teber, Politik Psikoloji Notlar\u0131\u2019n\u0131n ard\u0131ndan Do\u011fan\u0131n \u0130nsanla\u015fmas\u0131 ile \u00e7ok yak\u0131nda okurlar\u0131yla yeniden bulu\u015facak. <\/p>\n","protected":false},"excerpt":{"rendered":"<p>\u201cPolitik psikoloji, \u00e7e\u015fitli toplumbilim disiplinleri aras\u0131 temel erekleri g\u00f6zden ka\u00e7\u0131rmadan, reelpolitik yap\u0131lar\u0131n, insan\u0131n psi\u015fik yap\u0131s\u0131 \u00fczerine olan etkilerini ara\u015ft\u0131rma, kuramsal\/ampirik bulgulardan \u00e7\u0131karsamalar yapma, yeni y\u00f6ntemler olu\u015fturma,<span class=\"excerpt-hellip\"> [\u2026]<\/span><\/p>\n","protected":false},"featured_media":0,"template":"","meta":{"_monsterinsights_skip_tracking":false,"_monsterinsights_sitenote_active":false,"_monsterinsights_sitenote_note":"","_monsterinsights_sitenote_category":0},"product_brand":[],"product_cat":[12358,12357],"product_tag":[],"class_list":{"0":"post-743415","1":"product","2":"type-product","3":"status-publish","5":"product_cat-genel-psikoloji","6":"product_cat-psikoloji","7":"pa_cilt-ciltsiz","8":"pa_tur-kitap","9":"pa_yayinevi-okuyan-us-yayin","10":"pa_yazar-serol-teber","12":"first","13":"instock","14":"sale","15":"shipping-taxable","16":"purchasable","17":"product-type-simple"},"_links":{"self":[{"href":"https:\/\/roveyayinevi.com.tr\/index.php\/wp-json\/wp\/v2\/product\/743415","targetHints":{"allow":["GET"]}}],"collection":[{"href":"https:\/\/roveyayinevi.com.tr\/index.php\/wp-json\/wp\/v2\/product"}],"about":[{"href":"https:\/\/roveyayinevi.com.tr\/index.php\/wp-json\/wp\/v2\/types\/product"}],"wp:attachment":[{"href":"https:\/\/roveyayinevi.com.tr\/index.php\/wp-json\/wp\/v2\/media?parent=743415"}],"wp:term":[{"taxonomy":"product_brand","embeddable":true,"href":"https:\/\/roveyayinevi.com.tr\/index.php\/wp-json\/wp\/v2\/product_brand?post=743415"},{"taxonomy":"product_cat","embeddable":true,"href":"https:\/\/roveyayinevi.com.tr\/index.php\/wp-json\/wp\/v2\/product_cat?post=743415"},{"taxonomy":"product_tag","embeddable":true,"href":"https:\/\/roveyayinevi.com.tr\/index.php\/wp-json\/wp\/v2\/product_tag?post=743415"}],"curies":[{"name":"wp","href":"https:\/\/api.w.org\/{rel}","templated":true}]}}