{"id":743414,"date":"2025-08-28T01:34:14","date_gmt":"2025-08-27T22:34:14","guid":{"rendered":"https:\/\/roveyayinevi.com.tr\/index.php\/urun\/benzersiz-nasreddin-hocanin-maceralari\/"},"modified":"2026-04-16T02:54:44","modified_gmt":"2026-04-15T23:54:44","slug":"benzersiz-nasreddin-hocanin-maceralari","status":"publish","type":"product","link":"https:\/\/roveyayinevi.com.tr\/index.php\/urun\/benzersiz-nasreddin-hocanin-maceralari\/","title":{"rendered":"Benzersiz Nasreddin Hoca\u2019n\u0131n Maceralar\u0131"},"content":{"rendered":"<p>\u201cHER FIKRADA B\u0130R DERS YA DA HER FIKRADA E\u011eLENCE VARDIR, TERC\u0130H S\u0130ZE KALMI\u015eTIR.\u201d   \u0130dris \u015eah bizi bu kitapla gizemli ak\u0131l hocas\u0131 Molla Nasreddin\u2019in kalbine g\u00f6t\u00fcr\u00fcyor. Derlenmi\u015f onlarca f\u0131kran\u0131n ve s\u00f6z\u00fcn ustal\u0131kl\u0131 ve \u00e7a\u011fda\u015f yeniden anlat\u0131mlar\u0131, zamans\u0131z \u015fakac\u0131n\u0131n hatas\u0131z \u2013\u00e7o\u011fu zaman geri kalm\u0131\u015f\u2013 bilgeli\u011fini, zek\u00e2s\u0131n\u0131 ve cazibesini hayata ge\u00e7iriyor. Nasreddin Hoca f\u0131kralar\u0131 Ortado\u011fu\u2019dan Yunanistan\u2019a, Rusya\u2019ya, Fransa\u2019ya hatta \u00c7in\u2019e kadar edebiyat ve s\u00f6zl\u00fc geleneklerde yer al\u0131r. Hoca, son derece budala, ola\u011fan\u00fcst\u00fc zeki, mistik gizemlere sahip biri olarak \u00e7ok \u00e7e\u015fitli profillerde sunulur. Bir\u00e7ok \u00fclke onun kendi topraklar\u0131ndan do\u011fdu\u011funu s\u00f6yler, ancak ger\u00e7ekte kimse onun kim oldu\u011funu ve nereden geldi\u011fini bilmez. Y\u00fczy\u0131llar boyu tasavvuf \u00e7evrelerinde gizli hikmetlerinden dolay\u0131 incelenen f\u0131kralar, \u0130dris \u015eah\u2019\u0131n belirtti\u011fi gibi, s\u0131kl\u0131kla makul bir davran\u0131\u015f olarak g\u00f6r\u00fclen zihin \u00e7arp\u0131kl\u0131klar\u0131n\u0131 yal\u0131tmak ve tutmak i\u00e7in m\u00fckemmel \u015fekilde tasarlanm\u0131\u015f modellerdir. Bu nedenle \u00e7ifte kullan\u0131mlar\u0131 vard\u0131r, f\u0131kralardan e\u011flenme ama\u00e7l\u0131 zevk al\u0131nd\u0131\u011f\u0131nda, psikolojik \u00f6nemleri azalmaya ba\u015flar. <\/p>\n","protected":false},"excerpt":{"rendered":"<p>\u201cHER FIKRADA B\u0130R DERS YA DA HER FIKRADA E\u011eLENCE VARDIR, TERC\u0130H S\u0130ZE KALMI\u015eTIR.\u201d \u0130dris \u015eah bizi bu kitapla gizemli ak\u0131l hocas\u0131 Molla Nasreddin\u2019in kalbine g\u00f6t\u00fcr\u00fcyor. Derlenmi\u015f<span class=\"excerpt-hellip\"> [\u2026]<\/span><\/p>\n","protected":false},"featured_media":0,"template":"","meta":{"_monsterinsights_skip_tracking":false,"_monsterinsights_sitenote_active":false,"_monsterinsights_sitenote_note":"","_monsterinsights_sitenote_category":0},"product_brand":[],"product_cat":[13072,12291],"product_tag":[],"class_list":{"0":"post-743414","1":"product","2":"type-product","3":"status-publish","5":"product_cat-arastirma-inceleme-referans","6":"product_cat-edebiyat","7":"pa_cilt-ciltsiz","8":"pa_tur-kitap","9":"pa_yayinevi-beyaz-baykus-yayinlari","10":"pa_yazar-idris-sah","12":"first","13":"instock","14":"sale","15":"shipping-taxable","16":"purchasable","17":"product-type-simple"},"_links":{"self":[{"href":"https:\/\/roveyayinevi.com.tr\/index.php\/wp-json\/wp\/v2\/product\/743414","targetHints":{"allow":["GET"]}}],"collection":[{"href":"https:\/\/roveyayinevi.com.tr\/index.php\/wp-json\/wp\/v2\/product"}],"about":[{"href":"https:\/\/roveyayinevi.com.tr\/index.php\/wp-json\/wp\/v2\/types\/product"}],"wp:attachment":[{"href":"https:\/\/roveyayinevi.com.tr\/index.php\/wp-json\/wp\/v2\/media?parent=743414"}],"wp:term":[{"taxonomy":"product_brand","embeddable":true,"href":"https:\/\/roveyayinevi.com.tr\/index.php\/wp-json\/wp\/v2\/product_brand?post=743414"},{"taxonomy":"product_cat","embeddable":true,"href":"https:\/\/roveyayinevi.com.tr\/index.php\/wp-json\/wp\/v2\/product_cat?post=743414"},{"taxonomy":"product_tag","embeddable":true,"href":"https:\/\/roveyayinevi.com.tr\/index.php\/wp-json\/wp\/v2\/product_tag?post=743414"}],"curies":[{"name":"wp","href":"https:\/\/api.w.org\/{rel}","templated":true}]}}