{"id":743412,"date":"2025-08-28T01:34:12","date_gmt":"2025-08-27T22:34:12","guid":{"rendered":"https:\/\/roveyayinevi.com.tr\/index.php\/urun\/garip-3\/"},"modified":"2026-04-16T02:54:44","modified_gmt":"2026-04-15T23:54:44","slug":"garip-3","status":"publish","type":"product","link":"https:\/\/roveyayinevi.com.tr\/index.php\/urun\/garip-3\/","title":{"rendered":"Garip"},"content":{"rendered":"<p>Var olan t\u00fcm kelimelerin t\u00fckendi\u011fi yerde, geriye sadece biri kal\u0131r&#8230;   \u201cBu g\u00fcvenli k\u00f6y\u00fc terk ederek d\u00fcnyan\u0131n en tekinsiz yolculu\u011funa \u00e7\u0131kacak, ard\u0131nda ne oldu\u011funu kimsenin bilmedi\u011fi o s\u0131n\u0131r\u0131 ge\u00e7ecek ve var olan her \u015feyin sorumlusunu bulup hesap soracaks\u0131n, \u00f6yle mi? \u00dcstelik her ad\u0131m\u0131nda daha da garip bir hal alacak, bir noktas\u0131nda muhtemelen akl\u0131n\u0131 ve sonra da hayat\u0131n\u0131 kaybedece\u011fin bu yolculu\u011fa daha \u00f6nce \u00e7\u0131kan tek bir ki\u015finin bile geri d\u00f6nmedi\u011fini bilerek&#8230; Ama neden?\u201d *** \u0130nsana ve hayat\u0131n anlam\u0131na dair en derin sorular\u0131n cevaplar\u0131n\u0131 destans\u0131 bir yolculuk i\u00e7inde veren GAR\u0130P, okurunu bildi\u011fi \u00e2lemden \u00e7\u0131kararak sars\u0131c\u0131 derinliklere sokuyor. Her ad\u0131mda daha da gariple\u015fen ve sonunda akl\u0131n s\u0131n\u0131rlar\u0131n\u0131 zorlayan bu yolculuk, okuru sezgisel yetilerini kullanarak \u201cs\u0131n\u0131r\u0131n \u00f6tesi\u201dni anlamaya \u00e7a\u011f\u0131r\u0131rken; t\u00fcm dinlerin, peygamberlerin ve tasavvuf gelene\u011finden ayd\u0131nlanma \u00f6\u011fretilerine uzanan yollar\u0131n \u00f6z\u00fcndeki hakikati de olabilecek en yal\u0131n ve anla\u015f\u0131l\u0131r dilde aktar\u0131yor&#8230; <\/p>\n","protected":false},"excerpt":{"rendered":"<p>Var olan t\u00fcm kelimelerin t\u00fckendi\u011fi yerde, geriye sadece biri kal\u0131r&#8230; \u201cBu g\u00fcvenli k\u00f6y\u00fc terk ederek d\u00fcnyan\u0131n en tekinsiz yolculu\u011funa \u00e7\u0131kacak, ard\u0131nda ne oldu\u011funu kimsenin bilmedi\u011fi o<span class=\"excerpt-hellip\"> [\u2026]<\/span><\/p>\n","protected":false},"featured_media":0,"template":"","meta":{"_monsterinsights_skip_tracking":false,"_monsterinsights_sitenote_active":false,"_monsterinsights_sitenote_note":"","_monsterinsights_sitenote_category":0},"product_brand":[],"product_cat":[12718,12719,15238],"product_tag":[],"class_list":{"0":"post-743412","1":"product","2":"type-product","3":"status-publish","5":"product_cat-din","6":"product_cat-islam","7":"product_cat-tasavvuf","8":"pa_cilt-ciltsiz","9":"pa_tur-kitap","10":"pa_yayinevi-destek-yayinlari","11":"pa_yazar-cagri-dorter","13":"first","14":"instock","15":"sale","16":"shipping-taxable","17":"purchasable","18":"product-type-simple"},"_links":{"self":[{"href":"https:\/\/roveyayinevi.com.tr\/index.php\/wp-json\/wp\/v2\/product\/743412","targetHints":{"allow":["GET"]}}],"collection":[{"href":"https:\/\/roveyayinevi.com.tr\/index.php\/wp-json\/wp\/v2\/product"}],"about":[{"href":"https:\/\/roveyayinevi.com.tr\/index.php\/wp-json\/wp\/v2\/types\/product"}],"wp:attachment":[{"href":"https:\/\/roveyayinevi.com.tr\/index.php\/wp-json\/wp\/v2\/media?parent=743412"}],"wp:term":[{"taxonomy":"product_brand","embeddable":true,"href":"https:\/\/roveyayinevi.com.tr\/index.php\/wp-json\/wp\/v2\/product_brand?post=743412"},{"taxonomy":"product_cat","embeddable":true,"href":"https:\/\/roveyayinevi.com.tr\/index.php\/wp-json\/wp\/v2\/product_cat?post=743412"},{"taxonomy":"product_tag","embeddable":true,"href":"https:\/\/roveyayinevi.com.tr\/index.php\/wp-json\/wp\/v2\/product_tag?post=743412"}],"curies":[{"name":"wp","href":"https:\/\/api.w.org\/{rel}","templated":true}]}}