{"id":743411,"date":"2025-08-28T01:34:11","date_gmt":"2025-08-27T22:34:11","guid":{"rendered":"https:\/\/roveyayinevi.com.tr\/index.php\/urun\/mulahazalar\/"},"modified":"2026-04-16T02:54:44","modified_gmt":"2026-04-15T23:54:44","slug":"mulahazalar","status":"publish","type":"product","link":"https:\/\/roveyayinevi.com.tr\/index.php\/urun\/mulahazalar\/","title":{"rendered":"M\u00fclahazalar"},"content":{"rendered":"<p>\u201cH\u0130\u00c7B\u0130R \u015eEY YAPMAMAKTANSA B\u0130R \u015eEY\u0130 DENEMEK DAHA \u0130Y\u0130D\u0130R.\u201d   Fabllar\u0131n amac\u0131n\u0131n yaln\u0131zca e\u011flendirmek, \u00f6\u011fretmekle s\u0131n\u0131rland\u0131\u011f\u0131n\u0131 ya da tamamen kurguya dayal\u0131 masals\u0131 anlat\u0131mlar oldu\u011funu mu d\u00fc\u015f\u00fcn\u00fcyorsunuz? En iyi fabllar ger\u00e7ek hayatta, toplumda ve ki\u015finin zihinsel s\u00fcre\u00e7lerinde ger\u00e7ekle\u015fen \u015feylerin tasvirleridir.   M\u00dcLAHAZALAR, kendimizi anlamaya, ba\u015fkalar\u0131yla kurdu\u011fumuz ili\u015fkilere ve bu ili\u015fkilerin s\u0131n\u0131rlar\u0131na ayna tutan bir fabllar, aforizmalar ve ifadeler koleksiyonudur. G\u00fc\u00e7l\u00fc bir etkiye sahip olan M\u00dcLAHAZALAR, ko\u015fullu zihne meydan okuyan, provokat\u00f6r bir yap\u0131dad\u0131r. Okuyucuyu al\u0131\u015f\u0131lmam\u0131\u015f bak\u0131\u015f a\u00e7\u0131lar\u0131 ve fikirlerle kar\u015f\u0131 kar\u015f\u0131ya getiren s\u00fcrprizlerle dolu bu kitapta \u0130dris \u015eah, toplumsal de\u011fi\u015ftoku\u015flar\u0131m\u0131zdaki da\u011f\u0131n\u0131k fark\u0131ndal\u0131\u011fa, g\u00fcd\u00fclerimize ve psikolojik s\u00fcre\u00e7lere de\u011finerek zihni \u00f6zg\u00fcrle\u015ftirmenin s\u0131ra d\u0131\u015f\u0131 yollar\u0131na dikkat \u00e7ekiyor. <\/p>\n","protected":false},"excerpt":{"rendered":"<p>\u201cH\u0130\u00c7B\u0130R \u015eEY YAPMAMAKTANSA B\u0130R \u015eEY\u0130 DENEMEK DAHA \u0130Y\u0130D\u0130R.\u201d Fabllar\u0131n amac\u0131n\u0131n yaln\u0131zca e\u011flendirmek, \u00f6\u011fretmekle s\u0131n\u0131rland\u0131\u011f\u0131n\u0131 ya da tamamen kurguya dayal\u0131 masals\u0131 anlat\u0131mlar oldu\u011funu mu d\u00fc\u015f\u00fcn\u00fcyorsunuz? En iyi<span class=\"excerpt-hellip\"> [\u2026]<\/span><\/p>\n","protected":false},"featured_media":0,"template":"","meta":{"_monsterinsights_skip_tracking":false,"_monsterinsights_sitenote_active":false,"_monsterinsights_sitenote_note":"","_monsterinsights_sitenote_category":0},"product_brand":[],"product_cat":[12718,12719,15238],"product_tag":[],"class_list":{"0":"post-743411","1":"product","2":"type-product","3":"status-publish","5":"product_cat-din","6":"product_cat-islam","7":"product_cat-tasavvuf","8":"pa_cilt-ciltsiz","9":"pa_tur-kitap","10":"pa_yayinevi-beyaz-baykus-yayinlari","11":"pa_yazar-idris-sah","13":"first","14":"instock","15":"sale","16":"shipping-taxable","17":"purchasable","18":"product-type-simple"},"_links":{"self":[{"href":"https:\/\/roveyayinevi.com.tr\/index.php\/wp-json\/wp\/v2\/product\/743411","targetHints":{"allow":["GET"]}}],"collection":[{"href":"https:\/\/roveyayinevi.com.tr\/index.php\/wp-json\/wp\/v2\/product"}],"about":[{"href":"https:\/\/roveyayinevi.com.tr\/index.php\/wp-json\/wp\/v2\/types\/product"}],"wp:attachment":[{"href":"https:\/\/roveyayinevi.com.tr\/index.php\/wp-json\/wp\/v2\/media?parent=743411"}],"wp:term":[{"taxonomy":"product_brand","embeddable":true,"href":"https:\/\/roveyayinevi.com.tr\/index.php\/wp-json\/wp\/v2\/product_brand?post=743411"},{"taxonomy":"product_cat","embeddable":true,"href":"https:\/\/roveyayinevi.com.tr\/index.php\/wp-json\/wp\/v2\/product_cat?post=743411"},{"taxonomy":"product_tag","embeddable":true,"href":"https:\/\/roveyayinevi.com.tr\/index.php\/wp-json\/wp\/v2\/product_tag?post=743411"}],"curies":[{"name":"wp","href":"https:\/\/api.w.org\/{rel}","templated":true}]}}