{"id":743410,"date":"2025-08-28T01:34:10","date_gmt":"2025-08-27T22:34:10","guid":{"rendered":"https:\/\/roveyayinevi.com.tr\/index.php\/urun\/su-acayip-sinekler\/"},"modified":"2026-04-16T02:54:44","modified_gmt":"2026-04-15T23:54:44","slug":"su-acayip-sinekler","status":"publish","type":"product","link":"https:\/\/roveyayinevi.com.tr\/index.php\/urun\/su-acayip-sinekler\/","title":{"rendered":"\u015eu Acayip Sinekler"},"content":{"rendered":"<p>NE ZAMAN Acayip \u015eeyler\u2019in yeni bir kitab\u0131na ya da yeni bir kitab\u0131n yeni bir b\u00f6l\u00fcm\u00fcne ba\u015flasam, kafam\u0131n i\u00e7inde bir sivrisine\u011fin insan\u0131 huzursuz eden v\u0131z\u0131lt\u0131s\u0131 gibi hep ayn\u0131 sesi duymaya ba\u015flar, kendime hep \u015fu soruyu sorar\u0131m: \u201cSence bunu merak ediyorlar m\u0131d\u0131r?\u201d Sonra kendi soruma kendim cevap verir ve \u201cNeden etmesinler\u201d derim. \u201cBu \u2014mesela bir sivrisine\u011fin yarat\u0131l\u0131\u015f \u00f6yk\u00fcs\u00fc\u2014 merak edilmeyecek \u015fey midir Allah a\u015fk\u0131na?\u201d Vallahi canca\u011fazlar\u0131m, sizi bilmem ama ben merak ediyorum. \u0130nsanlar b\u00fcy\u00fcd\u00fck\u00e7e meraklar\u0131 k\u00fc\u00e7\u00fcl\u00fcr derler. Hadi diyelim ben ya\u015fland\u0131m ama bir t\u00fcrl\u00fc b\u00fcy\u00fcyemedim; fakat \u015fu kadar kitapt\u0131r benimle birlikte, y\u0131ld\u0131zlardan kar\u0131ncalara kadar ne hik\u00e2yelerin, ne maceralar\u0131n, ne acayip \u015feylerin pe\u015finde ko\u015ftu\u011funuza g\u00f6re, siz de bir t\u00fcrl\u00fc b\u00fcy\u00fcyemiyorsunuz galiba! \u00d6yleyse ka\u00e7 ya\u015f\u0131nda olurlarsa olsunlar; ister yedi, isterse yetmi\u015f yedi; yerlerin ve g\u00f6klerin mucizeleri ard\u0131 s\u0131ra; k\u00fc\u00e7\u00fclmeyen bir merak, t\u00fckenmeyen bir heyecan, kalpten bir hayret ve l\u00e2h\u00fbt\u00ee bir ne\u015fe ile ko\u015fan b\u00fct\u00fcn \u00e7ocuklara selam olsun! <\/p>\n","protected":false},"excerpt":{"rendered":"<p>NE ZAMAN Acayip \u015eeyler\u2019in yeni bir kitab\u0131na ya da yeni bir kitab\u0131n yeni bir b\u00f6l\u00fcm\u00fcne ba\u015flasam, kafam\u0131n i\u00e7inde bir sivrisine\u011fin insan\u0131 huzursuz eden v\u0131z\u0131lt\u0131s\u0131 gibi hep<span class=\"excerpt-hellip\"> [\u2026]<\/span><\/p>\n","protected":false},"featured_media":0,"template":"","meta":{"_monsterinsights_skip_tracking":false,"_monsterinsights_sitenote_active":false,"_monsterinsights_sitenote_note":"","_monsterinsights_sitenote_category":0},"product_brand":[],"product_cat":[13829,12274],"product_tag":[],"class_list":{"0":"post-743410","1":"product","2":"type-product","3":"status-publish","5":"product_cat-bilimsel-kitaplar","6":"product_cat-cocuk-ve-genclik-kitaplari","7":"pa_cilt-ciltsiz","8":"pa_tur-kitap","9":"pa_yayinevi-ugurbocegi-yayinlari","10":"pa_yazar-tarik-uslu","12":"first","13":"instock","14":"sale","15":"shipping-taxable","16":"purchasable","17":"product-type-simple"},"_links":{"self":[{"href":"https:\/\/roveyayinevi.com.tr\/index.php\/wp-json\/wp\/v2\/product\/743410","targetHints":{"allow":["GET"]}}],"collection":[{"href":"https:\/\/roveyayinevi.com.tr\/index.php\/wp-json\/wp\/v2\/product"}],"about":[{"href":"https:\/\/roveyayinevi.com.tr\/index.php\/wp-json\/wp\/v2\/types\/product"}],"wp:attachment":[{"href":"https:\/\/roveyayinevi.com.tr\/index.php\/wp-json\/wp\/v2\/media?parent=743410"}],"wp:term":[{"taxonomy":"product_brand","embeddable":true,"href":"https:\/\/roveyayinevi.com.tr\/index.php\/wp-json\/wp\/v2\/product_brand?post=743410"},{"taxonomy":"product_cat","embeddable":true,"href":"https:\/\/roveyayinevi.com.tr\/index.php\/wp-json\/wp\/v2\/product_cat?post=743410"},{"taxonomy":"product_tag","embeddable":true,"href":"https:\/\/roveyayinevi.com.tr\/index.php\/wp-json\/wp\/v2\/product_tag?post=743410"}],"curies":[{"name":"wp","href":"https:\/\/api.w.org\/{rel}","templated":true}]}}