{"id":743408,"date":"2025-08-28T01:34:08","date_gmt":"2025-08-27T22:34:08","guid":{"rendered":"https:\/\/roveyayinevi.com.tr\/index.php\/urun\/zor-zamanlar-icin-dharma\/"},"modified":"2026-04-16T02:54:44","modified_gmt":"2026-04-15T23:54:44","slug":"zor-zamanlar-icin-dharma","status":"publish","type":"product","link":"https:\/\/roveyayinevi.com.tr\/index.php\/urun\/zor-zamanlar-icin-dharma\/","title":{"rendered":"Zor Zamanlar \u0130\u00e7in Dharma"},"content":{"rendered":"<p>Hi\u00e7bir b\u00fcy\u00fck manevi kahraman, kafa kar\u0131\u015ft\u0131ran ikilemle y\u00fczle\u015fmekten ka\u00e7\u0131nmaz.   Bu d\u00fcnyada, \u00f6zellikle \u015fu anki zor ve karma\u015f\u0131k d\u00fcnyada dharma\u2019n\u0131z\u0131n ne oldu\u011funu biliyor musunuz? Bu \u00f6zel bedenle, neden bu zaman ve mek\u00e2nda buraya yerle\u015ftirildi\u011finizi hi\u00e7 d\u00fc\u015f\u00fcnd\u00fcn\u00fcz m\u00fc? Sabahlar\u0131 hangi ama\u00e7 i\u00e7in uyan\u0131r\u0131z? Krishna, \u201cSizi kurtarmas\u0131 i\u00e7in dharma\u2019n\u0131za y\u00f6nelin\u201d der. E\u011fer onu \u00f6\u011frenmezseniz, hayat\u0131n kar\u015f\u0131n\u0131za \u00e7\u0131karmay\u0131 planlad\u0131\u011f\u0131 ka\u00e7\u0131n\u0131lmaz ikilemler labirentinde yolunuzu bulman\u0131z imk\u00e2ns\u0131zla\u015f\u0131r. Kim oldu\u011funuzu bilmezseniz, bu hayatta ger\u00e7ekle\u015ftirmeniz gereken eylemlere nas\u0131l karar verebilirsiniz ki? Bilim insan\u0131 ve e\u011fitmen Stephen Cope\u2019un kaleme ald\u0131\u011f\u0131 bu harika rehber, krizlerin bizi amac\u0131m\u0131zdan sapt\u0131rmak zorunda olmad\u0131\u011f\u0131n\u0131, asl\u0131nda amac\u0131m\u0131z\u0131 bulmam\u0131za ve kendi benli\u011fimizin en iyi haliyle ilerlememize yard\u0131mc\u0131 olabildi\u011fini g\u00f6sterirken, Arjuna\u2019n\u0131n kendini ke\u015ffetme ser\u00fcveninin destans\u0131 anlat\u0131s\u0131 olan Bhagavad Gita\u2019n\u0131n kadim bilgeli\u011finden bir yol haritas\u0131 olarak faydalanarak, d\u00f6n\u00fc\u015f\u00fcm prensipleri arac\u0131l\u0131\u011f\u0131yla kay\u0131p, de\u011fi\u015fim, m\u00fccadele ve \u015f\u00fcphe labirentinden \u00e7\u0131k\u0131\u015f\u0131n kap\u0131s\u0131na y\u00f6nlendiriyor. <\/p>\n","protected":false},"excerpt":{"rendered":"<p>Hi\u00e7bir b\u00fcy\u00fck manevi kahraman, kafa kar\u0131\u015ft\u0131ran ikilemle y\u00fczle\u015fmekten ka\u00e7\u0131nmaz. Bu d\u00fcnyada, \u00f6zellikle \u015fu anki zor ve karma\u015f\u0131k d\u00fcnyada dharma\u2019n\u0131z\u0131n ne oldu\u011funu biliyor musunuz? Bu \u00f6zel bedenle,<span class=\"excerpt-hellip\"> [\u2026]<\/span><\/p>\n","protected":false},"featured_media":0,"template":"","meta":{"_monsterinsights_skip_tracking":false,"_monsterinsights_sitenote_active":false,"_monsterinsights_sitenote_note":"","_monsterinsights_sitenote_category":0},"product_brand":[],"product_cat":[12364,12376],"product_tag":[],"class_list":{"0":"post-743408","1":"product","2":"type-product","3":"status-publish","5":"product_cat-genel-konular","6":"product_cat-kisisel-gelisim","7":"pa_cilt-ciltsiz","8":"pa_tur-kitap","9":"pa_yayinevi-destek-yayinlari","10":"pa_yazar-stephen-cope","12":"first","13":"instock","14":"sale","15":"shipping-taxable","16":"purchasable","17":"product-type-simple"},"_links":{"self":[{"href":"https:\/\/roveyayinevi.com.tr\/index.php\/wp-json\/wp\/v2\/product\/743408","targetHints":{"allow":["GET"]}}],"collection":[{"href":"https:\/\/roveyayinevi.com.tr\/index.php\/wp-json\/wp\/v2\/product"}],"about":[{"href":"https:\/\/roveyayinevi.com.tr\/index.php\/wp-json\/wp\/v2\/types\/product"}],"wp:attachment":[{"href":"https:\/\/roveyayinevi.com.tr\/index.php\/wp-json\/wp\/v2\/media?parent=743408"}],"wp:term":[{"taxonomy":"product_brand","embeddable":true,"href":"https:\/\/roveyayinevi.com.tr\/index.php\/wp-json\/wp\/v2\/product_brand?post=743408"},{"taxonomy":"product_cat","embeddable":true,"href":"https:\/\/roveyayinevi.com.tr\/index.php\/wp-json\/wp\/v2\/product_cat?post=743408"},{"taxonomy":"product_tag","embeddable":true,"href":"https:\/\/roveyayinevi.com.tr\/index.php\/wp-json\/wp\/v2\/product_tag?post=743408"}],"curies":[{"name":"wp","href":"https:\/\/api.w.org\/{rel}","templated":true}]}}