{"id":743406,"date":"2025-08-28T01:34:06","date_gmt":"2025-08-27T22:34:06","guid":{"rendered":"https:\/\/roveyayinevi.com.tr\/index.php\/urun\/bu-tariflerle-gebe-kalinir\/"},"modified":"2026-04-16T02:54:44","modified_gmt":"2026-04-15T23:54:44","slug":"bu-tariflerle-gebe-kalinir","status":"publish","type":"product","link":"https:\/\/roveyayinevi.com.tr\/index.php\/urun\/bu-tariflerle-gebe-kalinir\/","title":{"rendered":"Bu Tariflerle Gebe Kal\u0131n\u0131r"},"content":{"rendered":"<p>Sa\u011fl\u0131kl\u0131 bebekler i\u00e7in bilimle yo\u011furduk lezzetle pi\u015firdik.   \u00c7ocuk isteminde ve gebelik s\u00fcreci boyunca bize en \u00e7ok sorulan sorunun bilimsel tarifleri mevcut bu kitapta. Sizler i\u00e7in gebe kalabilmede en etkin besinleri bir araya getirerek lezzetli ve hem kad\u0131n yumurtas\u0131na hem de erkek spermine fayda sa\u011flamaya y\u00f6nelik tarifler olu\u015fturduk. Hem erkek hem kad\u0131n i\u00e7in bilimsel besinlerin lezzetli bulu\u015fmas\u0131 ile d\u00fcnyada ilk kez sa\u011fl\u0131kl\u0131 gebeli\u011fe giden yolun tariflerini sunuyoruz. Olu\u015fturdu\u011fumuz lezzetli ve pratik tariflerle nas\u0131l gebe kal\u0131naca\u011f\u0131 ve gebeli\u011finizin nas\u0131l sa\u011fl\u0131kl\u0131 bir \u015fekilde devam edece\u011finin s\u0131rr\u0131n\u0131 veriyoruz. Nas\u0131l beslenmeliyim? Ne \u015fekilde beslenirsem daha rahat gebe kal\u0131r\u0131m? Hangi vitaminleri t\u00fcketmeliyim? Gebe kald\u0131ktan sonra beslenmem nas\u0131l olmal\u0131? Sorular\u0131n cevaplar\u0131 bu kitapta&#8230; <\/p>\n","protected":false},"excerpt":{"rendered":"<p>Sa\u011fl\u0131kl\u0131 bebekler i\u00e7in bilimle yo\u011furduk lezzetle pi\u015firdik. \u00c7ocuk isteminde ve gebelik s\u00fcreci boyunca bize en \u00e7ok sorulan sorunun bilimsel tarifleri mevcut bu kitapta. Sizler i\u00e7in gebe<span class=\"excerpt-hellip\"> [\u2026]<\/span><\/p>\n","protected":false},"featured_media":0,"template":"","meta":{"_monsterinsights_skip_tracking":false,"_monsterinsights_sitenote_active":false,"_monsterinsights_sitenote_note":"","_monsterinsights_sitenote_category":0},"product_brand":[],"product_cat":[20313,13365],"product_tag":[],"class_list":{"0":"post-743406","1":"product","2":"type-product","3":"status-publish","5":"product_cat-basvuru-kitaplari-saglik","6":"product_cat-saglik","7":"pa_cilt-ciltsiz","8":"pa_tur-kitap","9":"pa_yayinevi-destek-yayinlari","10":"pa_yazar-gokalp-oner","12":"first","13":"instock","14":"sale","15":"shipping-taxable","16":"purchasable","17":"product-type-simple"},"_links":{"self":[{"href":"https:\/\/roveyayinevi.com.tr\/index.php\/wp-json\/wp\/v2\/product\/743406","targetHints":{"allow":["GET"]}}],"collection":[{"href":"https:\/\/roveyayinevi.com.tr\/index.php\/wp-json\/wp\/v2\/product"}],"about":[{"href":"https:\/\/roveyayinevi.com.tr\/index.php\/wp-json\/wp\/v2\/types\/product"}],"wp:attachment":[{"href":"https:\/\/roveyayinevi.com.tr\/index.php\/wp-json\/wp\/v2\/media?parent=743406"}],"wp:term":[{"taxonomy":"product_brand","embeddable":true,"href":"https:\/\/roveyayinevi.com.tr\/index.php\/wp-json\/wp\/v2\/product_brand?post=743406"},{"taxonomy":"product_cat","embeddable":true,"href":"https:\/\/roveyayinevi.com.tr\/index.php\/wp-json\/wp\/v2\/product_cat?post=743406"},{"taxonomy":"product_tag","embeddable":true,"href":"https:\/\/roveyayinevi.com.tr\/index.php\/wp-json\/wp\/v2\/product_tag?post=743406"}],"curies":[{"name":"wp","href":"https:\/\/api.w.org\/{rel}","templated":true}]}}