{"id":743405,"date":"2025-08-28T01:34:05","date_gmt":"2025-08-27T22:34:05","guid":{"rendered":"https:\/\/roveyayinevi.com.tr\/index.php\/urun\/50-maddede-hz-ayse-ve-islamda-kadin\/"},"modified":"2026-04-16T02:54:44","modified_gmt":"2026-04-15T23:54:44","slug":"50-maddede-hz-ayse-ve-islamda-kadin","status":"publish","type":"product","link":"https:\/\/roveyayinevi.com.tr\/index.php\/urun\/50-maddede-hz-ayse-ve-islamda-kadin\/","title":{"rendered":"50 Maddede Hz. Ay\u015fe ve \u0130slam\u2019da Kad\u0131n"},"content":{"rendered":"<p>\u0130slam dini kad\u0131nlara nas\u0131l bakar? Ger\u00e7ekten erkeklerin \u00fcst\u00fcnl\u00fc\u011f\u00fc var m\u0131d\u0131r? Hz. Muhammed bu konuda neler s\u00f6yledi? Peygamber\u2019in evlilikleri ve kad\u0131na bak\u0131\u015f\u0131 nas\u0131ld\u0131? Kad\u0131nlar\u0131n evlilik ya\u015f\u0131 ve bu konudaki g\u00f6r\u00fc\u015fler nelerdir? Peygamber\u2019in e\u015fi Ay\u015fe\u2019nin \u00f6nemi neydi? \u0130FK yani \u201c\u0130ftira Hadisesi\u201d neydi, neler oldu? Hz. Ay\u015fe ve mezhep tart\u0131\u015fmas\u0131ndaki \u00f6nemi nedir? O y\u0131llarda ya\u015fanan k\u0131skan\u00e7l\u0131klar nelerdi? \u0130slam dini sava\u015f dini midir yoksa bar\u0131\u015f dini mi?   Bu kitap, t\u00fcm bu sorular\u0131n yan\u0131tlar\u0131n\u0131 ve daha fazlas\u0131n\u0131, ara\u015ft\u0131rmac\u0131 gazeteci Do\u011fan Satm\u0131\u015f\u2019\u0131n g\u00f6z\u00fcnden size sunuyor. <\/p>\n","protected":false},"excerpt":{"rendered":"<p>\u0130slam dini kad\u0131nlara nas\u0131l bakar? Ger\u00e7ekten erkeklerin \u00fcst\u00fcnl\u00fc\u011f\u00fc var m\u0131d\u0131r? Hz. Muhammed bu konuda neler s\u00f6yledi? Peygamber\u2019in evlilikleri ve kad\u0131na bak\u0131\u015f\u0131 nas\u0131ld\u0131? Kad\u0131nlar\u0131n evlilik ya\u015f\u0131 ve<span class=\"excerpt-hellip\"> [\u2026]<\/span><\/p>\n","protected":false},"featured_media":0,"template":"","meta":{"_monsterinsights_skip_tracking":false,"_monsterinsights_sitenote_active":false,"_monsterinsights_sitenote_note":"","_monsterinsights_sitenote_category":0},"product_brand":[],"product_cat":[12718,12719],"product_tag":[],"class_list":{"0":"post-743405","1":"product","2":"type-product","3":"status-publish","5":"product_cat-din","6":"product_cat-islam","7":"pa_cilt-ciltsiz","8":"pa_tur-kitap","9":"pa_yayinevi-kara-karga-yayinlari","10":"pa_yazar-dogan-satmis","12":"first","13":"instock","14":"sale","15":"shipping-taxable","16":"purchasable","17":"product-type-simple"},"_links":{"self":[{"href":"https:\/\/roveyayinevi.com.tr\/index.php\/wp-json\/wp\/v2\/product\/743405","targetHints":{"allow":["GET"]}}],"collection":[{"href":"https:\/\/roveyayinevi.com.tr\/index.php\/wp-json\/wp\/v2\/product"}],"about":[{"href":"https:\/\/roveyayinevi.com.tr\/index.php\/wp-json\/wp\/v2\/types\/product"}],"wp:attachment":[{"href":"https:\/\/roveyayinevi.com.tr\/index.php\/wp-json\/wp\/v2\/media?parent=743405"}],"wp:term":[{"taxonomy":"product_brand","embeddable":true,"href":"https:\/\/roveyayinevi.com.tr\/index.php\/wp-json\/wp\/v2\/product_brand?post=743405"},{"taxonomy":"product_cat","embeddable":true,"href":"https:\/\/roveyayinevi.com.tr\/index.php\/wp-json\/wp\/v2\/product_cat?post=743405"},{"taxonomy":"product_tag","embeddable":true,"href":"https:\/\/roveyayinevi.com.tr\/index.php\/wp-json\/wp\/v2\/product_tag?post=743405"}],"curies":[{"name":"wp","href":"https:\/\/api.w.org\/{rel}","templated":true}]}}