{"id":743403,"date":"2025-08-28T01:34:02","date_gmt":"2025-08-27T22:34:02","guid":{"rendered":"https:\/\/roveyayinevi.com.tr\/index.php\/urun\/ruh-ile-yuz-yuze\/"},"modified":"2026-04-16T02:54:44","modified_gmt":"2026-04-15T23:54:44","slug":"ruh-ile-yuz-yuze","status":"publish","type":"product","link":"https:\/\/roveyayinevi.com.tr\/index.php\/urun\/ruh-ile-yuz-yuze\/","title":{"rendered":"Ruh ile Y\u00fcz Y\u00fcze"},"content":{"rendered":"<p>RUH \u0130LE Y\u00dcZ Y\u00dcZE, bireysel ve kurumsal m\u00fc\u015fterilere, devletler ve kraliyet ailelerine yapt\u0131\u011f\u0131 tasar\u0131m projeleriyle d\u00fcnyay\u0131 dola\u015fm\u0131\u015f bir mimar\u0131n s\u0131ra d\u0131\u015f\u0131 yolculu\u011funu anlatmaktad\u0131r. Bir ruhsal medyum oldu\u011funda, ufku geni\u015flemi\u015f, \u00e7\u0131kt\u0131\u011f\u0131 bu yolculukta ruhsal d\u00fcnyaya g\u00f6\u00e7 etmi\u015f ki\u015filerle ileti\u015fim kurmaya, onlar\u0131n portrelerini yapmaya ba\u015flam\u0131\u015ft\u0131r. Bununla birlikte her birimizin i\u00e7inde var olan \u015fifa g\u00fcc\u00fcn\u00fc ve duygusal ya\u015fam, aile ve inan\u00e7 sistemlerinin ki\u015fileri nesiller boyunca nas\u0131l etkileyebildi\u011fini ke\u015ffetmi\u015f, bu yolculuk onu daha egzotik yerlere ta\u015f\u0131m\u0131\u015ft\u0131r. Esi\u2019nin esprili bir dille anlatt\u0131\u011f\u0131, ruhsal ileti\u015fim ve \u015fifa arac\u0131l\u0131\u011f\u0131yla yard\u0131m etmi\u015f oldu\u011fu ki\u015filerle ilgili dokunakl\u0131 \u00f6yk\u00fclerin ve \u00e7izdi\u011fi portrelerin bize e\u015flik etti\u011fi bu yolculuk, bizi hayata tesad\u00fcfen geldi\u011fimiz, i\u00e7ine do\u011fdu\u011fumuz aileleri ve toplumu rastgele se\u00e7ti\u011fimiz inanc\u0131n\u0131 sorgulamaya davet ediyor. RUH \u0130LE Y\u00dcZ Y\u00dcZE sizi de, eski al\u0131\u015fkanl\u0131klar\u0131n\u0131z\u0131 ve fikirlerinizi g\u00f6zden ge\u00e7irmeye ba\u015flaman\u0131z ve hayat\u0131n\u0131za yeni bir anlam, ki\u015fisel g\u00fc\u00e7 getirecek olan inanc\u0131 bulman\u0131z i\u00e7in cesaretlendirecektir.   \u201cTam macera dolu hayat\u0131m\u0131n nihayet duruldu\u011funu d\u00fc\u015f\u00fcnmeye ba\u015flad\u0131\u011f\u0131mda, benim i\u00e7in kesinlikle planlanmam\u0131\u015f, \u00e7ok daha hayret verici bir yolculuk ba\u015flad\u0131; beni bilgelik ve akl\u0131n s\u0131n\u0131rlar\u0131n\u0131 a\u015fan bir yere g\u00f6t\u00fcrd\u00fc. Ruhsal D\u00fcnya ile tan\u0131\u015ft\u0131m ve bu sadece bir ba\u015flang\u0131\u00e7t\u0131!\u201d   Esi \u00c7akmak\u00e7\u0131o\u011flu d\u00fcnyan\u0131n \u00e7e\u015fitli \u00fclkelerinde 40 seneden fazla \u00e7al\u0131\u015fm\u0131\u015f ve \u00f6d\u00fcller kazanm\u0131\u015f bir mimar ve kentsel tasar\u0131mc\u0131d\u0131r. Londra\u2019da ya\u015famaktad\u0131r ve 2003 senesinden beri \u00fclkeler aras\u0131 ruhsal medyum, artist, \u015fifac\u0131 ve klinik hipnoterapisti olarak da \u00e7al\u0131\u015fmaktad\u0131r.<\/p>\n","protected":false},"excerpt":{"rendered":"<p>RUH \u0130LE Y\u00dcZ Y\u00dcZE, bireysel ve kurumsal m\u00fc\u015fterilere, devletler ve kraliyet ailelerine yapt\u0131\u011f\u0131 tasar\u0131m projeleriyle d\u00fcnyay\u0131 dola\u015fm\u0131\u015f bir mimar\u0131n s\u0131ra d\u0131\u015f\u0131 yolculu\u011funu anlatmaktad\u0131r. Bir ruhsal medyum<span class=\"excerpt-hellip\"> [\u2026]<\/span><\/p>\n","protected":false},"featured_media":0,"template":"","meta":{"_monsterinsights_skip_tracking":false,"_monsterinsights_sitenote_active":false,"_monsterinsights_sitenote_note":"","_monsterinsights_sitenote_category":0},"product_brand":[],"product_cat":[12364,16154],"product_tag":[],"class_list":{"0":"post-743403","1":"product","2":"type-product","3":"status-publish","5":"product_cat-genel-konular","6":"product_cat-parapsikoloji","7":"pa_cilt-ciltsiz","8":"pa_tur-kitap","9":"pa_yayinevi-luna-yayinlari","10":"pa_yazar-esi-cakmakcioglu","12":"first","13":"instock","14":"sale","15":"shipping-taxable","16":"purchasable","17":"product-type-simple"},"_links":{"self":[{"href":"https:\/\/roveyayinevi.com.tr\/index.php\/wp-json\/wp\/v2\/product\/743403","targetHints":{"allow":["GET"]}}],"collection":[{"href":"https:\/\/roveyayinevi.com.tr\/index.php\/wp-json\/wp\/v2\/product"}],"about":[{"href":"https:\/\/roveyayinevi.com.tr\/index.php\/wp-json\/wp\/v2\/types\/product"}],"wp:attachment":[{"href":"https:\/\/roveyayinevi.com.tr\/index.php\/wp-json\/wp\/v2\/media?parent=743403"}],"wp:term":[{"taxonomy":"product_brand","embeddable":true,"href":"https:\/\/roveyayinevi.com.tr\/index.php\/wp-json\/wp\/v2\/product_brand?post=743403"},{"taxonomy":"product_cat","embeddable":true,"href":"https:\/\/roveyayinevi.com.tr\/index.php\/wp-json\/wp\/v2\/product_cat?post=743403"},{"taxonomy":"product_tag","embeddable":true,"href":"https:\/\/roveyayinevi.com.tr\/index.php\/wp-json\/wp\/v2\/product_tag?post=743403"}],"curies":[{"name":"wp","href":"https:\/\/api.w.org\/{rel}","templated":true}]}}