{"id":743402,"date":"2025-08-28T01:34:01","date_gmt":"2025-08-27T22:34:01","guid":{"rendered":"https:\/\/roveyayinevi.com.tr\/index.php\/urun\/mizgin\/"},"modified":"2026-04-16T02:54:44","modified_gmt":"2026-04-15T23:54:44","slug":"mizgin","status":"publish","type":"product","link":"https:\/\/roveyayinevi.com.tr\/index.php\/urun\/mizgin\/","title":{"rendered":"Mizgin"},"content":{"rendered":"<p>\u201cAl k\u0131z\u0131m, bu, soyumuzun onurlu emaneti. Bana Asi dedemden kald\u0131, \u015fimdi ben de sana veriyorum. Ona lay\u0131k olabilmek i\u00e7in \u00f6nce onurlu olmal\u0131s\u0131n, sonra insanlara ve do\u011faya sevgi ile yakla\u015fmal\u0131s\u0131n. Evet biliyorum, onurlu bir k\u0131zs\u0131n ve ayn\u0131 zamanda ak\u0131ll\u0131 bir k\u0131zs\u0131n. Ama bundan daha farkl\u0131 bir \u015fey i\u00e7in dedemin emanetini sana teslim ediyorum. Baz\u0131 insanlarda ak\u0131l vard\u0131r ama onur yoktur, baz\u0131lar\u0131nda da onur vard\u0131r ama ak\u0131l yoktur, baz\u0131lar\u0131nda ise hem ak\u0131l vard\u0131r hem de onur. Fakat bunlarla bitmiyor. \u00c7\u00fcnk\u00fc d\u00fcnyan\u0131n en g\u00fc\u00e7l\u00fc silah\u0131na sahip olmuyorlar bazen. Ama o g\u00fc\u00e7 sende fazlas\u0131yla var ve seni di\u011fer insanlardan ay\u0131ran da odur. O y\u00fczden seni se\u00e7tim, gelece\u011fe \u0131\u015f\u0131k tutacaks\u0131n, barbar ve medeniyetten uzak toplumlara insanl\u0131\u011f\u0131 \u00f6\u011fretmek i\u00e7in m\u00fccadele edeceksin.\u201d   Mehmet \u00c7allar, ilk roman\u0131 Mizgin\u2019de, bir yadig\u00e2r\u0131n izinde ailenin hayat \u00f6yk\u00fcs\u00fcn\u00fc konu al\u0131yor. \u0130ntikam, a\u015fk, t\u00f6re ve ihanet aras\u0131nda ge\u00e7en \u00e7alkant\u0131l\u0131 ya\u015fam \u00f6yk\u00fcs\u00fcnde ya\u015fananlar\u0131 okurken son sat\u0131rlara nas\u0131l geldi\u011finizi anlamayacaks\u0131n\u0131z! <\/p>\n","protected":false},"excerpt":{"rendered":"<p>\u201cAl k\u0131z\u0131m, bu, soyumuzun onurlu emaneti. Bana Asi dedemden kald\u0131, \u015fimdi ben de sana veriyorum. Ona lay\u0131k olabilmek i\u00e7in \u00f6nce onurlu olmal\u0131s\u0131n, sonra insanlara ve do\u011faya<span class=\"excerpt-hellip\"> [\u2026]<\/span><\/p>\n","protected":false},"featured_media":0,"template":"","meta":{"_monsterinsights_skip_tracking":false,"_monsterinsights_sitenote_active":false,"_monsterinsights_sitenote_note":"","_monsterinsights_sitenote_category":0},"product_brand":[],"product_cat":[12291,12711],"product_tag":[],"class_list":{"0":"post-743402","1":"product","2":"type-product","3":"status-publish","5":"product_cat-edebiyat","6":"product_cat-roman-oyku","7":"pa_cilt-ciltsiz","8":"pa_tur-kitap","9":"pa_yayinevi-luna-yayinlari","10":"pa_yazar-mehmet-callar","12":"first","13":"instock","14":"sale","15":"shipping-taxable","16":"purchasable","17":"product-type-simple"},"_links":{"self":[{"href":"https:\/\/roveyayinevi.com.tr\/index.php\/wp-json\/wp\/v2\/product\/743402","targetHints":{"allow":["GET"]}}],"collection":[{"href":"https:\/\/roveyayinevi.com.tr\/index.php\/wp-json\/wp\/v2\/product"}],"about":[{"href":"https:\/\/roveyayinevi.com.tr\/index.php\/wp-json\/wp\/v2\/types\/product"}],"wp:attachment":[{"href":"https:\/\/roveyayinevi.com.tr\/index.php\/wp-json\/wp\/v2\/media?parent=743402"}],"wp:term":[{"taxonomy":"product_brand","embeddable":true,"href":"https:\/\/roveyayinevi.com.tr\/index.php\/wp-json\/wp\/v2\/product_brand?post=743402"},{"taxonomy":"product_cat","embeddable":true,"href":"https:\/\/roveyayinevi.com.tr\/index.php\/wp-json\/wp\/v2\/product_cat?post=743402"},{"taxonomy":"product_tag","embeddable":true,"href":"https:\/\/roveyayinevi.com.tr\/index.php\/wp-json\/wp\/v2\/product_tag?post=743402"}],"curies":[{"name":"wp","href":"https:\/\/api.w.org\/{rel}","templated":true}]}}