{"id":743400,"date":"2025-08-28T01:33:58","date_gmt":"2025-08-27T22:33:58","guid":{"rendered":"https:\/\/roveyayinevi.com.tr\/index.php\/urun\/ay-perisi-luna\/"},"modified":"2026-04-16T02:54:44","modified_gmt":"2026-04-15T23:54:44","slug":"ay-perisi-luna","status":"publish","type":"product","link":"https:\/\/roveyayinevi.com.tr\/index.php\/urun\/ay-perisi-luna\/","title":{"rendered":"Ay Perisi Luna"},"content":{"rendered":"<p>G\u00fcnlerden bir g\u00fcn, tam da bug\u00fcn gecenin karanl\u0131\u011f\u0131nda yola \u00e7\u0131kar Ay Perisi Luna&#8230;  T\u0131ls\u0131ml\u0131 dolunay ayd\u0131nlatacakt\u0131r yolunu&#8230; \u0130yilik a\u015fk\u0131na dilenen t\u00fcm dilekler ger\u00e7ek ola&#8230;   Oysa daha d\u00fcn yaln\u0131zca bir kelebek k\u0131p\u0131rt\u0131s\u0131yd\u0131n karn\u0131mda\u2026 Sonra Z\u00fcmr\u00fcd\u00fcanka\u2019n\u0131n kanatlar\u0131n\u0131 a\u00e7\u0131\u015f\u0131 gibi destans\u0131, reng\u00e2renk ve mucizelerle dolu yeni bir ba\u015flang\u0131\u00e7 kap\u0131s\u0131ndan ge\u00e7tim seninle, senin kanatlar\u0131nda\u2026 Y\u00fcz\u00fcne her bak\u0131\u015f\u0131mda i\u00e7ime dolan o masals\u0131 ay \u0131\u015f\u0131\u011f\u0131 ayd\u0131nlats\u0131n yolunu minik k\u0131z\u0131m. Sana anlatt\u0131\u011f\u0131m bu masallar kadar masum ve sevgi dolu olsun yolun. Geceleri odam\u0131za dolan ay \u0131\u015f\u0131\u011f\u0131nda uykulara doland\u0131\u011f\u0131m\u0131z t\u00fcm bu masallar \u015fifa olsun ihtiyac\u0131 olanlara\u2026 Bir annenin ba\u015fka annelere \u00e7are aray\u0131\u015f\u0131d\u0131r bu masallar; \u00e7\u00fcnk\u00fc bir annenin yavrusuna bak\u0131\u015f\u0131na saplanan o \u00e7aresizli\u011fi de en iyi anneler anlar. Nefesim olduk\u00e7a anlataca\u011f\u0131m. Ben anlatt\u0131k\u00e7a, anneler okuduk\u00e7a nefes olacak\u2026 El veren t\u00fcm okuyuculara te\u015fekk\u00fcrler. Yolun a\u00e7\u0131k ola Ay Perisi Luna.      Ay Perisi Luna, SMA hastas\u0131 evlatlar\u0131m\u0131z i\u00e7in yola \u00e7\u0131km\u0131\u015ft\u0131r ve t\u00fcm geliri yazar\u0131 \u00d6zge \u00d6zder taraf\u0131ndan SMA hastas\u0131 bebeklere ba\u011f\u0131\u015flanacakt\u0131r. <\/p>\n","protected":false},"excerpt":{"rendered":"<p>G\u00fcnlerden bir g\u00fcn, tam da bug\u00fcn gecenin karanl\u0131\u011f\u0131nda yola \u00e7\u0131kar Ay Perisi Luna&#8230; T\u0131ls\u0131ml\u0131 dolunay ayd\u0131nlatacakt\u0131r yolunu&#8230; \u0130yilik a\u015fk\u0131na dilenen t\u00fcm dilekler ger\u00e7ek ola&#8230; Oysa daha<span class=\"excerpt-hellip\"> [\u2026]<\/span><\/p>\n","protected":false},"featured_media":0,"template":"","meta":{"_monsterinsights_skip_tracking":false,"_monsterinsights_sitenote_active":false,"_monsterinsights_sitenote_note":"","_monsterinsights_sitenote_category":0},"product_brand":[],"product_cat":[12274,12523],"product_tag":[],"class_list":{"0":"post-743400","1":"product","2":"type-product","3":"status-publish","5":"product_cat-cocuk-ve-genclik-kitaplari","6":"product_cat-masallar","7":"pa_cilt-ciltsiz","8":"pa_tur-kitap","9":"pa_yayinevi-indigo-cocuk","10":"pa_yazar-ozge-ozder","12":"first","13":"instock","14":"sale","15":"shipping-taxable","16":"purchasable","17":"product-type-simple"},"_links":{"self":[{"href":"https:\/\/roveyayinevi.com.tr\/index.php\/wp-json\/wp\/v2\/product\/743400","targetHints":{"allow":["GET"]}}],"collection":[{"href":"https:\/\/roveyayinevi.com.tr\/index.php\/wp-json\/wp\/v2\/product"}],"about":[{"href":"https:\/\/roveyayinevi.com.tr\/index.php\/wp-json\/wp\/v2\/types\/product"}],"wp:attachment":[{"href":"https:\/\/roveyayinevi.com.tr\/index.php\/wp-json\/wp\/v2\/media?parent=743400"}],"wp:term":[{"taxonomy":"product_brand","embeddable":true,"href":"https:\/\/roveyayinevi.com.tr\/index.php\/wp-json\/wp\/v2\/product_brand?post=743400"},{"taxonomy":"product_cat","embeddable":true,"href":"https:\/\/roveyayinevi.com.tr\/index.php\/wp-json\/wp\/v2\/product_cat?post=743400"},{"taxonomy":"product_tag","embeddable":true,"href":"https:\/\/roveyayinevi.com.tr\/index.php\/wp-json\/wp\/v2\/product_tag?post=743400"}],"curies":[{"name":"wp","href":"https:\/\/api.w.org\/{rel}","templated":true}]}}