{"id":743399,"date":"2025-08-28T01:33:57","date_gmt":"2025-08-27T22:33:57","guid":{"rendered":"https:\/\/roveyayinevi.com.tr\/index.php\/urun\/hayvanlar-nokta-birlestirme\/"},"modified":"2026-04-16T02:54:44","modified_gmt":"2026-04-15T23:54:44","slug":"hayvanlar-nokta-birlestirme","status":"publish","type":"product","link":"https:\/\/roveyayinevi.com.tr\/index.php\/urun\/hayvanlar-nokta-birlestirme\/","title":{"rendered":"Hayvanlar &#8211; Nokta Birle\u015ftirme"},"content":{"rendered":"<p>Say\u0131lar\u0131 takip et! Noktalar\u0131 birle\u015ftir! Boyamay\u0131 tamamla! Hayvan resimleriyle dolu bir e\u011flence! Haydi, 1\u2019den 10\u2019a kadar olan say\u0131lar\u0131 takip ederek noktalar\u0131 birle\u015ftir. \u015eekli tamamla ve boyamaya ba\u015fla! \u2022 Bili\u015fsel geli\u015fim\u2022 El-g\u00f6z koordinasyonu \u2022 \u0130nce motor beceriler\u2022 G\u00f6rsel alg\u0131 becerileri \u2022 Kalem tutma becerisi \u2022 Odaklanma \u2022 Yarat\u0131c\u0131 d\u00fc\u015f\u00fcnme <\/p>\n","protected":false},"excerpt":{"rendered":"<p>Say\u0131lar\u0131 takip et! Noktalar\u0131 birle\u015ftir! Boyamay\u0131 tamamla! Hayvan resimleriyle dolu bir e\u011flence! Haydi, 1\u2019den 10\u2019a kadar olan say\u0131lar\u0131 takip ederek noktalar\u0131 birle\u015ftir. \u015eekli tamamla ve boyamaya<span class=\"excerpt-hellip\"> [\u2026]<\/span><\/p>\n","protected":false},"featured_media":0,"template":"","meta":{"_monsterinsights_skip_tracking":false,"_monsterinsights_sitenote_active":false,"_monsterinsights_sitenote_note":"","_monsterinsights_sitenote_category":0},"product_brand":[],"product_cat":[12644,12274],"product_tag":[],"class_list":{"0":"post-743399","1":"product","2":"type-product","3":"status-publish","5":"product_cat-boyama-kitaplari","6":"product_cat-cocuk-ve-genclik-kitaplari","7":"pa_cilt-ciltsiz","8":"pa_tur-kitap","9":"pa_yayinevi-is-bankasi-kultur-yayinlari","10":"pa_yazar-kolektif","12":"first","13":"instock","14":"sale","15":"shipping-taxable","16":"purchasable","17":"product-type-simple"},"_links":{"self":[{"href":"https:\/\/roveyayinevi.com.tr\/index.php\/wp-json\/wp\/v2\/product\/743399","targetHints":{"allow":["GET"]}}],"collection":[{"href":"https:\/\/roveyayinevi.com.tr\/index.php\/wp-json\/wp\/v2\/product"}],"about":[{"href":"https:\/\/roveyayinevi.com.tr\/index.php\/wp-json\/wp\/v2\/types\/product"}],"wp:attachment":[{"href":"https:\/\/roveyayinevi.com.tr\/index.php\/wp-json\/wp\/v2\/media?parent=743399"}],"wp:term":[{"taxonomy":"product_brand","embeddable":true,"href":"https:\/\/roveyayinevi.com.tr\/index.php\/wp-json\/wp\/v2\/product_brand?post=743399"},{"taxonomy":"product_cat","embeddable":true,"href":"https:\/\/roveyayinevi.com.tr\/index.php\/wp-json\/wp\/v2\/product_cat?post=743399"},{"taxonomy":"product_tag","embeddable":true,"href":"https:\/\/roveyayinevi.com.tr\/index.php\/wp-json\/wp\/v2\/product_tag?post=743399"}],"curies":[{"name":"wp","href":"https:\/\/api.w.org\/{rel}","templated":true}]}}