{"id":743396,"date":"2025-08-28T01:33:53","date_gmt":"2025-08-27T22:33:53","guid":{"rendered":"https:\/\/roveyayinevi.com.tr\/index.php\/urun\/dinozor-didi-bir-top-buluyor\/"},"modified":"2026-04-16T02:54:44","modified_gmt":"2026-04-15T23:54:44","slug":"dinozor-didi-bir-top-buluyor","status":"publish","type":"product","link":"https:\/\/roveyayinevi.com.tr\/index.php\/urun\/dinozor-didi-bir-top-buluyor\/","title":{"rendered":"Dinozor Didi Bir Top Buluyor"},"content":{"rendered":"<p>Dinozor Didi, harika bir top buldu. Bunu g\u00f6ren di\u011fer dinozorlar, \u201cHadi oynayal\u0131m!\u201d dedi. Ama Didi, onlardan \u00e7ok k\u00fc\u00e7\u00fck. Hem k\u00fc\u00e7\u00fck hem g\u00fc\u00e7l\u00fc olunur mu? Dinozor Didi kitaplar\u0131, k\u0131sa c\u00fcmleleri ve yal\u0131n anlat\u0131m\u0131yla, okuma yolculu\u011funun ba\u015f\u0131ndaki \u00e7ocuklar i\u00e7in haz\u0131rland\u0131.. <\/p>\n","protected":false},"excerpt":{"rendered":"<p>Dinozor Didi, harika bir top buldu. Bunu g\u00f6ren di\u011fer dinozorlar, \u201cHadi oynayal\u0131m!\u201d dedi. Ama Didi, onlardan \u00e7ok k\u00fc\u00e7\u00fck. Hem k\u00fc\u00e7\u00fck hem g\u00fc\u00e7l\u00fc olunur mu? Dinozor Didi<span class=\"excerpt-hellip\"> [\u2026]<\/span><\/p>\n","protected":false},"featured_media":0,"template":"","meta":{"_monsterinsights_skip_tracking":false,"_monsterinsights_sitenote_active":false,"_monsterinsights_sitenote_note":"","_monsterinsights_sitenote_category":0},"product_brand":[],"product_cat":[12274,12518],"product_tag":[],"class_list":{"0":"post-743396","1":"product","2":"type-product","3":"status-publish","5":"product_cat-cocuk-ve-genclik-kitaplari","6":"product_cat-okul-oncesi-kitaplar","7":"pa_cilt-ciltsiz","8":"pa_tur-kitap","9":"pa_yayinevi-is-bankasi-kultur-yayinlari","10":"pa_yazar-gokce-ates-aytug","12":"first","13":"instock","14":"sale","15":"shipping-taxable","16":"purchasable","17":"product-type-simple"},"_links":{"self":[{"href":"https:\/\/roveyayinevi.com.tr\/index.php\/wp-json\/wp\/v2\/product\/743396","targetHints":{"allow":["GET"]}}],"collection":[{"href":"https:\/\/roveyayinevi.com.tr\/index.php\/wp-json\/wp\/v2\/product"}],"about":[{"href":"https:\/\/roveyayinevi.com.tr\/index.php\/wp-json\/wp\/v2\/types\/product"}],"wp:attachment":[{"href":"https:\/\/roveyayinevi.com.tr\/index.php\/wp-json\/wp\/v2\/media?parent=743396"}],"wp:term":[{"taxonomy":"product_brand","embeddable":true,"href":"https:\/\/roveyayinevi.com.tr\/index.php\/wp-json\/wp\/v2\/product_brand?post=743396"},{"taxonomy":"product_cat","embeddable":true,"href":"https:\/\/roveyayinevi.com.tr\/index.php\/wp-json\/wp\/v2\/product_cat?post=743396"},{"taxonomy":"product_tag","embeddable":true,"href":"https:\/\/roveyayinevi.com.tr\/index.php\/wp-json\/wp\/v2\/product_tag?post=743396"}],"curies":[{"name":"wp","href":"https:\/\/api.w.org\/{rel}","templated":true}]}}