{"id":743394,"date":"2025-08-28T01:33:51","date_gmt":"2025-08-27T22:33:51","guid":{"rendered":"https:\/\/roveyayinevi.com.tr\/index.php\/urun\/sofyanin-mantar-valsi\/"},"modified":"2026-04-16T02:54:43","modified_gmt":"2026-04-15T23:54:43","slug":"sofyanin-mantar-valsi","status":"publish","type":"product","link":"https:\/\/roveyayinevi.com.tr\/index.php\/urun\/sofyanin-mantar-valsi\/","title":{"rendered":"Sofya&#8217;n\u0131n Mantar Valsi"},"content":{"rendered":"<p>\u0130mparator Mantar\u0131, \u00d6l\u00fcms\u00fczl\u00fck Mantar\u0131, Yery\u0131ld\u0131z\u0131 Mantar\u0131, Peri K\u00e2secikleri, \u015eemsiye Mantar\u0131\u2026 Bitkilerin k\u00f6klerini birbirine ba\u011flayan, yer alt\u0131nda adeta bir haberci gibi g\u00f6rev yapan mantarlarla tan\u0131\u015fmak ister misin? Sofya, seni Alp Da\u011flar\u0131\u2019n\u0131n eteklerinde, r\u00fcya gibi bir ormana davet ediyor. Bu ormanda, bazen topaca, bazen \u015femsiyeye, bazen para\u015f\u00fcte, bazen ipek kadife bir pelerine benzeyen, birbirinden ilgin\u00e7 mantarlar\u0131 birlikte ke\u015ffedece\u011fiz. Ger\u00e7ek mantar t\u00fcrlerinin masals\u0131 bir anlat\u0131mla bulu\u015ftu\u011fu bu hik\u00e2ye ile mantarlar\u0131n muhte\u015fem d\u00fcnyas\u0131nda reng\u00e2renk bir yolculu\u011fa \u00e7\u0131kma zaman\u0131! <\/p>\n","protected":false},"excerpt":{"rendered":"<p>\u0130mparator Mantar\u0131, \u00d6l\u00fcms\u00fczl\u00fck Mantar\u0131, Yery\u0131ld\u0131z\u0131 Mantar\u0131, Peri K\u00e2secikleri, \u015eemsiye Mantar\u0131\u2026 Bitkilerin k\u00f6klerini birbirine ba\u011flayan, yer alt\u0131nda adeta bir haberci gibi g\u00f6rev yapan mantarlarla tan\u0131\u015fmak ister misin?<span class=\"excerpt-hellip\"> [\u2026]<\/span><\/p>\n","protected":false},"featured_media":0,"template":"","meta":{"_monsterinsights_skip_tracking":false,"_monsterinsights_sitenote_active":false,"_monsterinsights_sitenote_note":"","_monsterinsights_sitenote_category":0},"product_brand":[],"product_cat":[12274,12518],"product_tag":[],"class_list":{"0":"post-743394","1":"product","2":"type-product","3":"status-publish","5":"product_cat-cocuk-ve-genclik-kitaplari","6":"product_cat-okul-oncesi-kitaplar","7":"pa_cilt-ciltsiz","8":"pa_tur-kitap","9":"pa_yayinevi-is-bankasi-kultur-yayinlari","10":"pa_yazar-goknur-birincioglu","12":"first","13":"instock","14":"sale","15":"shipping-taxable","16":"purchasable","17":"product-type-simple"},"_links":{"self":[{"href":"https:\/\/roveyayinevi.com.tr\/index.php\/wp-json\/wp\/v2\/product\/743394","targetHints":{"allow":["GET"]}}],"collection":[{"href":"https:\/\/roveyayinevi.com.tr\/index.php\/wp-json\/wp\/v2\/product"}],"about":[{"href":"https:\/\/roveyayinevi.com.tr\/index.php\/wp-json\/wp\/v2\/types\/product"}],"wp:attachment":[{"href":"https:\/\/roveyayinevi.com.tr\/index.php\/wp-json\/wp\/v2\/media?parent=743394"}],"wp:term":[{"taxonomy":"product_brand","embeddable":true,"href":"https:\/\/roveyayinevi.com.tr\/index.php\/wp-json\/wp\/v2\/product_brand?post=743394"},{"taxonomy":"product_cat","embeddable":true,"href":"https:\/\/roveyayinevi.com.tr\/index.php\/wp-json\/wp\/v2\/product_cat?post=743394"},{"taxonomy":"product_tag","embeddable":true,"href":"https:\/\/roveyayinevi.com.tr\/index.php\/wp-json\/wp\/v2\/product_tag?post=743394"}],"curies":[{"name":"wp","href":"https:\/\/api.w.org\/{rel}","templated":true}]}}