{"id":743392,"date":"2025-08-28T01:33:48","date_gmt":"2025-08-27T22:33:48","guid":{"rendered":"https:\/\/roveyayinevi.com.tr\/index.php\/urun\/dunya-hadi-kesfedelim\/"},"modified":"2026-04-16T02:54:43","modified_gmt":"2026-04-15T23:54:43","slug":"dunya-hadi-kesfedelim","status":"publish","type":"product","link":"https:\/\/roveyayinevi.com.tr\/index.php\/urun\/dunya-hadi-kesfedelim\/","title":{"rendered":"D\u00fcnya &#8211; Hadi Ke\u015ffedelim!"},"content":{"rendered":"<p>\u00d6\u011frenmeyi kolayla\u015ft\u0131r\u0131c\u0131 resimler, kolay okunan e\u011flenceli tasar\u0131m ve temel bilgileri aktaran k\u0131sa metinlerle bilim \u00e7ok daha e\u011flenceli. \u00c7ocuklar\u0131n fen bilimlerine ilk ad\u0131mlar\u0131n\u0131 kolayla\u015ft\u0131rmak ve okulda \u00f6\u011frendiklerini peki\u015ftirmelerine yard\u0131m etmek amac\u0131yla haz\u0131rlanan bu kitap, birinci ve ikinci s\u0131n\u0131f konular\u0131n\u0131 i\u00e7ermektedir. <\/p>\n","protected":false},"excerpt":{"rendered":"<p>\u00d6\u011frenmeyi kolayla\u015ft\u0131r\u0131c\u0131 resimler, kolay okunan e\u011flenceli tasar\u0131m ve temel bilgileri aktaran k\u0131sa metinlerle bilim \u00e7ok daha e\u011flenceli. \u00c7ocuklar\u0131n fen bilimlerine ilk ad\u0131mlar\u0131n\u0131 kolayla\u015ft\u0131rmak ve okulda \u00f6\u011frendiklerini<span class=\"excerpt-hellip\"> [\u2026]<\/span><\/p>\n","protected":false},"featured_media":0,"template":"","meta":{"_monsterinsights_skip_tracking":false,"_monsterinsights_sitenote_active":false,"_monsterinsights_sitenote_note":"","_monsterinsights_sitenote_category":0},"product_brand":[],"product_cat":[13829,12274],"product_tag":[],"class_list":{"0":"post-743392","1":"product","2":"type-product","3":"status-publish","5":"product_cat-bilimsel-kitaplar","6":"product_cat-cocuk-ve-genclik-kitaplari","7":"pa_cilt-ciltsiz","8":"pa_tur-kitap","9":"pa_yayinevi-is-bankasi-kultur-yayinlari","10":"pa_yazar-claire-philip","12":"first","13":"instock","14":"sale","15":"shipping-taxable","16":"purchasable","17":"product-type-simple"},"_links":{"self":[{"href":"https:\/\/roveyayinevi.com.tr\/index.php\/wp-json\/wp\/v2\/product\/743392","targetHints":{"allow":["GET"]}}],"collection":[{"href":"https:\/\/roveyayinevi.com.tr\/index.php\/wp-json\/wp\/v2\/product"}],"about":[{"href":"https:\/\/roveyayinevi.com.tr\/index.php\/wp-json\/wp\/v2\/types\/product"}],"wp:attachment":[{"href":"https:\/\/roveyayinevi.com.tr\/index.php\/wp-json\/wp\/v2\/media?parent=743392"}],"wp:term":[{"taxonomy":"product_brand","embeddable":true,"href":"https:\/\/roveyayinevi.com.tr\/index.php\/wp-json\/wp\/v2\/product_brand?post=743392"},{"taxonomy":"product_cat","embeddable":true,"href":"https:\/\/roveyayinevi.com.tr\/index.php\/wp-json\/wp\/v2\/product_cat?post=743392"},{"taxonomy":"product_tag","embeddable":true,"href":"https:\/\/roveyayinevi.com.tr\/index.php\/wp-json\/wp\/v2\/product_tag?post=743392"}],"curies":[{"name":"wp","href":"https:\/\/api.w.org\/{rel}","templated":true}]}}