{"id":743391,"date":"2025-08-28T01:33:47","date_gmt":"2025-08-27T22:33:47","guid":{"rendered":"https:\/\/roveyayinevi.com.tr\/index.php\/urun\/her-seyi-sorgula\/"},"modified":"2026-04-16T02:54:43","modified_gmt":"2026-04-15T23:54:43","slug":"her-seyi-sorgula","status":"publish","type":"product","link":"https:\/\/roveyayinevi.com.tr\/index.php\/urun\/her-seyi-sorgula\/","title":{"rendered":"Her \u015eeyi Sorgula!"},"content":{"rendered":"<p>Bir bilgi ke\u015fmeke\u015fi i\u00e7inde ya\u015f\u0131yoruz. Her yerde bilgi ve haber bombard\u0131man\u0131 alt\u0131nday\u0131z. Sen de bize kat\u0131l ve temel ele\u015ftirel y\u00f6ntemleri, \u00e7\u00f6z\u00fcmleme yollar\u0131n\u0131 \u00f6\u011frenerek bu ke\u015fmeke\u015f i\u00e7inde yolunu bulmay\u0131 ba\u015far. KEND\u0130 AKLINI KULLANMAYI ve HER \u015eEY\u0130 SORGULAMAYI \u00f6\u011fren! YALAN HABERLERE \u0130NANMA!<\/p>\n","protected":false},"excerpt":{"rendered":"<p>Bir bilgi ke\u015fmeke\u015fi i\u00e7inde ya\u015f\u0131yoruz. Her yerde bilgi ve haber bombard\u0131man\u0131 alt\u0131nday\u0131z. Sen de bize kat\u0131l ve temel ele\u015ftirel y\u00f6ntemleri, \u00e7\u00f6z\u00fcmleme yollar\u0131n\u0131 \u00f6\u011frenerek bu ke\u015fmeke\u015f i\u00e7inde<span class=\"excerpt-hellip\"> [\u2026]<\/span><\/p>\n","protected":false},"featured_media":0,"template":"","meta":{"_monsterinsights_skip_tracking":false,"_monsterinsights_sitenote_active":false,"_monsterinsights_sitenote_note":"","_monsterinsights_sitenote_category":0},"product_brand":[],"product_cat":[13829,12274],"product_tag":[],"class_list":{"0":"post-743391","1":"product","2":"type-product","3":"status-publish","5":"product_cat-bilimsel-kitaplar","6":"product_cat-cocuk-ve-genclik-kitaplari","7":"pa_cilt-ciltsiz","8":"pa_tur-kitap","9":"pa_yayinevi-is-bankasi-kultur-yayinlari","10":"pa_yazar-susan-martineau","12":"first","13":"instock","14":"sale","15":"shipping-taxable","16":"purchasable","17":"product-type-simple"},"_links":{"self":[{"href":"https:\/\/roveyayinevi.com.tr\/index.php\/wp-json\/wp\/v2\/product\/743391","targetHints":{"allow":["GET"]}}],"collection":[{"href":"https:\/\/roveyayinevi.com.tr\/index.php\/wp-json\/wp\/v2\/product"}],"about":[{"href":"https:\/\/roveyayinevi.com.tr\/index.php\/wp-json\/wp\/v2\/types\/product"}],"wp:attachment":[{"href":"https:\/\/roveyayinevi.com.tr\/index.php\/wp-json\/wp\/v2\/media?parent=743391"}],"wp:term":[{"taxonomy":"product_brand","embeddable":true,"href":"https:\/\/roveyayinevi.com.tr\/index.php\/wp-json\/wp\/v2\/product_brand?post=743391"},{"taxonomy":"product_cat","embeddable":true,"href":"https:\/\/roveyayinevi.com.tr\/index.php\/wp-json\/wp\/v2\/product_cat?post=743391"},{"taxonomy":"product_tag","embeddable":true,"href":"https:\/\/roveyayinevi.com.tr\/index.php\/wp-json\/wp\/v2\/product_tag?post=743391"}],"curies":[{"name":"wp","href":"https:\/\/api.w.org\/{rel}","templated":true}]}}