{"id":743385,"date":"2025-08-28T01:33:39","date_gmt":"2025-08-27T22:33:39","guid":{"rendered":"https:\/\/roveyayinevi.com.tr\/index.php\/urun\/ay-demir\/"},"modified":"2026-04-16T02:54:43","modified_gmt":"2026-04-15T23:54:43","slug":"ay-demir","status":"publish","type":"product","link":"https:\/\/roveyayinevi.com.tr\/index.php\/urun\/ay-demir\/","title":{"rendered":"Ay Demir"},"content":{"rendered":"<p>Ay Demir roman\u0131, \u00c7arl\u0131k Rusyas\u0131 boyunduru\u011fu alt\u0131ndaki T\u00fcrkleri \u00f6zg\u00fcrle\u015ftirmek isteyen Demir\u2019in hik\u00e2yesini konu edinir. Turan idealiyle yola \u00e7\u0131kan Demir, oradaki T\u00fcrklerle karde\u015flik ba\u011f\u0131n\u0131 yeniden kurmak, onlar\u0131 ayd\u0131nlat\u0131p esaretten kurtarmak arzusunda bar\u0131\u015f\u00e7\u0131l ve mistik bir doktordur. \u00c7ekti\u011fi s\u0131k\u0131nt\u0131lara ra\u011fmen y\u0131lmayan bu idealist gencin m\u00fccadelesine adanm\u0131\u015fl\u0131\u011f\u0131n g\u00f6lgesinde ya\u015fanamayan, \u00fclk\u00fcye feda edilen ulvi bir a\u015fk da e\u015flik eder. \u00c7ocuklu\u011fu h\u00fcrriyetperver muhalif subaylar aras\u0131nda ge\u00e7en, ayd\u0131nlanma fikirleriyle yeti\u015ftirilen M\u00fcfide Ferit Tek\u2019in Birinci D\u00fcnya Sava\u015f\u0131 y\u0131llar\u0131nda, e\u015fiyle birlikte Sinop\u2019ta s\u00fcrg\u00fcndeyken, hen\u00fcz yirmi be\u015f ya\u015f\u0131nda yazd\u0131\u011f\u0131 ilk roman\u0131d\u0131r Ay Demir. Yaz\u0131ld\u0131\u011f\u0131 d\u00f6nem b\u00fcy\u00fck yank\u0131 uyand\u0131ran roman, Me\u015frutiyet\u2019in ilan\u0131ndan ba\u015flayarak Trablusgarp, Balkan ve Birinci D\u00fcnya sava\u015flar\u0131n\u0131n maddi ve manevi travmalar\u0131n\u0131 kat eden milli benlik in\u015fas\u0131 \u00e7abas\u0131n\u0131n en kritik on y\u0131l\u0131n\u0131 kapsar. <\/p>\n","protected":false},"excerpt":{"rendered":"<p>Ay Demir roman\u0131, \u00c7arl\u0131k Rusyas\u0131 boyunduru\u011fu alt\u0131ndaki T\u00fcrkleri \u00f6zg\u00fcrle\u015ftirmek isteyen Demir\u2019in hik\u00e2yesini konu edinir. Turan idealiyle yola \u00e7\u0131kan Demir, oradaki T\u00fcrklerle karde\u015flik ba\u011f\u0131n\u0131 yeniden kurmak, onlar\u0131<span class=\"excerpt-hellip\"> [\u2026]<\/span><\/p>\n","protected":false},"featured_media":0,"template":"","meta":{"_monsterinsights_skip_tracking":false,"_monsterinsights_sitenote_active":false,"_monsterinsights_sitenote_note":"","_monsterinsights_sitenote_category":0},"product_brand":[],"product_cat":[12291,12711],"product_tag":[],"class_list":{"0":"post-743385","1":"product","2":"type-product","3":"status-publish","5":"product_cat-edebiyat","6":"product_cat-roman-oyku","7":"pa_cilt-ciltsiz","8":"pa_tur-kitap","9":"pa_yayinevi-is-bankasi-kultur-yayinlari","10":"pa_yazar-mufide-ferit-tek","12":"first","13":"instock","14":"sale","15":"shipping-taxable","16":"purchasable","17":"product-type-simple"},"_links":{"self":[{"href":"https:\/\/roveyayinevi.com.tr\/index.php\/wp-json\/wp\/v2\/product\/743385","targetHints":{"allow":["GET"]}}],"collection":[{"href":"https:\/\/roveyayinevi.com.tr\/index.php\/wp-json\/wp\/v2\/product"}],"about":[{"href":"https:\/\/roveyayinevi.com.tr\/index.php\/wp-json\/wp\/v2\/types\/product"}],"wp:attachment":[{"href":"https:\/\/roveyayinevi.com.tr\/index.php\/wp-json\/wp\/v2\/media?parent=743385"}],"wp:term":[{"taxonomy":"product_brand","embeddable":true,"href":"https:\/\/roveyayinevi.com.tr\/index.php\/wp-json\/wp\/v2\/product_brand?post=743385"},{"taxonomy":"product_cat","embeddable":true,"href":"https:\/\/roveyayinevi.com.tr\/index.php\/wp-json\/wp\/v2\/product_cat?post=743385"},{"taxonomy":"product_tag","embeddable":true,"href":"https:\/\/roveyayinevi.com.tr\/index.php\/wp-json\/wp\/v2\/product_tag?post=743385"}],"curies":[{"name":"wp","href":"https:\/\/api.w.org\/{rel}","templated":true}]}}