{"id":743383,"date":"2025-08-28T01:33:36","date_gmt":"2025-08-27T22:33:36","guid":{"rendered":"https:\/\/roveyayinevi.com.tr\/index.php\/urun\/kissadan-hisse-2\/"},"modified":"2026-04-16T02:54:43","modified_gmt":"2026-04-15T23:54:43","slug":"kissadan-hisse-2","status":"publish","type":"product","link":"https:\/\/roveyayinevi.com.tr\/index.php\/urun\/kissadan-hisse-2\/","title":{"rendered":"K\u0131ssadan Hisse"},"content":{"rendered":"<p>14. y\u00fczy\u0131l. \u0130ngiltere\u2019de karlarla kapl\u0131 bir kasaba. Nicholas Barber ad\u0131nda firari bir papaz, yolda kar\u015f\u0131la\u015ft\u0131\u011f\u0131 gezici tiyatro kumpanyas\u0131na kat\u0131l\u0131r. Oyunlar\u0131n\u0131 sahnelemek \u00fczere vard\u0131klar\u0131 kasabada k\u00fc\u00e7\u00fck bir \u00e7ocu\u011fun \u00f6ld\u00fcr\u00fcld\u00fc\u011f\u00fcn\u00fc, cinayetle su\u00e7lanan gen\u00e7 k\u0131z\u0131n ise hapse at\u0131ld\u0131\u011f\u0131n\u0131 \u00f6\u011frenirler. Zaman\u0131n tiyatrosunun olmazsa olmaz\u0131 olan dini piyes gelene\u011fine ilk kez kar\u015f\u0131 gelerek, kasabal\u0131lar\u0131n dilinden d\u00fc\u015fmeyen bu cinayeti \u00e7\u00f6zmeye ve ortaya \u00e7\u0131karacaklar\u0131 ger\u00e7ekleri sahnelemeye karar verirler. Booker \u00d6d\u00fcl\u00fc sahibi Barry Unsworth, \u0130ngiltere\u2019nin k\u0131tl\u0131k ve veban\u0131n kol gezdi\u011fi en karanl\u0131k y\u0131llar\u0131n\u0131 konu alan bu roman\u0131nda tarihi ger\u00e7ekleri, tiyatro gelene\u011finin d\u00f6n\u00fc\u015f\u00fcm\u00fc ve polisiye gibi motiflerle harmanlayarak ahlak ve adalet kavramlar\u0131 \u00fczerine zamans\u0131z bir k\u0131ssadan hisse sunuyor okurlara. <\/p>\n","protected":false},"excerpt":{"rendered":"<p>14. y\u00fczy\u0131l. \u0130ngiltere\u2019de karlarla kapl\u0131 bir kasaba. Nicholas Barber ad\u0131nda firari bir papaz, yolda kar\u015f\u0131la\u015ft\u0131\u011f\u0131 gezici tiyatro kumpanyas\u0131na kat\u0131l\u0131r. Oyunlar\u0131n\u0131 sahnelemek \u00fczere vard\u0131klar\u0131 kasabada k\u00fc\u00e7\u00fck bir<span class=\"excerpt-hellip\"> [\u2026]<\/span><\/p>\n","protected":false},"featured_media":0,"template":"","meta":{"_monsterinsights_skip_tracking":false,"_monsterinsights_sitenote_active":false,"_monsterinsights_sitenote_note":"","_monsterinsights_sitenote_category":0},"product_brand":[],"product_cat":[12291,12711],"product_tag":[],"class_list":{"0":"post-743383","1":"product","2":"type-product","3":"status-publish","5":"product_cat-edebiyat","6":"product_cat-roman-oyku","7":"pa_cilt-ciltsiz","8":"pa_tur-kitap","9":"pa_yayinevi-is-bankasi-kultur-yayinlari","10":"pa_yazar-barry-unsworth","12":"first","13":"instock","14":"sale","15":"shipping-taxable","16":"purchasable","17":"product-type-simple"},"_links":{"self":[{"href":"https:\/\/roveyayinevi.com.tr\/index.php\/wp-json\/wp\/v2\/product\/743383","targetHints":{"allow":["GET"]}}],"collection":[{"href":"https:\/\/roveyayinevi.com.tr\/index.php\/wp-json\/wp\/v2\/product"}],"about":[{"href":"https:\/\/roveyayinevi.com.tr\/index.php\/wp-json\/wp\/v2\/types\/product"}],"wp:attachment":[{"href":"https:\/\/roveyayinevi.com.tr\/index.php\/wp-json\/wp\/v2\/media?parent=743383"}],"wp:term":[{"taxonomy":"product_brand","embeddable":true,"href":"https:\/\/roveyayinevi.com.tr\/index.php\/wp-json\/wp\/v2\/product_brand?post=743383"},{"taxonomy":"product_cat","embeddable":true,"href":"https:\/\/roveyayinevi.com.tr\/index.php\/wp-json\/wp\/v2\/product_cat?post=743383"},{"taxonomy":"product_tag","embeddable":true,"href":"https:\/\/roveyayinevi.com.tr\/index.php\/wp-json\/wp\/v2\/product_tag?post=743383"}],"curies":[{"name":"wp","href":"https:\/\/api.w.org\/{rel}","templated":true}]}}