{"id":743382,"date":"2025-08-28T01:33:35","date_gmt":"2025-08-27T22:33:35","guid":{"rendered":"https:\/\/roveyayinevi.com.tr\/index.php\/urun\/iyi-esler-sert-kapak-somizli\/"},"modified":"2026-04-16T02:54:43","modified_gmt":"2026-04-15T23:54:43","slug":"iyi-esler-sert-kapak-somizli","status":"publish","type":"product","link":"https:\/\/roveyayinevi.com.tr\/index.php\/urun\/iyi-esler-sert-kapak-somizli\/","title":{"rendered":"\u0130yi E\u015fler (Sert Kapak-\u015e\u00f6mizli)"},"content":{"rendered":"<p>K\u00fc\u00e7\u00fck Kad\u0131nlar\u2019\u0131n sonunda, yeni edindikleri tecr\u00fcbelerle birlikte sevgi dolu evlerinde b\u0131rakt\u0131\u011f\u0131m\u0131z March k\u0131zlar\u0131n\u0131n maceras\u0131 \u00fc\u00e7 y\u0131l sonra kald\u0131\u011f\u0131 yerden devam ediyor ve \u00e7ocukluktan kad\u0131nl\u0131\u011fa uzanan yolculuklar\u0131 d\u00f6nemin ekonomik ve toplumsal yap\u0131s\u0131yla i\u00e7 i\u00e7e ge\u00e7erek ilerliyor. 1869 y\u0131l\u0131nda yay\u0131mlanan \u0130yi E\u015fler, esas olarak k\u0131z karde\u015flerin yeni ili\u015fkiler kurmas\u0131na ve aile evinden ayr\u0131l\u0131\u015flar\u0131na odaklan\u0131r. D\u00f6rt karde\u015f b\u00fcy\u00fcy\u00fcp d\u00fcnyadaki yerlerini bulduk\u00e7a, March ailesi i\u00e7in i\u015fler de\u011fi\u015fmeye ba\u015flar. Meg kendisi ve John i\u00e7in iyi bir yuva kurmak isterken, Jo yazmak ve seyahat etmek arzusundad\u0131r; Amy sanat\u0131n\u0131 geli\u015ftirmeyi ve servet edinmeyi umar; Beth ise tekrar eski g\u00fczel g\u00fcnlerdeki gibi hissetmek ister. Bu arada Laurie de Jo\u2019nun istedi\u011fi gibi \u00fcniversiteye gider ve hayat\u0131n\u0131 d\u00fczene sokmaya \u00e7al\u0131\u015f\u0131r. Roman hem K\u00fc\u00e7\u00fck Kad\u0131nlar\u2019da ba\u015flayan hik\u00e2yenin devam\u0131 hem de Alcott\u2019\u0131n evlilik fikrine y\u00f6nelik tutumunun bir \u00f6zetidir. Gen\u00e7 kad\u0131nlar\u0131 sab\u0131r, sevgi ve merhamet gibi erdemlerle tasvir etse de d\u00f6nem itibar\u0131yla \u201cgeleneksel evlilik normlar\u0131yla\u201d m\u00fccadele etti\u011fi s\u00f6ylenebilir, Jo \u00f6zelindeyse okurun \u201cromantik ideallerini\u201d y\u0131kar. Ayr\u0131ca kad\u0131nlar\u0131n birey olarak var olu\u015flar\u0131n\u0131n ve meslek edinmelerinin \u00f6nemi de s\u0131k\u00e7a vurgulan\u0131r. <\/p>\n","protected":false},"excerpt":{"rendered":"<p>K\u00fc\u00e7\u00fck Kad\u0131nlar\u2019\u0131n sonunda, yeni edindikleri tecr\u00fcbelerle birlikte sevgi dolu evlerinde b\u0131rakt\u0131\u011f\u0131m\u0131z March k\u0131zlar\u0131n\u0131n maceras\u0131 \u00fc\u00e7 y\u0131l sonra kald\u0131\u011f\u0131 yerden devam ediyor ve \u00e7ocukluktan kad\u0131nl\u0131\u011fa uzanan yolculuklar\u0131<span class=\"excerpt-hellip\"> [\u2026]<\/span><\/p>\n","protected":false},"featured_media":0,"template":"","meta":{"_monsterinsights_skip_tracking":false,"_monsterinsights_sitenote_active":false,"_monsterinsights_sitenote_note":"","_monsterinsights_sitenote_category":0},"product_brand":[],"product_cat":[12291,12711],"product_tag":[],"class_list":{"0":"post-743382","1":"product","2":"type-product","3":"status-publish","5":"product_cat-edebiyat","6":"product_cat-roman-oyku","7":"pa_cilt-ciltli","8":"pa_tur-kitap","9":"pa_yayinevi-is-bankasi-kultur-yayinlari","10":"pa_yazar-louisa-may-alcott","12":"first","13":"instock","14":"sale","15":"shipping-taxable","16":"purchasable","17":"product-type-simple"},"_links":{"self":[{"href":"https:\/\/roveyayinevi.com.tr\/index.php\/wp-json\/wp\/v2\/product\/743382","targetHints":{"allow":["GET"]}}],"collection":[{"href":"https:\/\/roveyayinevi.com.tr\/index.php\/wp-json\/wp\/v2\/product"}],"about":[{"href":"https:\/\/roveyayinevi.com.tr\/index.php\/wp-json\/wp\/v2\/types\/product"}],"wp:attachment":[{"href":"https:\/\/roveyayinevi.com.tr\/index.php\/wp-json\/wp\/v2\/media?parent=743382"}],"wp:term":[{"taxonomy":"product_brand","embeddable":true,"href":"https:\/\/roveyayinevi.com.tr\/index.php\/wp-json\/wp\/v2\/product_brand?post=743382"},{"taxonomy":"product_cat","embeddable":true,"href":"https:\/\/roveyayinevi.com.tr\/index.php\/wp-json\/wp\/v2\/product_cat?post=743382"},{"taxonomy":"product_tag","embeddable":true,"href":"https:\/\/roveyayinevi.com.tr\/index.php\/wp-json\/wp\/v2\/product_tag?post=743382"}],"curies":[{"name":"wp","href":"https:\/\/api.w.org\/{rel}","templated":true}]}}