{"id":743378,"date":"2025-08-28T01:33:29","date_gmt":"2025-08-27T22:33:29","guid":{"rendered":"https:\/\/roveyayinevi.com.tr\/index.php\/urun\/babbitt\/"},"modified":"2026-04-16T02:54:43","modified_gmt":"2026-04-15T23:54:43","slug":"babbitt","status":"publish","type":"product","link":"https:\/\/roveyayinevi.com.tr\/index.php\/urun\/babbitt\/","title":{"rendered":"Babbitt"},"content":{"rendered":"<p>Babbitt, modern hayat\u0131n k\u0131s\u0131tlay\u0131c\u0131 mekanizmas\u0131 i\u00e7inde s\u0131k\u0131\u015f\u0131p kalm\u0131\u015f 20. y\u00fczy\u0131l insan\u0131n\u0131 anlatan en g\u00fc\u00e7l\u00fc yap\u0131tlardan biridir. Sinclair Lewis en b\u00fcy\u00fck edebi ba\u015far\u0131s\u0131 olarak kabul edilen 1922 tarihli bu roman\u0131nda, Amerikan toplumunu ve k\u00fclt\u00fcr\u00fcn\u00fc, orta s\u0131n\u0131f\u0131n ya\u015fam tarz\u0131n\u0131, insanlar\u0131 konformizme iten toplumsal bask\u0131y\u0131 hicveder. Babbitt\u2019in ba\u015flatt\u0131\u011f\u0131 tart\u0131\u015fma, yazar\u0131n 1930 y\u0131l\u0131nda Nobel Edebiyat \u00d6d\u00fcl\u00fc\u2019ne de\u011fer g\u00f6r\u00fclmesinde etkili olmu\u015ftur. George Babbitt k\u00e2rl\u0131 bir i\u015fi, toplumda sayg\u0131n bir yeri olan m\u00fckemmel bir yurtta\u015f ve kendinden fazlas\u0131yla ho\u015fnut bir i\u015fadam\u0131d\u0131r. Ait oldu\u011fu z\u00fcmrenin standartlar\u0131na uyum g\u00f6stermeye \u00e7al\u0131\u015f\u0131rken bireyselli\u011fini yitirir ve g\u00fcn\u00fcn birinde asl\u0131nda ufkunu daraltan son derece \u201cs\u0131n\u0131rl\u0131\u201d bir hayat s\u00fcrd\u00fc\u011f\u00fcn\u00fc fark eder. Lewis\u2019in as\u0131l miras\u0131, Amerikan toplumundaki \u00e7a\u011fr\u0131\u015f\u0131m\u0131 bug\u00fcn de s\u00fcren George Babbitt karakterini yaratmas\u0131d\u0131r. Zira bu roman\u0131yla \u0130ngilizceye \u201corta s\u0131n\u0131f\u0131n de\u011ferlerine ve standartlar\u0131na d\u00fc\u015f\u00fcnmeden uyum g\u00f6steren\u201d ki\u015fi anlam\u0131nda kullan\u0131lan \u201cBabbitt\u201d s\u00f6zc\u00fc\u011f\u00fcn\u00fc arma\u011fan etmi\u015ftir. Lewis romanda i\u015f d\u00fcnyas\u0131n\u0131n ve \u015fehirlerin geli\u015fmesinin istikrar\u0131n temeli olarak g\u00f6r\u00fcld\u00fc\u011f\u00fc, seri \u00fcretimin ba\u015flad\u0131\u011f\u0131 ve t\u00fcketim toplumunun ortaya \u00e7\u0131kt\u0131\u011f\u0131 bir ABD portresi ortaya koyar. <\/p>\n","protected":false},"excerpt":{"rendered":"<p>Babbitt, modern hayat\u0131n k\u0131s\u0131tlay\u0131c\u0131 mekanizmas\u0131 i\u00e7inde s\u0131k\u0131\u015f\u0131p kalm\u0131\u015f 20. y\u00fczy\u0131l insan\u0131n\u0131 anlatan en g\u00fc\u00e7l\u00fc yap\u0131tlardan biridir. Sinclair Lewis en b\u00fcy\u00fck edebi ba\u015far\u0131s\u0131 olarak kabul edilen 1922<span class=\"excerpt-hellip\"> [\u2026]<\/span><\/p>\n","protected":false},"featured_media":0,"template":"","meta":{"_monsterinsights_skip_tracking":false,"_monsterinsights_sitenote_active":false,"_monsterinsights_sitenote_note":"","_monsterinsights_sitenote_category":0},"product_brand":[],"product_cat":[12291,12711],"product_tag":[],"class_list":{"0":"post-743378","1":"product","2":"type-product","3":"status-publish","5":"product_cat-edebiyat","6":"product_cat-roman-oyku","7":"pa_cilt-ciltsiz","8":"pa_tur-kitap","9":"pa_yayinevi-is-bankasi-kultur-yayinlari","10":"pa_yazar-sinclair-lewis","12":"first","13":"instock","14":"sale","15":"shipping-taxable","16":"purchasable","17":"product-type-simple"},"_links":{"self":[{"href":"https:\/\/roveyayinevi.com.tr\/index.php\/wp-json\/wp\/v2\/product\/743378","targetHints":{"allow":["GET"]}}],"collection":[{"href":"https:\/\/roveyayinevi.com.tr\/index.php\/wp-json\/wp\/v2\/product"}],"about":[{"href":"https:\/\/roveyayinevi.com.tr\/index.php\/wp-json\/wp\/v2\/types\/product"}],"wp:attachment":[{"href":"https:\/\/roveyayinevi.com.tr\/index.php\/wp-json\/wp\/v2\/media?parent=743378"}],"wp:term":[{"taxonomy":"product_brand","embeddable":true,"href":"https:\/\/roveyayinevi.com.tr\/index.php\/wp-json\/wp\/v2\/product_brand?post=743378"},{"taxonomy":"product_cat","embeddable":true,"href":"https:\/\/roveyayinevi.com.tr\/index.php\/wp-json\/wp\/v2\/product_cat?post=743378"},{"taxonomy":"product_tag","embeddable":true,"href":"https:\/\/roveyayinevi.com.tr\/index.php\/wp-json\/wp\/v2\/product_tag?post=743378"}],"curies":[{"name":"wp","href":"https:\/\/api.w.org\/{rel}","templated":true}]}}