{"id":743374,"date":"2025-08-28T01:33:23","date_gmt":"2025-08-27T22:33:23","guid":{"rendered":"https:\/\/roveyayinevi.com.tr\/index.php\/urun\/hayalperestler-tiyatrosu\/"},"modified":"2026-04-16T02:54:43","modified_gmt":"2026-04-15T23:54:43","slug":"hayalperestler-tiyatrosu","status":"publish","type":"product","link":"https:\/\/roveyayinevi.com.tr\/index.php\/urun\/hayalperestler-tiyatrosu\/","title":{"rendered":"Hayalperestler Tiyatrosu"},"content":{"rendered":"<p>1960 y\u0131l\u0131. D\u00fcnya k\u00fclt\u00fcrel, siyasi, cinsel ve sanatsal devrimin k\u0131y\u0131lar\u0131nda dola\u015f\u0131yor. Bu s\u0131rada Yunanistan\u2019\u0131n Hydra Adas\u0131\u2019nda ise bamba\u015fka bir d\u00fcnya kuruluyor. Yazar Charmian Clift ile George Johnston\u2019\u0131n, nam\u0131 di\u011fer bohemin s\u0131k\u0131nt\u0131l\u0131 kral\u0131 ve krali\u00e7esinin gayri resmi liderli\u011finde hayatlar\u0131na devam eden \u015fairler, ressamlar ve m\u00fczisyenlerden olu\u015fan bir topluluk, hayal kurmaktan da hayallerini ya\u015famak i\u00e7in \u00e7abalamaktan da vazge\u00e7miyor. Bu uyumsuz sanat\u00e7\u0131 \u00e7emberinin tam ortas\u0131nda ise \u00fc\u00e7 ki\u015filik bir \u00fc\u00e7gen \u015fekilleniyor: karizmatik oldu\u011fu kadar esrarengiz yazar Axel Jensen, onun cazibeli kar\u0131s\u0131 Marianne Ihlen ve Kanadal\u0131 acemi \u015fair Leonard Cohen. Yak\u0131n zaman \u00f6nce annesini kaybeden on sekiz ya\u015f\u0131ndaki Erica, hem annesinin ya\u015fam\u0131na dair gizemleri \u00e7\u00f6zmek hem de ac\u0131s\u0131ndan ve babas\u0131ndan ka\u00e7\u0131p kafas\u0131n\u0131 da\u011f\u0131tmak arzusuyla yan\u0131na ald\u0131\u011f\u0131 bir tomar defterle Londra\u2019dan \u00e7\u0131kt\u0131\u011f\u0131 yolun sonunda kendisini bu grubunun ortas\u0131nda buluveriyor. Gelir gelmez de bu sanat\u00e7\u0131lar\u0131n aras\u0131nda her \u015feyin s\u0131nand\u0131\u011f\u0131 bir \u00fctopyaya dahil oluveriyor; sanat\u0131n, ili\u015fkilerin ve hatta kendi masumiyetinin de s\u0131nand\u0131\u011f\u0131&#8230; Hayalperestler Tiyatrosu, safl\u0131kla ac\u0131mas\u0131zl\u0131\u011f\u0131n, kaosla \u00fctopyan\u0131n, sanat\u00e7\u0131yla ilham perisinin aras\u0131ndaki g\u00fczelli\u011fin oldu\u011fu kadar kad\u0131nla erkek aras\u0131ndaki \u00e7at\u0131\u015fmalar\u0131n da muazzam g\u00fc\u00e7 g\u00f6sterisini sunuyor bize. Yunanistan\u2019\u0131n yaz s\u0131ca\u011f\u0131n\u0131n ate\u015fiyle hararetlenen roman Guardian\u2019a g\u00f6re hem \u201cmuazzam bir ka\u00e7\u0131\u015f roman\u0131\u201d hem de \u201cyaza damgas\u0131n\u0131 vuracak \u00e7ok sa\u011flam bir hik\u00e2ye\u201d. \u201cOla\u011fan\u00fcst\u00fc ve s\u00fcr\u00fckleyici&#8230; \u015eu an bir Yunan adas\u0131na gidip orada kaybolmay\u0131 diliyorsan\u0131z size hi\u00e7 d\u00fc\u015f\u00fcnmeden bu kitab\u0131 \u00f6neririm.\u201d Jojo Moyes, Senden \u00d6nce Ben kitab\u0131n\u0131n yazar\u0131 \u201cBu muhte\u015fem, \u0131\u015f\u0131k sa\u00e7an hik\u00e2yede kusursuz ge\u00e7en bir yaz\u0131n g\u00f6lgesinde kalacaks\u0131n\u0131z: Polly Samson\u2019\u0131n \u015fiirsel dili sizi unutulmaz bir g\u00fcne\u015f \u0131\u015f\u0131\u011f\u0131n\u0131n ve g\u00f6lgesinin alt\u0131nda b\u0131rak\u0131yor, hem kar\u015f\u0131 konulmaz hem de bir o kadar derin bir anlat\u0131.\u201d Amy Bloom, White Houses roman\u0131n\u0131n yazar\u0131 <\/p>\n","protected":false},"excerpt":{"rendered":"<p>1960 y\u0131l\u0131. D\u00fcnya k\u00fclt\u00fcrel, siyasi, cinsel ve sanatsal devrimin k\u0131y\u0131lar\u0131nda dola\u015f\u0131yor. Bu s\u0131rada Yunanistan\u2019\u0131n Hydra Adas\u0131\u2019nda ise bamba\u015fka bir d\u00fcnya kuruluyor. Yazar Charmian Clift ile George<span class=\"excerpt-hellip\"> [\u2026]<\/span><\/p>\n","protected":false},"featured_media":0,"template":"","meta":{"_monsterinsights_skip_tracking":false,"_monsterinsights_sitenote_active":false,"_monsterinsights_sitenote_note":"","_monsterinsights_sitenote_category":0},"product_brand":[],"product_cat":[12291,12711],"product_tag":[],"class_list":{"0":"post-743374","1":"product","2":"type-product","3":"status-publish","5":"product_cat-edebiyat","6":"product_cat-roman-oyku","7":"pa_cilt-ciltsiz","8":"pa_tur-kitap","9":"pa_yayinevi-dusbaz-kitaplar","10":"pa_yazar-polly-samson","12":"first","13":"instock","14":"sale","15":"shipping-taxable","16":"purchasable","17":"product-type-simple"},"_links":{"self":[{"href":"https:\/\/roveyayinevi.com.tr\/index.php\/wp-json\/wp\/v2\/product\/743374","targetHints":{"allow":["GET"]}}],"collection":[{"href":"https:\/\/roveyayinevi.com.tr\/index.php\/wp-json\/wp\/v2\/product"}],"about":[{"href":"https:\/\/roveyayinevi.com.tr\/index.php\/wp-json\/wp\/v2\/types\/product"}],"wp:attachment":[{"href":"https:\/\/roveyayinevi.com.tr\/index.php\/wp-json\/wp\/v2\/media?parent=743374"}],"wp:term":[{"taxonomy":"product_brand","embeddable":true,"href":"https:\/\/roveyayinevi.com.tr\/index.php\/wp-json\/wp\/v2\/product_brand?post=743374"},{"taxonomy":"product_cat","embeddable":true,"href":"https:\/\/roveyayinevi.com.tr\/index.php\/wp-json\/wp\/v2\/product_cat?post=743374"},{"taxonomy":"product_tag","embeddable":true,"href":"https:\/\/roveyayinevi.com.tr\/index.php\/wp-json\/wp\/v2\/product_tag?post=743374"}],"curies":[{"name":"wp","href":"https:\/\/api.w.org\/{rel}","templated":true}]}}