{"id":743371,"date":"2025-08-28T01:33:19","date_gmt":"2025-08-27T22:33:19","guid":{"rendered":"https:\/\/roveyayinevi.com.tr\/index.php\/urun\/etnometodolojide-arastirmalar\/"},"modified":"2026-04-16T02:54:43","modified_gmt":"2026-04-15T23:54:43","slug":"etnometodolojide-arastirmalar","status":"publish","type":"product","link":"https:\/\/roveyayinevi.com.tr\/index.php\/urun\/etnometodolojide-arastirmalar\/","title":{"rendered":"Etnometodolojide Ara\u015ft\u0131rmalar"},"content":{"rendered":"<p>Sosyal bilimlerde saha ara\u015ft\u0131rmalar\u0131, ara\u015ft\u0131rmac\u0131n\u0131n ki\u015fisel deneyimlerinden ayr\u0131 tutulamaz. Bu nedenle etnometodoloji her sosyal bilimcinin \u00fczerine en az bir kez d\u00fc\u015f\u00fcnd\u00fc\u011f\u00fc bir y\u00f6ntem olmal\u0131d\u0131r. Aron Gurwitsch ve Alfred Sch\u00fctz\u2019\u00fcn izlerini s\u00fcren Garfinkel, fenomenoloji gelene\u011finin geli\u015fiminde anahtar rol oynar. Elinizdeki kitap, sahadan \u00f6rnekler ve i\u00e7eriden deneyimleri kapsamas\u0131yla etnometodolojiyi anla\u015f\u0131l\u0131r k\u0131larak, bizi, g\u00f6z korkutan devasa bir metodolojik bo\u011fulmadan \u00e7\u0131kar\u0131yor. G\u00fcndelik hayat\u0131n ak\u0131\u015f\u0131 i\u00e7erisinde, \u00f6znenin kaotik toplumsal olaylar ve etkinlikler kar\u015f\u0131s\u0131nda \u00f6zg\u00fcr oldu\u011funu s\u00f6yleyen Garfinkel, fenomenolojinin sosyal in\u015fac\u0131l\u0131\u011f\u0131nda k\u0131r\u0131lma yaratarak, bizlere sosyolojik muhakemenin s\u0131n\u0131rlar\u0131n\u0131 ve temel kavramlar\u0131n\u0131 sunuyor.Etnometodolojide Ara\u015ft\u0131rmalar yay\u0131mlan\u0131r yay\u0131mlanmaz bir kl\u00e2sik h\u00e2line geldi. Kitab\u0131n geleneksel sosyal teorinin ve ara\u015ft\u0131rman\u0131n \u00f6nc\u00fcllerine meydan okuyan arg\u00fcman\u0131 hem b\u00fcy\u00fck \u00f6vg\u00fclerle kar\u015f\u0131land\u0131 hem de \u015fiddetli tart\u0131\u015fmalara yol a\u00e7t\u0131. Garfinkel\u2019in \u00f6nerdi\u011fi \u2013anlaml\u0131 toplumsal hayat\u0131n temelindeki do\u011fruluklar\u0131 sorgulanmayan pratikleri ortaya \u00e7\u0131karmak \u00fczere tasarlanm\u0131\u015f\u2013 \u00e7al\u0131\u015fmalar, sosyal bilime ve toplumsal de\u011fi\u015fime dair h\u00e2kim kavray\u0131\u015flar\u0131n de\u011fi\u015fmesini talep ediyordu\u2026 <\/p>\n","protected":false},"excerpt":{"rendered":"<p>Sosyal bilimlerde saha ara\u015ft\u0131rmalar\u0131, ara\u015ft\u0131rmac\u0131n\u0131n ki\u015fisel deneyimlerinden ayr\u0131 tutulamaz. Bu nedenle etnometodoloji her sosyal bilimcinin \u00fczerine en az bir kez d\u00fc\u015f\u00fcnd\u00fc\u011f\u00fc bir y\u00f6ntem olmal\u0131d\u0131r. Aron Gurwitsch<span class=\"excerpt-hellip\"> [\u2026]<\/span><\/p>\n","protected":false},"featured_media":0,"template":"","meta":{"_monsterinsights_skip_tracking":false,"_monsterinsights_sitenote_active":false,"_monsterinsights_sitenote_note":"","_monsterinsights_sitenote_category":0},"product_brand":[],"product_cat":[16038,12388],"product_tag":[],"class_list":{"0":"post-743371","1":"product","2":"type-product","3":"status-publish","5":"product_cat-arastirma-inceleme-referans-felsefe","6":"product_cat-felsefe","7":"pa_cilt-ciltsiz","8":"pa_tur-kitap","9":"pa_yayinevi-nika-yayinevi","10":"pa_yazar-harold-garfinkel","12":"first","13":"instock","14":"sale","15":"shipping-taxable","16":"purchasable","17":"product-type-simple"},"_links":{"self":[{"href":"https:\/\/roveyayinevi.com.tr\/index.php\/wp-json\/wp\/v2\/product\/743371","targetHints":{"allow":["GET"]}}],"collection":[{"href":"https:\/\/roveyayinevi.com.tr\/index.php\/wp-json\/wp\/v2\/product"}],"about":[{"href":"https:\/\/roveyayinevi.com.tr\/index.php\/wp-json\/wp\/v2\/types\/product"}],"wp:attachment":[{"href":"https:\/\/roveyayinevi.com.tr\/index.php\/wp-json\/wp\/v2\/media?parent=743371"}],"wp:term":[{"taxonomy":"product_brand","embeddable":true,"href":"https:\/\/roveyayinevi.com.tr\/index.php\/wp-json\/wp\/v2\/product_brand?post=743371"},{"taxonomy":"product_cat","embeddable":true,"href":"https:\/\/roveyayinevi.com.tr\/index.php\/wp-json\/wp\/v2\/product_cat?post=743371"},{"taxonomy":"product_tag","embeddable":true,"href":"https:\/\/roveyayinevi.com.tr\/index.php\/wp-json\/wp\/v2\/product_tag?post=743371"}],"curies":[{"name":"wp","href":"https:\/\/api.w.org\/{rel}","templated":true}]}}