{"id":743369,"date":"2025-08-28T01:33:17","date_gmt":"2025-08-27T22:33:17","guid":{"rendered":"https:\/\/roveyayinevi.com.tr\/index.php\/urun\/butun-siirleri-bez-ciltli\/"},"modified":"2026-04-16T02:54:43","modified_gmt":"2026-04-15T23:54:43","slug":"butun-siirleri-bez-ciltli","status":"publish","type":"product","link":"https:\/\/roveyayinevi.com.tr\/index.php\/urun\/butun-siirleri-bez-ciltli\/","title":{"rendered":"B\u00fct\u00fcn \u015eiirleri (Bez Ciltli)"},"content":{"rendered":"<p>Orhan Veli\u2019nin ilk kez 1951\u2019de yay\u0131mlanan B\u00fct\u00fcn \u015eiirleri\u2019nin bu \u00f6zel edisyonu, \u015fairin kitaplar\u0131nda ve dergilerde \u00e7\u0131kan t\u00fcm \u015fiirlerini kronolojik bir s\u0131ralamayla ve ilk bas\u0131mlar\u0131na sad\u0131k bir d\u00fczenlemeyle bir araya getiriyor.   Kitab\u0131 yay\u0131na haz\u0131rlayan Derya \u00d6nder\u2019in kaleme ald\u0131\u011f\u0131 giri\u015f yaz\u0131s\u0131, 1951-2021 y\u0131llar\u0131 aras\u0131nda Ya\u015far Nabi Nay\u0131r, As\u0131m Bezirci ve Memet Fuat\u2019\u0131n derlemeleriyle farkl\u0131 yay\u0131nevleri taraf\u0131ndan bas\u0131lan B\u00fct\u00fcn \u015eiirleri\u2019nin 70 y\u0131ll\u0131k yay\u0131n \u00f6yk\u00fcs\u00fcn\u00fc sunuyor. Kitab\u0131n sonunda yer alan hem ara\u015ft\u0131rmac\u0131lar\u0131n hem ilgili okurlar\u0131n kolayl\u0131kla yararlanabilece\u011fi her bir \u015fiir i\u00e7in d\u00fc\u015f\u00fclm\u00fc\u015f notlar ise edisyona ayr\u0131 bir zenginlik kat\u0131yor. Ayr\u0131ca kitapta Kaan Ba\u011fc\u0131\u2019n\u0131n Orhan Veli\u2019nin 15 \u015fiiri i\u00e7in \u00f6zel olarak \u00e7izdi\u011fi ill\u00fcstrasyonlar yer al\u0131yor.    \u00d6zenle haz\u0131rlanan bu edisyonun Orhan Veli \u015firinin gelecekte de okunmas\u0131na katk\u0131 sunaca\u011f\u0131na inan\u0131yoruz.<\/p>\n","protected":false},"excerpt":{"rendered":"<p>Orhan Veli\u2019nin ilk kez 1951\u2019de yay\u0131mlanan B\u00fct\u00fcn \u015eiirleri\u2019nin bu \u00f6zel edisyonu, \u015fairin kitaplar\u0131nda ve dergilerde \u00e7\u0131kan t\u00fcm \u015fiirlerini kronolojik bir s\u0131ralamayla ve ilk bas\u0131mlar\u0131na sad\u0131k bir<span class=\"excerpt-hellip\"> [\u2026]<\/span><\/p>\n","protected":false},"featured_media":0,"template":"","meta":{"_monsterinsights_skip_tracking":false,"_monsterinsights_sitenote_active":false,"_monsterinsights_sitenote_note":"","_monsterinsights_sitenote_category":0},"product_brand":[],"product_cat":[12291,12509],"product_tag":[],"class_list":{"0":"post-743369","1":"product","2":"type-product","3":"status-publish","5":"product_cat-edebiyat","6":"product_cat-siir","7":"pa_cilt-ciltli","8":"pa_tur-kitap","9":"pa_yayinevi-koridor-yayincilik","10":"pa_yazar-orhan-veli","12":"first","13":"instock","14":"sale","15":"shipping-taxable","16":"purchasable","17":"product-type-simple"},"_links":{"self":[{"href":"https:\/\/roveyayinevi.com.tr\/index.php\/wp-json\/wp\/v2\/product\/743369","targetHints":{"allow":["GET"]}}],"collection":[{"href":"https:\/\/roveyayinevi.com.tr\/index.php\/wp-json\/wp\/v2\/product"}],"about":[{"href":"https:\/\/roveyayinevi.com.tr\/index.php\/wp-json\/wp\/v2\/types\/product"}],"wp:attachment":[{"href":"https:\/\/roveyayinevi.com.tr\/index.php\/wp-json\/wp\/v2\/media?parent=743369"}],"wp:term":[{"taxonomy":"product_brand","embeddable":true,"href":"https:\/\/roveyayinevi.com.tr\/index.php\/wp-json\/wp\/v2\/product_brand?post=743369"},{"taxonomy":"product_cat","embeddable":true,"href":"https:\/\/roveyayinevi.com.tr\/index.php\/wp-json\/wp\/v2\/product_cat?post=743369"},{"taxonomy":"product_tag","embeddable":true,"href":"https:\/\/roveyayinevi.com.tr\/index.php\/wp-json\/wp\/v2\/product_tag?post=743369"}],"curies":[{"name":"wp","href":"https:\/\/api.w.org\/{rel}","templated":true}]}}