{"id":743367,"date":"2025-08-28T01:33:14","date_gmt":"2025-08-27T22:33:14","guid":{"rendered":"https:\/\/roveyayinevi.com.tr\/index.php\/urun\/esmerim-abre\/"},"modified":"2026-04-16T02:54:42","modified_gmt":"2026-04-15T23:54:42","slug":"esmerim-abre","status":"publish","type":"product","link":"https:\/\/roveyayinevi.com.tr\/index.php\/urun\/esmerim-abre\/","title":{"rendered":"Esmerim &#8211; Abre"},"content":{"rendered":"<p>Sevday\u0131 payla\u015ft\u0131\u011f\u0131m\u0131z gibi ac\u0131y\u0131 da payla\u015fmay\u0131 \u00f6\u011frenme vakti\u2026Yapt\u0131\u011f\u0131m\u0131z her se\u00e7imin bir sonucu vard\u0131r. Berg\u00fczar da bir se\u00e7im yapm\u0131\u015f, bunun sonucu g\u00f6zya\u015f\u0131, vicdan azab\u0131 ve pi\u015fmanl\u0131k olmu\u015ftu. Hayat\u0131 da\u011f\u0131lman\u0131n e\u015fi\u011fine gelmi\u015fti.O da\u011f\u0131n\u0131kl\u0131\u011f\u0131n i\u00e7inde k\u0131rg\u0131n kalbiyle, y\u00fcre\u011fini kavuran \u00f6fkesiyle, akl\u0131nda durmaks\u0131z\u0131n d\u00f6nen &#8216;Neden?&#8217; sorusuyla kalan Alparslan ise kendi s\u0131nav\u0131n\u0131n ba\u015flamak \u00fczere oldu\u011fundan habersizdi.K\u0131zd\u0131\u011f\u0131, k\u0131r\u0131ld\u0131\u011f\u0131 her \u015fey zaman i\u00e7inde kendi s\u0131nav\u0131 olacakt\u0131. K\u0131nad\u0131\u011f\u0131 yerden s\u0131nanacakt\u0131. Berg\u00fczar&#8217;la ayn\u0131 duruma d\u00fc\u015f\u00fcp, ayn\u0131 duygular\u0131 payla\u015f\u0131nca anlayacakt\u0131 b\u00fcy\u00fck konu\u015fmamak gerekti\u011fini. Hayat\u0131n daima s\u00fcrprizlerle dolu oldu\u011funu ve bu s\u00fcrprizlerin her zaman g\u00fczellikler getirmedi\u011fini. \u0130nsan\u0131n ald\u0131\u011f\u0131 ya\u015fla de\u011fil, ya\u015fad\u0131klar\u0131yla deneyim kazand\u0131\u011f\u0131n\u0131 ve olgunla\u015ft\u0131\u011f\u0131n\u0131 \u00f6\u011frenecekti. Bunu \u00f6\u011frenirken nice yollar y\u00fcr\u00fcyecek, o yollarda y\u00fcreklerine batan dikenlerle m\u00fccadele edeceklerdi.Sevdan\u0131n yolu her zaman \u00e7i\u00e7ekli bah\u00e7elerden ge\u00e7mez. A\u015fkta maharet, dikenlerin aras\u0131ndaki \u00e7i\u00e7ekleri g\u00f6rebilmektir.<\/p>\n","protected":false},"excerpt":{"rendered":"<p>Sevday\u0131 payla\u015ft\u0131\u011f\u0131m\u0131z gibi ac\u0131y\u0131 da payla\u015fmay\u0131 \u00f6\u011frenme vakti\u2026Yapt\u0131\u011f\u0131m\u0131z her se\u00e7imin bir sonucu vard\u0131r. Berg\u00fczar da bir se\u00e7im yapm\u0131\u015f, bunun sonucu g\u00f6zya\u015f\u0131, vicdan azab\u0131 ve pi\u015fmanl\u0131k olmu\u015ftu.<span class=\"excerpt-hellip\"> [\u2026]<\/span><\/p>\n","protected":false},"featured_media":0,"template":"","meta":{"_monsterinsights_skip_tracking":false,"_monsterinsights_sitenote_active":false,"_monsterinsights_sitenote_note":"","_monsterinsights_sitenote_category":0},"product_brand":[],"product_cat":[12291,12711],"product_tag":[],"class_list":{"0":"post-743367","1":"product","2":"type-product","3":"status-publish","5":"product_cat-edebiyat","6":"product_cat-roman-oyku","7":"pa_cilt-ciltsiz","8":"pa_tur-kitap","9":"pa_yayinevi-muptela-yayinevi","10":"pa_yazar-aslihan-gungor","12":"first","13":"instock","14":"sale","15":"shipping-taxable","16":"purchasable","17":"product-type-simple"},"_links":{"self":[{"href":"https:\/\/roveyayinevi.com.tr\/index.php\/wp-json\/wp\/v2\/product\/743367","targetHints":{"allow":["GET"]}}],"collection":[{"href":"https:\/\/roveyayinevi.com.tr\/index.php\/wp-json\/wp\/v2\/product"}],"about":[{"href":"https:\/\/roveyayinevi.com.tr\/index.php\/wp-json\/wp\/v2\/types\/product"}],"wp:attachment":[{"href":"https:\/\/roveyayinevi.com.tr\/index.php\/wp-json\/wp\/v2\/media?parent=743367"}],"wp:term":[{"taxonomy":"product_brand","embeddable":true,"href":"https:\/\/roveyayinevi.com.tr\/index.php\/wp-json\/wp\/v2\/product_brand?post=743367"},{"taxonomy":"product_cat","embeddable":true,"href":"https:\/\/roveyayinevi.com.tr\/index.php\/wp-json\/wp\/v2\/product_cat?post=743367"},{"taxonomy":"product_tag","embeddable":true,"href":"https:\/\/roveyayinevi.com.tr\/index.php\/wp-json\/wp\/v2\/product_tag?post=743367"}],"curies":[{"name":"wp","href":"https:\/\/api.w.org\/{rel}","templated":true}]}}