{"id":743365,"date":"2025-08-28T01:33:10","date_gmt":"2025-08-27T22:33:10","guid":{"rendered":"https:\/\/roveyayinevi.com.tr\/index.php\/urun\/oksuz-firin\/"},"modified":"2026-04-16T02:54:42","modified_gmt":"2026-04-15T23:54:42","slug":"oksuz-firin","status":"publish","type":"product","link":"https:\/\/roveyayinevi.com.tr\/index.php\/urun\/oksuz-firin\/","title":{"rendered":"\u00d6ks\u00fcz F\u0131r\u0131n"},"content":{"rendered":"<p>HAVA SAAT\u0130, \u201cSAAT\u0130 BI\u00c7AK GE\u00c7\u0130YOR,\u201d DED\u0130. BEN DE BABAMI KUL\u00dcBEYE Z\u0130NC\u0130RLED\u0130M.Scarper Lee\u2019nin d\u00fcnyas\u0131nda anne babalar \u00e7ocuk yapm\u0131yor \u2013 \u00e7ocuklar anne babalar\u0131n\u0131 yap\u0131yorlar. Scarper\u2019\u0131n babas\u0131 onun i\u00e7in gurur kayna\u011f\u0131 ve kendisi pirin\u00e7ten yap\u0131lma bir gere\u00e7, annesi ise bakalit bir sa\u00e7 kurutma makinesi. Bu tuhaf d\u00fcnyada g\u00f6kten b\u0131\u00e7aklar ya\u011f\u0131yor ve ev aletlerinin ruhlar\u0131 var. Ayr\u0131ca insanlar do\u011fumg\u00fcnlerini de\u011fil \u00f6l\u00fcmg\u00fcnlerini biliyorlar.Lise \u00f6\u011frencisi Scarper\u2019\u0131n \u00f6n\u00fcnde \u00fc\u00e7 haftas\u0131 var. \u00d6l\u00fcmg\u00fcn\u00fc yakla\u015f\u0131rken s\u0131k\u0131c\u0131 hayat\u0131ndan vazge\u00e7mek ve bilinmeze at\u0131lmak zorunda kalacak; dostlar\u0131yla olan ba\u011flar\u0131 s\u0131nanacak ve bu karanl\u0131k d\u00fcnyadaki otoriteye \u00e7aresizce ba\u015f kald\u0131racaklar.Bu rahats\u0131z edici ve \u00f6zg\u00fcn b\u00fcy\u00fcme hik\u00e2yesinde Rob Davis, \u00e7arp\u0131k bir gen\u00e7lik manzaras\u0131n\u0131 ve asl\u0131nda bizimkinden \u00e7ok da farkl\u0131 olmayan bir d\u00fcnyay\u0131 resmediyor.\u201c\u0130nan\u0131lmaz bir t\u0131n\u0131s\u0131 ve mutlak, esrarengiz g\u00fczelli\u011fi olan bir grafik roman; ayni anda hem bir b\u00fcy\u00fcme hem de ba\u015fa \u00e7\u0131kma \u00f6yk\u00fcs\u00fc.\u201d \u2013The Library Journal\u201cTuhaf d\u00fcnyas\u0131 sizi i\u00e7ine al\u0131yor ve karakterleri ilginizi \u00e7ekiyor, hem d\u00fcnya hem karakterler o kadar canl\u0131 ki ortaya ola\u011fan\u00fcst\u00fc bir i\u015f \u00e7\u0131k\u0131yor.\u201d \u2013SFX\u201cYeniliklerle dolup ta\u015f\u0131yor. Davis okul maceras\u0131 masal\u0131n\u0131 alt\u00fcst edip derinle\u015ftirerek insan\u0131n kaderinden ka\u00e7\u0131p ka\u00e7amayaca\u011f\u0131n\u0131 soruyor.\u201d \u2013The Independent<\/p>\n","protected":false},"excerpt":{"rendered":"<p>HAVA SAAT\u0130, \u201cSAAT\u0130 BI\u00c7AK GE\u00c7\u0130YOR,\u201d DED\u0130. BEN DE BABAMI KUL\u00dcBEYE Z\u0130NC\u0130RLED\u0130M.Scarper Lee\u2019nin d\u00fcnyas\u0131nda anne babalar \u00e7ocuk yapm\u0131yor \u2013 \u00e7ocuklar anne babalar\u0131n\u0131 yap\u0131yorlar. Scarper\u2019\u0131n babas\u0131 onun i\u00e7in<span class=\"excerpt-hellip\"> [\u2026]<\/span><\/p>\n","protected":false},"featured_media":0,"template":"","meta":{"_monsterinsights_skip_tracking":false,"_monsterinsights_sitenote_active":false,"_monsterinsights_sitenote_note":"","_monsterinsights_sitenote_category":0},"product_brand":[],"product_cat":[12689,12274],"product_tag":[],"class_list":{"0":"post-743365","1":"product","2":"type-product","3":"status-publish","5":"product_cat-cizgi-roman-cocuk-ve-genclik-kitaplari","6":"product_cat-cocuk-ve-genclik-kitaplari","7":"pa_cilt-ciltsiz","8":"pa_tur-kitap","9":"pa_yayinevi-ithaki-yayinlari","10":"pa_yazar-rob-davis","12":"first","13":"instock","14":"sale","15":"shipping-taxable","16":"purchasable","17":"product-type-simple"},"_links":{"self":[{"href":"https:\/\/roveyayinevi.com.tr\/index.php\/wp-json\/wp\/v2\/product\/743365","targetHints":{"allow":["GET"]}}],"collection":[{"href":"https:\/\/roveyayinevi.com.tr\/index.php\/wp-json\/wp\/v2\/product"}],"about":[{"href":"https:\/\/roveyayinevi.com.tr\/index.php\/wp-json\/wp\/v2\/types\/product"}],"wp:attachment":[{"href":"https:\/\/roveyayinevi.com.tr\/index.php\/wp-json\/wp\/v2\/media?parent=743365"}],"wp:term":[{"taxonomy":"product_brand","embeddable":true,"href":"https:\/\/roveyayinevi.com.tr\/index.php\/wp-json\/wp\/v2\/product_brand?post=743365"},{"taxonomy":"product_cat","embeddable":true,"href":"https:\/\/roveyayinevi.com.tr\/index.php\/wp-json\/wp\/v2\/product_cat?post=743365"},{"taxonomy":"product_tag","embeddable":true,"href":"https:\/\/roveyayinevi.com.tr\/index.php\/wp-json\/wp\/v2\/product_tag?post=743365"}],"curies":[{"name":"wp","href":"https:\/\/api.w.org\/{rel}","templated":true}]}}